{"id":74,"date":"2016-08-29T22:32:01","date_gmt":"2016-08-29T21:32:01","guid":{"rendered":"https:\/\/dgd.es\/?page_id=74"},"modified":"2024-10-15T09:53:56","modified_gmt":"2024-10-15T08:53:56","slug":"maintenance","status":"publish","type":"page","link":"https:\/\/gdes.com\/wind\/fr\/maintenance\/","title":{"rendered":"Maintenance et  inspections"},"content":{"rendered":"<p>L&rsquo;objectif est d\u2019optimiser l&rsquo;entretien des pales, de minimiser les co\u00fbts du cycle de vie et de permettre une meilleure production d&rsquo;\u00e9nergie.&nbsp;<b>GDES Wind <\/b>poss\u00e8de une vaste exp\u00e9rience et la capacit\u00e9 de g\u00e9rer n&rsquo;importe quel type de dispositif de levage auxiliaire, et nos techniciens ont les certifications requises pour effectuer des travaux en hauteur dont les travaux de cordiste.<\/p>\n<h3>&nbsp;<\/h3>\n<h4 style=\"text-align: center;\">Sites de r\u00e9paration et de fabrication de GDES Wind en Espagne<\/h4>\n<hr>\n\n<table style=\"width: 100%; border-collapse: collapse; border-style: hidden;\" border=\"1\">\n<tbody>\n<tr style=\"height: 458px;\">\n<td style=\"width: 50%; height: 458px;\">\n<h4 style=\"text-align: left; padding-left: 80px;\"><strong>Pontes de Garc\u00eda Rodr\u00edguez, Galicia<\/strong><\/h4>\n<h4>&nbsp;<\/h4>\n<h4 style=\"padding-left: 70px;\">Extension de 15.000 m2&nbsp;<\/h4>\n<h4 style=\"padding-left: 70px;\">Atelier de 3.200 m2&nbsp;<\/h4>\n<h4 style=\"padding-left: 70px;\"><span style=\"font-family: inherit; font-size: inherit;\">Enti\u00e8rement \u00e9quip\u00e9s et climatis\u00e9<\/span><\/h4>\n<h4 style=\"padding-left: 70px;\">4 grues roulantes<\/h4>\n<h4 style=\"padding-left: 70px;\">Directement connect\u00e9 avec AG-64<\/h4>\n<h4 style=\"padding-left: 70px;\">30 minutes du port de Ferrol et 550 minutes de l&rsquo;a\u00e9roport de La Corogne ou de Santiago<\/h4>\n<\/td>\n<td style=\"width: 50%; height: 458px;\">\n<h4 style=\"text-align: left; padding-left: 120px;\"><strong>Albacete<\/strong><\/h4>\n<h4>&nbsp;<\/h4>\n<h4 style=\"padding-left: 110px;\">Extension de 1.200 m2&nbsp;<\/h4>\n<h4 style=\"padding-left: 110px;\">Atelier de 800 m2&nbsp;<\/h4>\n<h4 style=\"padding-left: 110px;\"><span style=\"font-family: inherit; font-size: inherit;\">2&nbsp; 10 t. <\/span>grues roulantes<\/h4>\n<h4 style=\"padding-left: 110px;\">Directement connect\u00e9 avec A-31<\/h4>\n<h4 style=\"padding-left: 110px;\">A moins de 10 minutes d&rsquo;Albacete&nbsp;<\/h4>\n<p>&nbsp;<\/td>\n<\/tr>\n<\/tbody>\n<\/table>\n<p>&nbsp;<\/p>\n<h4 style=\"text-align: center;\">Nos principaux services de maintenance et d&rsquo;inspection :<\/h4>\n<hr>\n<h4 style=\"text-align: left;\">&nbsp;<\/h4>\n<p><img decoding=\"async\" class=\"wp-image-4058 size-full alignright\" src=\"https:\/\/gdes.com\/wind\/wp-content\/uploads\/sites\/10\/2021\/01\/GDES-WIND-logweb.png\" alt=\"\" width=\"202\" height=\"40\"><\/p>\n<p>&nbsp;<\/p>\n<p>&nbsp;<\/p>\n<table style=\"height: 297px; border-style: hidden; width: 1020px;\" width=\"1013\">\n<tbody>\n<tr style=\"height: 23px;\">\n<td style=\"width: 1012.39px; height: 23px;\"><strong>Inspections pendant le processus de production<\/strong><\/td>\n<\/tr>\n<tr style=\"height: 24px;\">\n<td style=\"width: 1012.39px; height: 24px;\"><strong>Inspections avant l&rsquo;assemblage<\/strong><\/td>\n<\/tr>\n<tr style=\"height: 24px;\">\n<td style=\"width: 1012.39px; height: 24px;\"><strong>Inspections sur le terrain, \u00e0 partir du sol au moyen de t\u00e9lescopes<\/strong><\/td>\n<\/tr>\n<tr style=\"height: 24px;\">\n<td style=\"width: 1012.39px; height: 24px;\"><strong>Inspections externes et internes en hauteur<\/strong><\/td>\n<\/tr>\n<tr style=\"height: 24px;\">\n<td style=\"width: 1012.39px; height: 24px;\"><strong>Thermographie<\/strong><\/td>\n<\/tr>\n<tr>\n<td style=\"width: 1012.39px;\"><strong>R\u00e9parations sur le terrain<\/strong><strong><br \/>\n<\/strong><\/td>\n<\/tr>\n<tr>\n<td style=\"width: 1012.39px;\"><strong>R\u00e9parations dans l&rsquo;usine<\/strong><\/td>\n<\/tr>\n<tr>\n<td style=\"width: 1012.39px;\"><strong>Fourniture de mat\u00e9riaux et pi\u00e8ces<\/strong><\/td>\n<\/tr>\n<tr style=\"height: 24px;\">\n<td style=\"width: 1012.39px; height: 24px;\"><strong>Ultrasons (standard et phased-array)<\/strong><\/td>\n<\/tr>\n<\/tbody>\n<\/table>\n<p>&nbsp;<\/p>\n<p style=\"text-align: center;\">&nbsp;<\/p>\n<h4 style=\"text-align: center;\"><a class=\"fasc-button fasc-size-large fasc-type-flat ico-fa fasc-ico-before fa-cloud-download\" style=\"background-color: #5ca2df; color: #ffffff;\" rel=\"nofollow\" href=\"https:\/\/gdes.com\/wind\/wp-content\/uploads\/sites\/10\/2021\/05\/Folleto-wind-.red-2021-FR.pdf\">T\u00e9l\u00e9charger le dossier d&rsquo;information<\/a><\/h4>\n<p>&nbsp;<\/p>","protected":false},"excerpt":{"rendered":"<p>L&rsquo;objectif est d\u2019optimiser l&rsquo;entretien des pales, de minimiser les co\u00fbts du cycle de vie et de permettre une meilleure production d&rsquo;\u00e9nergie.&nbsp;GDES Wind poss\u00e8de une vaste exp\u00e9rience et la capacit\u00e9 de g\u00e9rer n&rsquo;importe quel type de dispositif de levage auxiliaire, et nos techniciens ont les certifications requises pour effectuer des travaux en hauteur dont les travaux [&hellip;]<\/p>\n","protected":false},"author":1,"featured_media":0,"parent":0,"menu_order":7,"comment_status":"closed","ping_status":"closed","template":"Page-fullwidth.php","meta":{"footnotes":""},"class_list":["post-74","page","type-page","status-publish","hentry"],"aioseo_notices":[],"_links":{"self":[{"href":"https:\/\/gdes.com\/wind\/fr\/wp-json\/wp\/v2\/pages\/74","targetHints":{"allow":["GET"]}}],"collection":[{"href":"https:\/\/gdes.com\/wind\/fr\/wp-json\/wp\/v2\/pages"}],"about":[{"href":"https:\/\/gdes.com\/wind\/fr\/wp-json\/wp\/v2\/types\/page"}],"author":[{"embeddable":true,"href":"https:\/\/gdes.com\/wind\/fr\/wp-json\/wp\/v2\/users\/1"}],"replies":[{"embeddable":true,"href":"https:\/\/gdes.com\/wind\/fr\/wp-json\/wp\/v2\/comments?post=74"}],"version-history":[{"count":235,"href":"https:\/\/gdes.com\/wind\/fr\/wp-json\/wp\/v2\/pages\/74\/revisions"}],"predecessor-version":[{"id":4593,"href":"https:\/\/gdes.com\/wind\/fr\/wp-json\/wp\/v2\/pages\/74\/revisions\/4593"}],"wp:attachment":[{"href":"https:\/\/gdes.com\/wind\/fr\/wp-json\/wp\/v2\/media?parent=74"}],"curies":[{"name":"wp","href":"https:\/\/api.w.org\/{rel}","templated":true}]}}