{"id":4627,"date":"2026-04-17T10:38:50","date_gmt":"2026-04-17T09:38:50","guid":{"rendered":"https:\/\/gdes.com\/wind\/?page_id=4627"},"modified":"2026-04-17T10:40:50","modified_gmt":"2026-04-17T09:40:50","slug":"reciclaje-y-economia-circular","status":"publish","type":"page","link":"https:\/\/gdes.com\/wind\/fr\/reciclaje-y-economia-circular\/","title":{"rendered":"Recyclage et \u00e9conomie circulaire"},"content":{"rendered":"<p><b>GDES Wind <\/b><strong>peut vous aider \u00e0 maximiser la valeur de vos \u00e9oliennes en fin de vie.<\/strong><\/p>\n<div>\n<p>Nous proposons des services couvrant l\u2019ensemble de la cha\u00eene de valeur, du d\u00e9mant\u00e8lement, du d\u00e9coupage et du transport jusqu\u2019\u00e0 la r\u00e9cup\u00e9ration finale et la valorisation des d\u00e9chets. Pour ce faire, nous disposons de\u202f:<\/p>\n<p>\u27a2 <strong>\u00c9quipes sp\u00e9cialis\u00e9es<\/strong> \u00e9quip\u00e9es pour diff\u00e9rents types de d\u00e9coupe sur site (cisailles, disques diamant\u00e9s ou fil diamant\u00e9).<br \/>\n\u27a2 <strong>Moyens logistiques d\u00e9di\u00e9s<\/strong> au transport des d\u00e9chets.<br \/>\n\u27a2 <strong>Services en tant qu\u2019agent de gestion des d\u00e9chets<\/strong>, assurant une prise en charge globale pour le compte de nos clients.<br \/>\n\u27a2 <strong>Solutions d\u2019\u00e9conomie circulaire<\/strong>, incluant le recyclage des mat\u00e9riaux pour la cr\u00e9ation de nouveaux produits.<br \/>\n\u27a2 <strong>Accords de collaboration<\/strong> avec diff\u00e9rents centres et installations de valorisation des d\u00e9chets.<\/p>\n<p>&nbsp;<\/p>\n<\/div>\n<p><img fetchpriority=\"high\" decoding=\"async\" class=\"aligncenter size-full wp-image-4629\" src=\"https:\/\/gdes.com\/wind\/wp-content\/uploads\/sites\/10\/2026\/04\/Circular-Economy.png\" alt=\"\" width=\"1131\" height=\"672\" srcset=\"https:\/\/gdes.com\/wind\/wp-content\/uploads\/sites\/10\/2026\/04\/Circular-Economy.png 1131w, https:\/\/gdes.com\/wind\/wp-content\/uploads\/sites\/10\/2026\/04\/Circular-Economy-300x178.png 300w, https:\/\/gdes.com\/wind\/wp-content\/uploads\/sites\/10\/2026\/04\/Circular-Economy-1024x608.png 1024w, https:\/\/gdes.com\/wind\/wp-content\/uploads\/sites\/10\/2026\/04\/Circular-Economy-768x456.png 768w\" sizes=\"(max-width: 1131px) 100vw, 1131px\" \/><\/p>\n<h4 style=\"text-align: center;\"><a class=\"fasc-button fasc-size-large fasc-type-flat ico-fa fasc-ico-before fa-cloud-download\" style=\"background-color: #5ca2df; color: #ffffff;\" target=\"_blank\" rel=\"nofollow noopener\" href=\"https:\/\/gdes.com\/wind\/wp-content\/uploads\/sites\/10\/2026\/04\/Folleto-wind-A4.pdf\">T\u00e9l\u00e9charger le dossier d&rsquo;information<\/a><\/h4>\n<p><\/p>","protected":false},"excerpt":{"rendered":"<p>GDES Wind peut vous aider \u00e0 maximiser la valeur de vos \u00e9oliennes en fin de vie. Nous proposons des services couvrant l\u2019ensemble de la cha\u00eene de valeur, du d\u00e9mant\u00e8lement, du d\u00e9coupage et du transport jusqu\u2019\u00e0 la r\u00e9cup\u00e9ration finale et la valorisation des d\u00e9chets. Pour ce faire, nous disposons de\u202f: \u27a2 \u00c9quipes sp\u00e9cialis\u00e9es \u00e9quip\u00e9es pour diff\u00e9rents [&hellip;]<\/p>\n","protected":false},"author":3,"featured_media":0,"parent":0,"menu_order":7,"comment_status":"closed","ping_status":"closed","template":"Page-fullwidth.php","meta":{"footnotes":""},"class_list":["post-4627","page","type-page","status-publish","hentry"],"aioseo_notices":[],"_links":{"self":[{"href":"https:\/\/gdes.com\/wind\/fr\/wp-json\/wp\/v2\/pages\/4627","targetHints":{"allow":["GET"]}}],"collection":[{"href":"https:\/\/gdes.com\/wind\/fr\/wp-json\/wp\/v2\/pages"}],"about":[{"href":"https:\/\/gdes.com\/wind\/fr\/wp-json\/wp\/v2\/types\/page"}],"author":[{"embeddable":true,"href":"https:\/\/gdes.com\/wind\/fr\/wp-json\/wp\/v2\/users\/3"}],"replies":[{"embeddable":true,"href":"https:\/\/gdes.com\/wind\/fr\/wp-json\/wp\/v2\/comments?post=4627"}],"version-history":[{"count":2,"href":"https:\/\/gdes.com\/wind\/fr\/wp-json\/wp\/v2\/pages\/4627\/revisions"}],"predecessor-version":[{"id":4633,"href":"https:\/\/gdes.com\/wind\/fr\/wp-json\/wp\/v2\/pages\/4627\/revisions\/4633"}],"wp:attachment":[{"href":"https:\/\/gdes.com\/wind\/fr\/wp-json\/wp\/v2\/media?parent=4627"}],"curies":[{"name":"wp","href":"https:\/\/api.w.org\/{rel}","templated":true}]}}