{"id":4410,"date":"2021-02-16T10:47:06","date_gmt":"2021-02-16T09:47:06","guid":{"rendered":"https:\/\/gdes.com\/wind\/?page_id=4410"},"modified":"2021-07-13T11:05:42","modified_gmt":"2021-07-13T10:05:42","slug":"logistica-retrofit-y-consultoria","status":"publish","type":"page","link":"https:\/\/gdes.com\/wind\/fr\/logistica-retrofit-y-consultoria\/","title":{"rendered":"Logistique, retrofit et consultation"},"content":{"rendered":"<p><b>GDES Wind <\/b>travaille avec les entreprises les plus importantes du secteur \u00e9olien \u00e0 l&rsquo;\u00e9chelle mondiale, les entreprises technologiques, les fabricants de pales, les principaux promoteurs et exploitants d&rsquo;\u00e9nergie \u00e9olienne. GDES Wind travaille avec toutes les entreprises, entit\u00e9s ou institutions ayant des activit\u00e9s li\u00e9es aux pales d&rsquo;\u00e9oliennes et aux mat\u00e9riaux composites.<\/p>\n<p>&nbsp;<\/p>\n<p>La flexibilit\u00e9 et l&rsquo;adaptabilit\u00e9 de l&rsquo;organisation lui permet de collaborer dans les environnements les plus diversifi\u00e9s des 5 continents. GDES Wind a r\u00e9alis\u00e9 des projets tr\u00e8s vari\u00e9s telles que des r\u00e9novations majeures, consultations et solutions mineures quotidiennement.<\/p>\n\n<p><img decoding=\"async\" class=\"wp-image-4058 size-full alignright\" src=\"https:\/\/gdes.com\/wind\/wp-content\/uploads\/sites\/10\/2021\/01\/GDES-WIND-logweb.png\" alt=\"\" width=\"202\" height=\"40\"><\/p>\n<p>&nbsp;<\/p>\n<table style=\"height: 297px; border-style: hidden; width: 1020px;\" width=\"1013\">\n<tbody>\n<tr style=\"height: 24px;\">\n<td style=\"height: 24px; width: 1016px;\"><strong>Logistique de pale, des pi\u00e8ces et des mat\u00e9riaux<\/strong><\/td>\n<\/tr>\n<tr style=\"height: 24px;\">\n<td style=\"height: 24px; width: 1016px;\"><strong>Mesure des vibrations dans les rotors et optimisation des angles de tangage et \u00e9quilibrage dynamique du rotor<\/strong><\/td>\n<\/tr>\n<tr style=\"height: 24px;\">\n<td style=\"height: 24px; width: 1016px;\"><strong>R\u00e9novation du syst\u00e8me a\u00e9rodynamique de Pale<\/strong><\/td>\n<\/tr>\n<tr style=\"height: 24px;\">\n<td style=\"height: 24px; width: 1016px;\"><strong>D\u00e9coupage, mise au rebut et gestion des d\u00e9chets<\/strong><\/td>\n<\/tr>\n<tr style=\"height: 24px;\">\n<td style=\"height: 24px; width: 1016px;\"><strong>Formations (r\u00e9parations et inspections de Pales, mat\u00e9riaux composites, etc.)<\/strong><\/td>\n<\/tr>\n<tr style=\"height: 48px;\">\n<td style=\"height: 48px; width: 1016px;\"><strong>Consultation et \u00e9valuations (p. ex. diagnostic \u00e0 distance en temps r\u00e9el des probl\u00e8mes de pales, diagnostic O et pr\u00e9conisation concernant l&rsquo;arr\u00eat de la machine sur la base des informations et des photos fournies par nos clients.<\/strong><\/td>\n<\/tr>\n<\/tbody>\n<\/table>\n<h4 style=\"text-align: center;\">&nbsp;<\/h4>\n<h4 style=\"text-align: center;\"><a class=\"fasc-button fasc-size-large fasc-type-flat ico-fa fasc-ico-before fa-cloud-download\" style=\"background-color: #5ca2df; color: #ffffff;\" rel=\"nofollow\" href=\"https:\/\/gdes.com\/wind\/wp-content\/uploads\/sites\/10\/2021\/05\/Folleto-wind-.red-2021-FR.pdf\">T\u00e9l\u00e9charger le dossier d&rsquo;information<\/a><\/h4>\n<p><\/p>","protected":false},"excerpt":{"rendered":"<p>GDES Wind travaille avec les entreprises les plus importantes du secteur \u00e9olien \u00e0 l&rsquo;\u00e9chelle mondiale, les entreprises technologiques, les fabricants de pales, les principaux promoteurs et exploitants d&rsquo;\u00e9nergie \u00e9olienne. GDES Wind travaille avec toutes les entreprises, entit\u00e9s ou institutions ayant des activit\u00e9s li\u00e9es aux pales d&rsquo;\u00e9oliennes et aux mat\u00e9riaux composites. &nbsp; La flexibilit\u00e9 et l&rsquo;adaptabilit\u00e9 [&hellip;]<\/p>\n","protected":false},"author":3,"featured_media":0,"parent":0,"menu_order":7,"comment_status":"closed","ping_status":"closed","template":"Page-fullwidth.php","meta":{"footnotes":""},"class_list":["post-4410","page","type-page","status-publish","hentry"],"aioseo_notices":[],"_links":{"self":[{"href":"https:\/\/gdes.com\/wind\/fr\/wp-json\/wp\/v2\/pages\/4410","targetHints":{"allow":["GET"]}}],"collection":[{"href":"https:\/\/gdes.com\/wind\/fr\/wp-json\/wp\/v2\/pages"}],"about":[{"href":"https:\/\/gdes.com\/wind\/fr\/wp-json\/wp\/v2\/types\/page"}],"author":[{"embeddable":true,"href":"https:\/\/gdes.com\/wind\/fr\/wp-json\/wp\/v2\/users\/3"}],"replies":[{"embeddable":true,"href":"https:\/\/gdes.com\/wind\/fr\/wp-json\/wp\/v2\/comments?post=4410"}],"version-history":[{"count":5,"href":"https:\/\/gdes.com\/wind\/fr\/wp-json\/wp\/v2\/pages\/4410\/revisions"}],"predecessor-version":[{"id":4482,"href":"https:\/\/gdes.com\/wind\/fr\/wp-json\/wp\/v2\/pages\/4410\/revisions\/4482"}],"wp:attachment":[{"href":"https:\/\/gdes.com\/wind\/fr\/wp-json\/wp\/v2\/media?parent=4410"}],"curies":[{"name":"wp","href":"https:\/\/api.w.org\/{rel}","templated":true}]}}