{"id":4073,"date":"2021-01-26T11:28:28","date_gmt":"2021-01-26T10:28:28","guid":{"rendered":"https:\/\/gdes.com\/wind\/?page_id=4073"},"modified":"2021-07-13T10:49:51","modified_gmt":"2021-07-13T09:49:51","slug":"composite","status":"publish","type":"page","link":"https:\/\/gdes.com\/wind\/fr\/composite\/","title":{"rendered":"Fabrication de pi\u00e8ces composites"},"content":{"rendered":"<p><b>GDES Wind <\/b>fabrique des pi\u00e8ces composites pour l&rsquo;assemblage des \u00e9oliennes, telles que des d\u00e9flecteurs de pluie, des couvercles, diff\u00e9rents \u00e9l\u00e9ments a\u00e9rodynamiques, etc., dans ses locaux et en utilisant des proc\u00e9dures internes.&nbsp; Les techniques de fabrication sont adapt\u00e9es au type de pi\u00e8ce afin d&rsquo;atteindre les plus hauts niveaux d&rsquo;efficacit\u00e9 en termes de co\u00fbt tout en r\u00e9pondant \u00e0 toutes les exigences de conception. Les techniques normalement utilis\u00e9es pour ces pi\u00e8ces sont appliqu\u00e9es : infusion, lumi\u00e8re RTM, roulement manuel, etc. L&rsquo;entreprise assemble \u00e9galement ces pi\u00e8ces sur la Pale du g\u00e9n\u00e9rateur partout o\u00f9 cela pourrait \u00eatre n\u00e9cessaire : usine de pales, port, parc \u00e9olien, installations pour les clients, etc.<\/p>\n<p>&nbsp;<\/p>\n<p><b>GDES Wind <\/b>a r\u00e9cemment acquis une entreprise qui compte plus de 20 ans d&rsquo;exp\u00e9rience dans la fabrication de composites pour l&rsquo;industrie de l&rsquo;\u00e9nergie \u00e9olienne (C.M.C.), fournissant des composants aux principales entreprises du secteur de l&rsquo;\u00e9nergie \u00e9olienne.<\/p>\n<p>&nbsp;<\/p>\n\n<p>&nbsp;<\/p>\n<h4 style=\"text-align: center;\"><a class=\"fasc-button fasc-size-large fasc-type-glossy ico-fa fasc-ico-before fa-file-text-o\" style=\"background-color: #5ca2df; color: #ffffff;\" target=\"_blank\" rel=\"noopener\" href=\"https:\/\/gdes.com\/wind\/wp-content\/uploads\/sites\/10\/2021\/05\/Folleto-wind-.red-2021-FR.pdf\">T\u00e9l\u00e9charger le dossier d&rsquo;information<\/a><\/h4>\n<p>&nbsp;<\/p>","protected":false},"excerpt":{"rendered":"<p>GDES Wind fabrique des pi\u00e8ces composites pour l&rsquo;assemblage des \u00e9oliennes, telles que des d\u00e9flecteurs de pluie, des couvercles, diff\u00e9rents \u00e9l\u00e9ments a\u00e9rodynamiques, etc., dans ses locaux et en utilisant des proc\u00e9dures internes.&nbsp; Les techniques de fabrication sont adapt\u00e9es au type de pi\u00e8ce afin d&rsquo;atteindre les plus hauts niveaux d&rsquo;efficacit\u00e9 en termes de co\u00fbt tout en r\u00e9pondant [&hellip;]<\/p>\n","protected":false},"author":3,"featured_media":0,"parent":0,"menu_order":7,"comment_status":"closed","ping_status":"closed","template":"Page-fullwidth.php","meta":{"footnotes":""},"class_list":["post-4073","page","type-page","status-publish","hentry"],"aioseo_notices":[],"_links":{"self":[{"href":"https:\/\/gdes.com\/wind\/fr\/wp-json\/wp\/v2\/pages\/4073","targetHints":{"allow":["GET"]}}],"collection":[{"href":"https:\/\/gdes.com\/wind\/fr\/wp-json\/wp\/v2\/pages"}],"about":[{"href":"https:\/\/gdes.com\/wind\/fr\/wp-json\/wp\/v2\/types\/page"}],"author":[{"embeddable":true,"href":"https:\/\/gdes.com\/wind\/fr\/wp-json\/wp\/v2\/users\/3"}],"replies":[{"embeddable":true,"href":"https:\/\/gdes.com\/wind\/fr\/wp-json\/wp\/v2\/comments?post=4073"}],"version-history":[{"count":18,"href":"https:\/\/gdes.com\/wind\/fr\/wp-json\/wp\/v2\/pages\/4073\/revisions"}],"predecessor-version":[{"id":4480,"href":"https:\/\/gdes.com\/wind\/fr\/wp-json\/wp\/v2\/pages\/4073\/revisions\/4480"}],"wp:attachment":[{"href":"https:\/\/gdes.com\/wind\/fr\/wp-json\/wp\/v2\/media?parent=4073"}],"curies":[{"name":"wp","href":"https:\/\/api.w.org\/{rel}","templated":true}]}}