{"id":3796,"date":"2018-11-14T13:44:24","date_gmt":"2018-11-14T12:44:24","guid":{"rendered":"https:\/\/gdes.com\/gdes-uk\/?page_id=3796"},"modified":"2021-02-09T13:44:43","modified_gmt":"2021-02-09T12:44:43","slug":"empleo","status":"publish","type":"page","link":"https:\/\/gdes.com\/wind\/fr\/empleo\/","title":{"rendered":"Rejoignez-nous"},"content":{"rendered":"<p><\/p>\n<h1>Nous recherchons des talents !<\/h1>\n<h1><\/h1>\n<p>&nbsp;<\/p>\n<p>Si vous recherchez un emploi dans le secteur de l&rsquo;\u00e9nergie \u00e9olienne, envoyez votre curriculum vitae accompagn\u00e9 d&rsquo;une lettre de pr\u00e9sentation \u00e0 notre \u00e9quipe des ressources humaines \u00e0 l&rsquo;adresse suivante\u00a0:<\/p>\n<h1><\/h1>\n<h3><\/h3>\n<h1><img decoding=\"async\" class=\"alignright wp-image-4190\" src=\"https:\/\/gdes.com\/wind\/wp-content\/uploads\/sites\/10\/2021\/02\/Imagen9.jpg\" alt=\"\" width=\"450\" height=\"337\" srcset=\"https:\/\/gdes.com\/wind\/wp-content\/uploads\/sites\/10\/2021\/02\/Imagen9.jpg 499w, https:\/\/gdes.com\/wind\/wp-content\/uploads\/sites\/10\/2021\/02\/Imagen9-300x225.jpg 300w\" sizes=\"(max-width: 450px) 100vw, 450px\" \/><\/h1>\n<h3><a href=\"mailto:rrhh.wind@gdes.com\">rrhh.wind@gdes.com<\/a><\/h3>\n<p>&nbsp;<\/p>\n<p>Nous nous ferons un plaisir de vous rencontrer.\u00a0<b>GDES Wind <\/b>est organis\u00e9e autour des d\u00e9partements suivants :<\/p>\n<p>&nbsp;<\/p>\n<ul>\n<li>\n<h5>D\u00e9partement technique et d&rsquo;ing\u00e9nierie<\/h5>\n<\/li>\n<li>\n<h5>D\u00e9partements des op\u00e9rations, de la qualit\u00e9 et Pr\u00e9vention, et des risques professionnels<\/h5>\n<\/li>\n<li>\n<h5>D\u00e9partement des ventes<\/h5>\n<\/li>\n<li>\n<h5>D\u00e9partement Administration-Finances<\/h5>\n<\/li>\n<li>\n<h5>D\u00e9partement Ressources humaines<\/h5>\n<\/li>\n<\/ul>\n<p><b><br \/>\nGDES Wind est en \u00e9volution constante et cr\u00e9e des emplois a<\/b>nd collabore avec la <a href=\"https:\/\/www.fundacionprodis.org\/\">Fondation Prodis\u00a0<\/a>pour int\u00e9grer les personnes handicap\u00e9es sur le march\u00e9 du travail<b>. GDES Wind <\/b>accorde une attention particuli\u00e8re aux <strong>personnes<\/strong> qui composent son organisation qui jouent un r\u00f4le cl\u00e9 dans le d\u00e9veloppement quotidien de l&rsquo;entreprise et la confiance plac\u00e9e en elle par ses clients.\u00a0\u00a0<b>GDES Wind <\/b>investit en formation externe et interne afin de rester \u00e0 l&rsquo;avant-garde des derni\u00e8res technologies et des mesures de pr\u00e9vention concernant son activit\u00e9.<b><\/b><\/p>\n<p>&nbsp;<\/p>\n<p>&nbsp;<\/p>\n<p>&nbsp;<\/p>","protected":false},"excerpt":{"rendered":"<p>Nous recherchons des talents ! &nbsp; Si vous recherchez un emploi dans le secteur de l&rsquo;\u00e9nergie \u00e9olienne, envoyez votre curriculum vitae accompagn\u00e9 d&rsquo;une lettre de pr\u00e9sentation \u00e0 notre \u00e9quipe des ressources humaines \u00e0 l&rsquo;adresse suivante\u00a0: rrhh.wind@gdes.com &nbsp; Nous nous ferons un plaisir de vous rencontrer.\u00a0GDES Wind est organis\u00e9e autour des d\u00e9partements suivants : &nbsp; D\u00e9partement [&hellip;]<\/p>\n","protected":false},"author":3,"featured_media":0,"parent":0,"menu_order":0,"comment_status":"closed","ping_status":"closed","template":"Page-fullwidth.php","meta":{"footnotes":""},"class_list":["post-3796","page","type-page","status-publish","hentry"],"aioseo_notices":[],"_links":{"self":[{"href":"https:\/\/gdes.com\/wind\/fr\/wp-json\/wp\/v2\/pages\/3796","targetHints":{"allow":["GET"]}}],"collection":[{"href":"https:\/\/gdes.com\/wind\/fr\/wp-json\/wp\/v2\/pages"}],"about":[{"href":"https:\/\/gdes.com\/wind\/fr\/wp-json\/wp\/v2\/types\/page"}],"author":[{"embeddable":true,"href":"https:\/\/gdes.com\/wind\/fr\/wp-json\/wp\/v2\/users\/3"}],"replies":[{"embeddable":true,"href":"https:\/\/gdes.com\/wind\/fr\/wp-json\/wp\/v2\/comments?post=3796"}],"version-history":[{"count":63,"href":"https:\/\/gdes.com\/wind\/fr\/wp-json\/wp\/v2\/pages\/3796\/revisions"}],"predecessor-version":[{"id":4244,"href":"https:\/\/gdes.com\/wind\/fr\/wp-json\/wp\/v2\/pages\/3796\/revisions\/4244"}],"wp:attachment":[{"href":"https:\/\/gdes.com\/wind\/fr\/wp-json\/wp\/v2\/media?parent=3796"}],"curies":[{"name":"wp","href":"https:\/\/api.w.org\/{rel}","templated":true}]}}