{"id":3306,"date":"2017-12-04T12:15:58","date_gmt":"2017-12-04T11:15:58","guid":{"rendered":"https:\/\/gdes.com\/gdes-uk\/?page_id=3306"},"modified":"2023-01-19T15:31:39","modified_gmt":"2023-01-19T14:31:39","slug":"services","status":"publish","type":"page","link":"https:\/\/gdes.com\/wind\/fr\/services\/","title":{"rendered":"Services"},"content":{"rendered":"<p><b>GDES Wind <\/b>a pour strat\u00e9gie d\u2019assurer un service de qualit\u00e9, travaillant quotidiennement en contact \u00e9troit avec ses clients pour r\u00e9pondre au mieux \u00e0 leurs besoins. Tant sur le plan op\u00e9rationnel que technique, GDES Wind utilise et applique les derni\u00e8res technologies de composites et d&rsquo;outils de diagnostic.<\/p>\n<p>&nbsp;<\/p>\n<p>Les principaux crit\u00e8res qui diff\u00e9rencient GDES Wind sont:<\/p>\n<h4><img fetchpriority=\"high\" decoding=\"async\" class=\"alignleft wp-image-4171 size-full\" src=\"https:\/\/gdes.com\/wind\/wp-content\/uploads\/sites\/10\/2021\/02\/Imagen12-e1612272224156.png\" alt=\"\" width=\"395\" height=\"562\" srcset=\"https:\/\/gdes.com\/wind\/wp-content\/uploads\/sites\/10\/2021\/02\/Imagen12-e1612272224156.png 395w, https:\/\/gdes.com\/wind\/wp-content\/uploads\/sites\/10\/2021\/02\/Imagen12-e1612272224156-211x300.png 211w\" sizes=\"(max-width: 395px) 100vw, 395px\" \/><\/h4>\n<h4><\/h4>\n<ul>\n<li>\n<h4>Grande capacit\u00e9 technique.<\/h4>\n<\/li>\n<li>\n<h4>Engagement environnemental.<\/h4>\n<\/li>\n<li>\n<h4>Compr\u00e9hension approfondie et exp\u00e9rience de toutes les technologies de pales existantes sur le march\u00e9.<\/h4>\n<\/li>\n<li>\n<h4>Ind\u00e9pendance par rapport aux crit\u00e8res techniques.<\/h4>\n<\/li>\n<\/ul>\n<h4>Flexibilit\u00e9, polyvalence et possibilit\u00e9 de travailler dans des environnements nationaux et internationaux tr\u00e8s diff\u00e9rents.<\/h4>\n<ul>\n<li>\n<h4>La r\u00e9activit\u00e9 \u00e0 la demande des clients en situation d&rsquo;urgence est notre force,<\/h4>\n<\/li>\n<li>\n<h4>L\u2019\u00e9quipe qui la constitue est son atout le plus pr\u00e9cieux.<\/h4>\n<\/li>\n<\/ul>\n<p>&nbsp;<\/p>\n<p>Tout au long de l\u2019histoire de l\u2019entreprise, l\u2019\u00e2ge moyen de ses employ\u00e9s n\u2019a cess\u00e9 d\u2019augmenter, et ce service \u00e9tendu implique un avantage en termes de connaissances et d\u2019exp\u00e9rience tr\u00e8s appr\u00e9ci\u00e9e par les clients. Notre principaux services sont:<\/p>\n<p>&nbsp;<\/p>\n<style type=\"text\/css\">\nA:hover { color: black }<br \/><\/style>\n<style type=\"text\/css\"><span class=\"mce_SELRES_start\" style=\"width: 0px; line-height: 0; overflow: hidden; display: inline-block;\" data-mce-type=\"bookmark\">\ufeff<\/span><span class=\"mce_SELRES_start\" style=\"width: 0px; line-height: 0; overflow: hidden; display: inline-block;\" data-mce-type=\"bookmark\">\ufeff<\/span><br \/>A:hover { color: black }<br \/><\/style>\n<p>&nbsp;<\/p>\n<p><!-- \/Section Title --><\/p>\n<div class=\"row\">\n<div class=\"col-md-4 col-sm-6 col-xs-12\">\n<div class=\"post\">\n<div class=\"service-icon\"><a href=\"https:\/\/gdes.com\/wind\/fr\/maintenance\/\" target=\"_blank\" rel=\"\/wind\/maintenance\/ noopener\"><img loading=\"lazy\" decoding=\"async\" class=\"img-responsive wp-post-image alignnone\" title=\"Maintenance et inspections \" src=\"https:\/\/gdes.com\/wind\/wp-content\/uploads\/sites\/10\/2017\/11\/caja-mantenimiento.jpg\" alt=\"\" width=\"600\" height=\"148\" \/><\/a><\/div>\n<div class=\"entry-header\">\n<h4 style=\"text-align: center;\"><a href=\"https:\/\/gdes.com\/wind\/fr\/maintenance\/\">Maintenance<br \/>\net inspections<\/a><\/h4>\n<p>&nbsp;<\/p>\n<p>&nbsp;<\/p>\n<\/div>\n<div class=\"entry-content\"><\/div>\n<\/div>\n<\/div>\n<div class=\"col-md-4 col-sm-6 col-xs-12\">\n<div class=\"post\">\n<div class=\"service-icon\"><a href=\"\/wind\/fr\/composite\/\" target=\"_blank\" rel=\"\/gdes.com\/wind\/composite\/ noopener\"><img loading=\"lazy\" decoding=\"async\" class=\"alignnone wp-image-3591 size-full\" title=\"Fabrication de pi\u00e8ces composites\" src=\"https:\/\/gdes.com\/wind\/wp-content\/uploads\/sites\/10\/2017\/11\/caja-piezas.jpg\" alt=\"\" width=\"600\" height=\"148\" \/><\/a><\/div>\n<div class=\"entry-header\">\n<h4 class=\"entry-title\" style=\"text-align: center;\"><a href=\"https:\/\/gdes.com\/wind\/fr\/composite\/\"> Fabrication<br \/>\nde pi\u00e8ces composites<\/a><\/h4>\n<p>&nbsp;<\/p>\n<\/div>\n<div class=\"entry-content\"><\/div>\n<\/div>\n<\/div>\n<div class=\"col-md-4 col-sm-6 col-xs-12\">\n<div class=\"post\">\n<div class=\"service-icon\"><a href=\"\/wind\/fr\/logistica-retrofit-y-consultoria\/\" target=\"_blank\" rel=\"\/wind\/logistica-retrofit-y-consultoria\/ noopener\"><img loading=\"lazy\" decoding=\"async\" class=\"alignnone wp-image-2576 size-full\" title=\"Logistique, retrofit et consultation\" src=\"https:\/\/gdes.com\/wind\/wp-content\/uploads\/sites\/10\/2017\/11\/caja-logistica.jpg\" alt=\"\" width=\"600\" height=\"148\" \/><\/a><\/div>\n<div class=\"entry-header\">\n<h4 class=\"entry-title\" style=\"text-align: center;\"><a href=\"https:\/\/gdes.com\/wind\/fr\/logistica-retrofit-y-consultoria\/\"> Logistique,<br \/>\nretrofit et consultation<\/a><\/h4>\n<p>&nbsp;<\/p>\n<\/div>\n<\/div>\n<\/div>\n<\/div>\n<p><\/p>","protected":false},"excerpt":{"rendered":"<p>GDES Wind a pour strat\u00e9gie d\u2019assurer un service de qualit\u00e9, travaillant quotidiennement en contact \u00e9troit avec ses clients pour r\u00e9pondre au mieux \u00e0 leurs besoins. Tant sur le plan op\u00e9rationnel que technique, GDES Wind utilise et applique les derni\u00e8res technologies de composites et d&rsquo;outils de diagnostic. &nbsp; Les principaux crit\u00e8res qui diff\u00e9rencient GDES Wind sont: [&hellip;]<\/p>\n","protected":false},"author":3,"featured_media":0,"parent":0,"menu_order":0,"comment_status":"closed","ping_status":"closed","template":"Page-fullwidth.php","meta":{"footnotes":""},"class_list":["post-3306","page","type-page","status-publish","hentry"],"aioseo_notices":[],"_links":{"self":[{"href":"https:\/\/gdes.com\/wind\/fr\/wp-json\/wp\/v2\/pages\/3306","targetHints":{"allow":["GET"]}}],"collection":[{"href":"https:\/\/gdes.com\/wind\/fr\/wp-json\/wp\/v2\/pages"}],"about":[{"href":"https:\/\/gdes.com\/wind\/fr\/wp-json\/wp\/v2\/types\/page"}],"author":[{"embeddable":true,"href":"https:\/\/gdes.com\/wind\/fr\/wp-json\/wp\/v2\/users\/3"}],"replies":[{"embeddable":true,"href":"https:\/\/gdes.com\/wind\/fr\/wp-json\/wp\/v2\/comments?post=3306"}],"version-history":[{"count":40,"href":"https:\/\/gdes.com\/wind\/fr\/wp-json\/wp\/v2\/pages\/3306\/revisions"}],"predecessor-version":[{"id":4449,"href":"https:\/\/gdes.com\/wind\/fr\/wp-json\/wp\/v2\/pages\/3306\/revisions\/4449"}],"wp:attachment":[{"href":"https:\/\/gdes.com\/wind\/fr\/wp-json\/wp\/v2\/media?parent=3306"}],"curies":[{"name":"wp","href":"https:\/\/api.w.org\/{rel}","templated":true}]}}