{"id":2610,"date":"2017-09-26T23:22:58","date_gmt":"2017-09-26T22:22:58","guid":{"rendered":"https:\/\/gdes.com\/gdes-uk\/?page_id=2610"},"modified":"2023-02-20T09:56:52","modified_gmt":"2023-02-20T08:56:52","slug":"gdes-innovation","status":"publish","type":"page","link":"https:\/\/gdes.com\/wind\/fr\/gdes-innovation\/","title":{"rendered":"Innovation"},"content":{"rendered":"<p><\/p>\n<h1>Des alli\u00e9s technologiques dans les pales d&rsquo;\u00e9oliennes<\/h1>\n<p>&nbsp;<\/p>\n<p><b>GDES Wind <\/b>utilise et d\u00e9veloppe les mat\u00e9raux composites les plus r\u00e9centes et les derni\u00e8res technologies dans les m\u00e9thodes d\u2019acc\u00e8s aux pales et les techniques d\u2019inspection. Despuis la creation de l\u2019entreprise, des solutions techniques innovantes ont \u00e9t\u00e9 d\u00e9velopp\u00e9es pour les reparations in situ, qui ont permis de r\u00e9duire les co\u00fbts li\u00e9s \u00e0 l\u2019abaissement au sol des rotors ou des pales et de r\u00e9parer et d\u2019eviter un remplacement de pales initialement diagnostiqu\u00e9es inutilisables.<\/p>\n<p>&nbsp;<\/p>\n<p style=\"text-align: left;\"><strong>GDES Wind<\/strong> travaille en collaboration avec<a href=\"https:\/\/gdes.com\/innovation\/\"> <strong>GDES INNOVATION<\/strong><\/a>, le d\u00e9partement innovation du Groupe: des travaux sont actuellement en cours sur un project d\u2019inspection des pales. De\u00a0par\u00a0son\u00a0engagement\u00a0fort\u00a0dans\u00a0la\u00a0<strong>recherche,le\u00a0d\u00e9veloppement\u00a0et\u00a0l\u2019innovation<\/strong>,\u00a0<strong>GDES<\/strong>\u202fse\u00a0positionne\u00a0en\u00a0entreprise\u00a0pionni\u00e8re\u00a0en\u00a0mati\u00e8re\u00a0de\u00a0d\u00e9veloppement\u00a0technologique\u00a0adapt\u00e9 \u00e0 des\u00a0projets\u00a0et\u00a0besoins\u00a0sp\u00e9cifiques.<\/p>\n<p>&nbsp;<\/p>\n<p>\u00c0 <strong>GDES<\/strong>,\u00a0nous\u00a0consid\u00e9rons\u00a0que le d\u00e9veloppement technologique et l\u2019innovation sont essentiels pour grandir et maintenir notre leadership sur notre march\u00e9, pour faire face \u00e0 l\u2019environnement actuel en constante \u00e9volution et pour promouvoir l\u2019am\u00e9lioration continue dans nos domaines d\u2019activit\u00e9. Notre principal objectif est de continuer \u00e0 grandir en tant qu\u2019entreprise innovante, dynamique et proactive, sp\u00e9cialis\u00e9e dans la satisfaction des besoins de nos clients gr\u00e2ce \u00e0 des propositions fond\u00e9es sur l\u2019innovation appliqu\u00e9e.<\/p>\n<p>&nbsp;<\/p>\n<p>La soci\u00e9t\u00e9 est \u00e9galement pr\u00e9sente dans tous les forums nationaux et internationaux pour \u00e9changer dans les domaines de la maintenance de l\u2019\u00e9nergie eolienne et des mat\u00e9riaux composites: power Expo en Espagne, Ewea en Europe et Awea aux Estats-Units, et participe au Groupe de travail sur la maintenance du Wind Energy Business Association.<\/p>\n<p>&nbsp;<\/p>\n<p>&nbsp;<\/p>\n<p><img fetchpriority=\"high\" decoding=\"async\" class=\"aligncenter size-full wp-image-4125\" src=\"https:\/\/gdes.com\/wind\/wp-content\/uploads\/sites\/10\/2021\/02\/varios.jpg\" alt=\"\" width=\"912\" height=\"354\" srcset=\"https:\/\/gdes.com\/wind\/wp-content\/uploads\/sites\/10\/2021\/02\/varios.jpg 912w, https:\/\/gdes.com\/wind\/wp-content\/uploads\/sites\/10\/2021\/02\/varios-300x116.jpg 300w, https:\/\/gdes.com\/wind\/wp-content\/uploads\/sites\/10\/2021\/02\/varios-768x298.jpg 768w\" sizes=\"(max-width: 912px) 100vw, 912px\" \/><\/p>","protected":false},"excerpt":{"rendered":"<p>Des alli\u00e9s technologiques dans les pales d&rsquo;\u00e9oliennes &nbsp; GDES Wind utilise et d\u00e9veloppe les mat\u00e9raux composites les plus r\u00e9centes et les derni\u00e8res technologies dans les m\u00e9thodes d\u2019acc\u00e8s aux pales et les techniques d\u2019inspection. Despuis la creation de l\u2019entreprise, des solutions techniques innovantes ont \u00e9t\u00e9 d\u00e9velopp\u00e9es pour les reparations in situ, qui ont permis de r\u00e9duire [&hellip;]<\/p>\n","protected":false},"author":1,"featured_media":0,"parent":0,"menu_order":5,"comment_status":"closed","ping_status":"closed","template":"Page-fullwidth.php","meta":{"footnotes":""},"class_list":["post-2610","page","type-page","status-publish","hentry"],"aioseo_notices":[],"_links":{"self":[{"href":"https:\/\/gdes.com\/wind\/fr\/wp-json\/wp\/v2\/pages\/2610","targetHints":{"allow":["GET"]}}],"collection":[{"href":"https:\/\/gdes.com\/wind\/fr\/wp-json\/wp\/v2\/pages"}],"about":[{"href":"https:\/\/gdes.com\/wind\/fr\/wp-json\/wp\/v2\/types\/page"}],"author":[{"embeddable":true,"href":"https:\/\/gdes.com\/wind\/fr\/wp-json\/wp\/v2\/users\/1"}],"replies":[{"embeddable":true,"href":"https:\/\/gdes.com\/wind\/fr\/wp-json\/wp\/v2\/comments?post=2610"}],"version-history":[{"count":15,"href":"https:\/\/gdes.com\/wind\/fr\/wp-json\/wp\/v2\/pages\/2610\/revisions"}],"predecessor-version":[{"id":4511,"href":"https:\/\/gdes.com\/wind\/fr\/wp-json\/wp\/v2\/pages\/2610\/revisions\/4511"}],"wp:attachment":[{"href":"https:\/\/gdes.com\/wind\/fr\/wp-json\/wp\/v2\/media?parent=2610"}],"curies":[{"name":"wp","href":"https:\/\/api.w.org\/{rel}","templated":true}]}}