{"id":74,"date":"2016-08-29T22:32:01","date_gmt":"2016-08-29T21:32:01","guid":{"rendered":"https:\/\/dgd.es\/?page_id=74"},"modified":"2024-10-15T09:53:56","modified_gmt":"2024-10-15T08:53:56","slug":"maintenance","status":"publish","type":"page","link":"https:\/\/gdes.com\/wind\/es\/maintenance\/","title":{"rendered":"Mantenimiento e inspecciones"},"content":{"rendered":"<p>El objetivo \u00faltimo es optimizar el mantenimiento de las palas, minimizando su coste de ciclo de vida y maximizando la energ\u00eda producida.&nbsp;<b>GDES Wind <\/b>posee una dilatada experiencia y capacidad de gesti\u00f3n de cualquier tipo de medido auxiliar de elevaci\u00f3n y, adem\u00e1s varios de sus t\u00e9cnicos tienen la certificaciones requeridas para realizar trabajos en altura con cuerdas.<\/p>\n<h3>&nbsp;<\/h3>\n<h4 style=\"text-align: center;\">Centros de reparaci\u00f3n y fabricaci\u00f3n de GDES Wind en la Pen\u00ednsula<\/h4>\n<hr>\n\n<table style=\"width: 100%; border-collapse: collapse; border-style: hidden;\" border=\"1\">\n<tbody>\n<tr>\n<td style=\"width: 50%;\">\n<h4 style=\"text-align: left; padding-left: 80px;\"><strong>Pontes de Garc\u00eda Rodr\u00edguez, Galicia<\/strong><\/h4>\n<h4>&nbsp;<\/h4>\n<h4 style=\"padding-left: 70px;\">15.000 m2 de superficie total<\/h4>\n<h4 style=\"padding-left: 70px;\">3.200 m2 de taller<\/h4>\n<h4 style=\"padding-left: 70px;\"><span style=\"font-family: inherit; font-size: inherit;\">Equipada con todos los servicios y climatizada<\/span><\/h4>\n<h4 style=\"padding-left: 70px;\">4 puentes gr\u00faa<\/h4>\n<h4 style=\"padding-left: 70px;\">Acceso directo a la autov\u00eda AG-64<\/h4>\n<h4 style=\"padding-left: 70px;\"><span style=\"font-family: inherit; font-size: inherit;\">A <\/span>30 minutos desde el puerto de Ferrol y 50 minutos desde los aeropuertos de A Coru\u00f1a y Santiago<\/h4>\n<p>&nbsp;<\/td>\n<td style=\"width: 50%;\">\n<h4 style=\"text-align: left; padding-left: 120px;\"><strong>Albacete<\/strong><\/h4>\n<h4>&nbsp;<\/h4>\n<h4 style=\"padding-left: 110px;\">1.200 m2 de superficie total<\/h4>\n<h4 style=\"padding-left: 110px;\">800 m2 de taller<\/h4>\n<h4 style=\"padding-left: 110px;\"><span style=\"font-family: inherit; font-size: inherit;\">2 puentes gr\u00faa de 10 t.<\/span><\/h4>\n<h4 style=\"padding-left: 110px;\">Conexi\u00f3n con autov\u00eda A-31<\/h4>\n<h4 style=\"padding-left: 110px;\"><span style=\"font-family: inherit; font-size: inherit;\">A <\/span>menos de 10 minutos de Albacete<\/h4>\n<p>&nbsp;<\/p>\n<p>&nbsp;<\/p>\n<p>&nbsp;<\/td>\n<\/tr>\n<\/tbody>\n<\/table>\n<h3>&nbsp;<\/h3>\n<h4 style=\"text-align: center;\">Nuestras principales actividades en Mantenimiento e Inspecciones:<\/h4>\n<hr>\n<p>&nbsp;<\/p>\n<p>&nbsp;<\/p>\n<p><img decoding=\"async\" class=\"wp-image-4058 size-full alignright\" src=\"https:\/\/gdes.com\/wind\/wp-content\/uploads\/sites\/10\/2021\/01\/GDES-WIND-logweb.png\" alt=\"\" width=\"202\" height=\"40\"><\/p>\n<p>&nbsp;<\/p>\n<p>&nbsp;<\/p>\n<table style=\"height: 297px; border-style: hidden; width: 1020px;\" width=\"1013\">\n<tbody>\n<tr style=\"height: 23px;\">\n<td style=\"width: 1012.39px; height: 23px;\"><strong>&nbsp;Inspecciones durante el proceso de producci\u00f3n<\/strong><\/td>\n<\/tr>\n<tr style=\"height: 24px;\">\n<td style=\"width: 1012.39px; height: 24px;\"><strong>&nbsp;Inspecciones previas al montaje<\/strong><\/td>\n<\/tr>\n<tr style=\"height: 24px;\">\n<td style=\"width: 1012.39px; height: 24px;\"><strong>&nbsp;Inspecciones en parque desde el suelo con telescopio<\/strong><\/td>\n<\/tr>\n<tr style=\"height: 24px;\">\n<td style=\"width: 1012.39px; height: 24px;\"><strong>&nbsp;Inspecciones exteriores e interiores en altura<\/strong><\/td>\n<\/tr>\n<tr>\n<td style=\"width: 1012.39px;\"><strong>&nbsp;Reparaciones en parque<\/strong><\/td>\n<\/tr>\n<tr>\n<td style=\"width: 1012.39px;\"><strong>&nbsp;Reparaciones en nave<\/strong><\/td>\n<\/tr>\n<tr>\n<td style=\"width: 1012.39px;\"><strong>&nbsp;Suministro de materiales y componentes<\/strong><\/td>\n<\/tr>\n<tr style=\"height: 24px;\">\n<td style=\"width: 1012.39px; height: 24px;\"><strong>&nbsp;Termograf\u00eda<\/strong><\/td>\n<\/tr>\n<tr style=\"height: 24px;\">\n<td style=\"width: 1012.39px; height: 24px;\"><strong>&nbsp;Ultrasonidos (est\u00e1ndar y phased-array)<\/strong><\/td>\n<\/tr>\n<\/tbody>\n<\/table>\n<p>&nbsp;<\/p>\n<p style=\"text-align: center;\">&nbsp;<\/p>\n<h4 style=\"text-align: center;\"><a class=\"fasc-button fasc-size-large fasc-type-flat ico-fa fasc-ico-before fa-cloud-download\" style=\"background-color: #5ca2df; color: #ffffff;\" rel=\"nofollow\" href=\"https:\/\/gdes.com\/wind\/wp-content\/uploads\/sites\/10\/2021\/05\/Folleto-wind-red.-2021-ESP.pdf\">Descargar Dosier Informativo<\/a><\/h4>\n<p>&nbsp;<\/p>","protected":false},"excerpt":{"rendered":"<p>El objetivo \u00faltimo es optimizar el mantenimiento de las palas, minimizando su coste de ciclo de vida y maximizando la energ\u00eda producida.&nbsp;GDES Wind posee una dilatada experiencia y capacidad de gesti\u00f3n de cualquier tipo de medido auxiliar de elevaci\u00f3n y, adem\u00e1s varios de sus t\u00e9cnicos tienen la certificaciones requeridas para realizar trabajos en altura con [&hellip;]<\/p>\n","protected":false},"author":1,"featured_media":0,"parent":0,"menu_order":7,"comment_status":"closed","ping_status":"closed","template":"Page-fullwidth.php","meta":{"footnotes":""},"class_list":["post-74","page","type-page","status-publish","hentry"],"aioseo_notices":[],"_links":{"self":[{"href":"https:\/\/gdes.com\/wind\/es\/wp-json\/wp\/v2\/pages\/74","targetHints":{"allow":["GET"]}}],"collection":[{"href":"https:\/\/gdes.com\/wind\/es\/wp-json\/wp\/v2\/pages"}],"about":[{"href":"https:\/\/gdes.com\/wind\/es\/wp-json\/wp\/v2\/types\/page"}],"author":[{"embeddable":true,"href":"https:\/\/gdes.com\/wind\/es\/wp-json\/wp\/v2\/users\/1"}],"replies":[{"embeddable":true,"href":"https:\/\/gdes.com\/wind\/es\/wp-json\/wp\/v2\/comments?post=74"}],"version-history":[{"count":235,"href":"https:\/\/gdes.com\/wind\/es\/wp-json\/wp\/v2\/pages\/74\/revisions"}],"predecessor-version":[{"id":4593,"href":"https:\/\/gdes.com\/wind\/es\/wp-json\/wp\/v2\/pages\/74\/revisions\/4593"}],"wp:attachment":[{"href":"https:\/\/gdes.com\/wind\/es\/wp-json\/wp\/v2\/media?parent=74"}],"curies":[{"name":"wp","href":"https:\/\/api.w.org\/{rel}","templated":true}]}}