{"id":4627,"date":"2026-04-17T10:38:50","date_gmt":"2026-04-17T09:38:50","guid":{"rendered":"https:\/\/gdes.com\/wind\/?page_id=4627"},"modified":"2026-04-17T10:40:50","modified_gmt":"2026-04-17T09:40:50","slug":"reciclaje-y-economia-circular","status":"publish","type":"page","link":"https:\/\/gdes.com\/wind\/es\/reciclaje-y-economia-circular\/","title":{"rendered":"Reciclaje y econom\u00eda circular"},"content":{"rendered":"<p><strong>GDES Wind<\/strong> <strong>puede ayudarte a poner en valor tus aerogeneradores al final de su vida \u00fatil.<\/strong> Prestamos servicio a lo largo de la cadena de valor tanto en el desmantelamiento, corte y transporte, c\u00f3mo en la valorizaci\u00f3n final de los residuos. Para ello, disponemos de:<\/p>\n<p>\u27a2 <strong>Equipos de trabajo<\/strong> para diferentes tipos de corte en campo (cizallas, discos de diamante o hilo de diamante).<br \/>\n\u27a2 Medios de <strong>transporte de residuos<\/strong>.<br \/>\n\u27a2 Servicio como agente de residuos, para una <strong>gesti\u00f3n integral<\/strong> en nombre de nuestros clientes.<br \/>\n\u27a2 Soluciones de econom\u00eda circular con<strong> reciclaje<\/strong> del material para generar nuevos productos.<br \/>\n\u27a2 Acuerdos de colaboraci\u00f3n con diferentes <strong>plantas de valorizaci\u00f3n<\/strong>.<\/p>\n<p>&nbsp;<\/p>\n<p><img decoding=\"async\" class=\"aligncenter size-full wp-image-4628\" src=\"https:\/\/gdes.com\/wind\/wp-content\/uploads\/sites\/10\/2026\/04\/Economia-circular-GDES-Wind.png\" alt=\"\" width=\"1143\" height=\"669\" srcset=\"https:\/\/gdes.com\/wind\/wp-content\/uploads\/sites\/10\/2026\/04\/Economia-circular-GDES-Wind.png 1143w, https:\/\/gdes.com\/wind\/wp-content\/uploads\/sites\/10\/2026\/04\/Economia-circular-GDES-Wind-300x176.png 300w, https:\/\/gdes.com\/wind\/wp-content\/uploads\/sites\/10\/2026\/04\/Economia-circular-GDES-Wind-1024x599.png 1024w, https:\/\/gdes.com\/wind\/wp-content\/uploads\/sites\/10\/2026\/04\/Economia-circular-GDES-Wind-768x450.png 768w\" sizes=\"(max-width: 1143px) 100vw, 1143px\" \/><\/p>\n<h4 style=\"text-align: center;\"><a class=\"fasc-button fasc-size-large fasc-type-flat ico-fa fasc-ico-before fa-cloud-download\" style=\"background-color: #5ca2df; color: #ffffff;\" target=\"_blank\" rel=\"nofollow noopener\" href=\"https:\/\/gdes.com\/wind\/wp-content\/uploads\/sites\/10\/2026\/04\/Folleto-wind-A4.pdf\">Descargar Dosier Informativo<\/a><\/h4>\n<h4>&nbsp;<\/h4>\n<p>&nbsp;<\/p>","protected":false},"excerpt":{"rendered":"<p>GDES Wind puede ayudarte a poner en valor tus aerogeneradores al final de su vida \u00fatil. Prestamos servicio a lo largo de la cadena de valor tanto en el desmantelamiento, corte y transporte, c\u00f3mo en la valorizaci\u00f3n final de los residuos. Para ello, disponemos de: \u27a2 Equipos de trabajo para diferentes tipos de corte en [&hellip;]<\/p>\n","protected":false},"author":3,"featured_media":0,"parent":0,"menu_order":7,"comment_status":"closed","ping_status":"closed","template":"Page-fullwidth.php","meta":{"footnotes":""},"class_list":["post-4627","page","type-page","status-publish","hentry"],"aioseo_notices":[],"_links":{"self":[{"href":"https:\/\/gdes.com\/wind\/es\/wp-json\/wp\/v2\/pages\/4627","targetHints":{"allow":["GET"]}}],"collection":[{"href":"https:\/\/gdes.com\/wind\/es\/wp-json\/wp\/v2\/pages"}],"about":[{"href":"https:\/\/gdes.com\/wind\/es\/wp-json\/wp\/v2\/types\/page"}],"author":[{"embeddable":true,"href":"https:\/\/gdes.com\/wind\/es\/wp-json\/wp\/v2\/users\/3"}],"replies":[{"embeddable":true,"href":"https:\/\/gdes.com\/wind\/es\/wp-json\/wp\/v2\/comments?post=4627"}],"version-history":[{"count":2,"href":"https:\/\/gdes.com\/wind\/es\/wp-json\/wp\/v2\/pages\/4627\/revisions"}],"predecessor-version":[{"id":4633,"href":"https:\/\/gdes.com\/wind\/es\/wp-json\/wp\/v2\/pages\/4627\/revisions\/4633"}],"wp:attachment":[{"href":"https:\/\/gdes.com\/wind\/es\/wp-json\/wp\/v2\/media?parent=4627"}],"curies":[{"name":"wp","href":"https:\/\/api.w.org\/{rel}","templated":true}]}}