{"id":4410,"date":"2021-02-16T10:47:06","date_gmt":"2021-02-16T09:47:06","guid":{"rendered":"https:\/\/gdes.com\/wind\/?page_id=4410"},"modified":"2021-07-13T11:05:42","modified_gmt":"2021-07-13T10:05:42","slug":"logistica-retrofit-y-consultoria","status":"publish","type":"page","link":"https:\/\/gdes.com\/wind\/es\/logistica-retrofit-y-consultoria\/","title":{"rendered":"Log\u00edstica, retrofit y consultor\u00eda"},"content":{"rendered":"<p><b>GDES Wind <\/b>trabaja con los empresas m\u00e1s importantes del sector a nivel mundial, tanto tecn\u00f3logos, fabricantes de palas y&nbsp; grandes promotores e\u00f3licos,&nbsp; as\u00ed como&nbsp; todas aquellas empresas, entidades o&nbsp; instituciones con actividad relacionada con las palas del aerogenerador y los materiales compuestos.<\/p>\n<p>&nbsp;<\/p>\n<p>La flexibilidad y capacidad de adaptaci\u00f3n de la organizaci\u00f3n&nbsp; permite colaborar con los entornos m\u00e1s diversos en los 5 continentes donde se han desarrollado proyectos de muy diversa \u00edndole, desde grandes retrofits, hasta consultas y peque\u00f1as soluciones del d\u00eda a d\u00eda.<\/p>\n\n<p><img decoding=\"async\" class=\"wp-image-4058 size-full alignright\" src=\"https:\/\/gdes.com\/wind\/wp-content\/uploads\/sites\/10\/2021\/01\/GDES-WIND-logweb.png\" alt=\"\" width=\"202\" height=\"40\"><\/p>\n<p>&nbsp;<\/p>\n<table style=\"height: 297px; border-style: hidden; width: 1020px;\" width=\"1013\">\n<tbody>\n<tr style=\"height: 24px;\">\n<td style=\"height: 24px;\"><strong>&nbsp;Log\u00edstica de palas<\/strong><\/td>\n<\/tr>\n<tr style=\"height: 24px;\">\n<td style=\"height: 24px;\"><strong>&nbsp;Log\u00edstica de piezas y materiales<\/strong><\/td>\n<\/tr>\n<tr style=\"height: 24px;\">\n<td style=\"height: 24px;\"><strong>&nbsp;Medici\u00f3n de vibraciones en rotores y optimizaci\u00f3n de \u00e1ngulos de paso y equilibrado din\u00e1mico del rotor<\/strong><\/td>\n<\/tr>\n<tr style=\"height: 24px;\">\n<td style=\"height: 24px;\"><strong>&nbsp;Corte, desguace y gesti\u00f3n de palas in\u00fatiles<\/strong><\/td>\n<\/tr>\n<tr style=\"height: 24px;\">\n<td style=\"height: 24px;\"><strong>&nbsp;Formaci\u00f3n (Reparaci\u00f3n e inspecci\u00f3n de palas, materiales compuestos, etc.)<\/strong><\/td>\n<\/tr>\n<tr style=\"height: 48px;\">\n<td style=\"height: 48px;\"><strong>Consultor\u00eda y peritaje (ej. diagn\u00f3stico en remoto y tiempo real de problemas en las palas y sus posibles soluciones o decisiones de parada de m\u00e1quina en base a informaci\u00f3n y fotos enviadas por nuestros clientes)<\/strong><\/td>\n<\/tr>\n<\/tbody>\n<\/table>\n<p>&nbsp;<\/p>\n<h4 style=\"text-align: center;\"><a class=\"fasc-button fasc-size-large fasc-type-flat ico-fa fasc-ico-before fa-cloud-download\" style=\"background-color: #5ca2df; color: #ffffff;\" rel=\"nofollow\" href=\"https:\/\/gdes.com\/wind\/wp-content\/uploads\/sites\/10\/2021\/05\/Folleto-wind-red.-2021-ESP.pdf\">Descargar Dosier Informativo<\/a><\/h4>\n<h4>&nbsp;<\/h4>\n<p>&nbsp;<\/p>","protected":false},"excerpt":{"rendered":"<p>GDES Wind trabaja con los empresas m\u00e1s importantes del sector a nivel mundial, tanto tecn\u00f3logos, fabricantes de palas y&nbsp; grandes promotores e\u00f3licos,&nbsp; as\u00ed como&nbsp; todas aquellas empresas, entidades o&nbsp; instituciones con actividad relacionada con las palas del aerogenerador y los materiales compuestos. &nbsp; La flexibilidad y capacidad de adaptaci\u00f3n de la organizaci\u00f3n&nbsp; permite colaborar con [&hellip;]<\/p>\n","protected":false},"author":3,"featured_media":0,"parent":0,"menu_order":7,"comment_status":"closed","ping_status":"closed","template":"Page-fullwidth.php","meta":{"footnotes":""},"class_list":["post-4410","page","type-page","status-publish","hentry"],"aioseo_notices":[],"_links":{"self":[{"href":"https:\/\/gdes.com\/wind\/es\/wp-json\/wp\/v2\/pages\/4410","targetHints":{"allow":["GET"]}}],"collection":[{"href":"https:\/\/gdes.com\/wind\/es\/wp-json\/wp\/v2\/pages"}],"about":[{"href":"https:\/\/gdes.com\/wind\/es\/wp-json\/wp\/v2\/types\/page"}],"author":[{"embeddable":true,"href":"https:\/\/gdes.com\/wind\/es\/wp-json\/wp\/v2\/users\/3"}],"replies":[{"embeddable":true,"href":"https:\/\/gdes.com\/wind\/es\/wp-json\/wp\/v2\/comments?post=4410"}],"version-history":[{"count":5,"href":"https:\/\/gdes.com\/wind\/es\/wp-json\/wp\/v2\/pages\/4410\/revisions"}],"predecessor-version":[{"id":4482,"href":"https:\/\/gdes.com\/wind\/es\/wp-json\/wp\/v2\/pages\/4410\/revisions\/4482"}],"wp:attachment":[{"href":"https:\/\/gdes.com\/wind\/es\/wp-json\/wp\/v2\/media?parent=4410"}],"curies":[{"name":"wp","href":"https:\/\/api.w.org\/{rel}","templated":true}]}}