{"id":4073,"date":"2021-01-26T11:28:28","date_gmt":"2021-01-26T10:28:28","guid":{"rendered":"https:\/\/gdes.com\/wind\/?page_id=4073"},"modified":"2021-07-13T10:49:51","modified_gmt":"2021-07-13T09:49:51","slug":"composite","status":"publish","type":"page","link":"https:\/\/gdes.com\/wind\/es\/composite\/","title":{"rendered":"Fabricaci\u00f3n de piezas en composite"},"content":{"rendered":"<p><b>GDES Wind <\/b>fabrica en sus instalaciones y con procedimientos propios piezas en composites para el montaje de los aerogeneradores, como vierteaguas, tapas, diferentes elementos aerodin\u00e1micos, etc.&nbsp; Las t\u00e9cnicas de fabricaci\u00f3n se adecuan al tipo de pieza, para conseguir las piezas m\u00e1s efectivas desde el punto de vista de coste cumpliendo los requisitos de dise\u00f1o. Se utilizan las t\u00e9cnicas habituales para este tipo de piezas: infusi\u00f3n, RTM-light, laminaci\u00f3n manual, etc. Tambi\u00e9n lleva a cabo el montaje de estas piezas sobre la pala del aerogenerador una vez fabricadas, all\u00ed donde sea necesario: f\u00e1brica de palas, puerto, parque e\u00f3lico, instalaciones del cliente, etc.<\/p>\n<p>&nbsp;<\/p>\n<p><b>GDES Wind <\/b>ha integrado recientemente los recursos, conocimiento y experiencia de una compa\u00f1\u00eda con m\u00e1s de 20 de experiencia en la fabricaci\u00f3n de piezas en composite para la industria e\u00f3lica (C.M.C.), suministrando componentes a loa mayor parte de las empresas en el sector de la energ\u00eda e\u00f3lica.<\/p>\n\n<p>&nbsp;<\/p>\n<h4 style=\"text-align: center;\"><a class=\"fasc-button fasc-size-large fasc-type-glossy ico-fa fasc-ico-before fa-file-text-o\" style=\"background-color: #5ca2df; color: #ffffff;\" target=\"_blank\" rel=\"noopener\" href=\"https:\/\/gdes.com\/wind\/wp-content\/uploads\/sites\/10\/2021\/05\/Folleto-wind-red.-2021-ESP.pdf\">Descargar Dosier Informativo<\/a><\/h4>\n<p>&nbsp;<\/p>","protected":false},"excerpt":{"rendered":"<p>GDES Wind fabrica en sus instalaciones y con procedimientos propios piezas en composites para el montaje de los aerogeneradores, como vierteaguas, tapas, diferentes elementos aerodin\u00e1micos, etc.&nbsp; Las t\u00e9cnicas de fabricaci\u00f3n se adecuan al tipo de pieza, para conseguir las piezas m\u00e1s efectivas desde el punto de vista de coste cumpliendo los requisitos de dise\u00f1o. Se [&hellip;]<\/p>\n","protected":false},"author":3,"featured_media":0,"parent":0,"menu_order":7,"comment_status":"closed","ping_status":"closed","template":"Page-fullwidth.php","meta":{"footnotes":""},"class_list":["post-4073","page","type-page","status-publish","hentry"],"aioseo_notices":[],"_links":{"self":[{"href":"https:\/\/gdes.com\/wind\/es\/wp-json\/wp\/v2\/pages\/4073","targetHints":{"allow":["GET"]}}],"collection":[{"href":"https:\/\/gdes.com\/wind\/es\/wp-json\/wp\/v2\/pages"}],"about":[{"href":"https:\/\/gdes.com\/wind\/es\/wp-json\/wp\/v2\/types\/page"}],"author":[{"embeddable":true,"href":"https:\/\/gdes.com\/wind\/es\/wp-json\/wp\/v2\/users\/3"}],"replies":[{"embeddable":true,"href":"https:\/\/gdes.com\/wind\/es\/wp-json\/wp\/v2\/comments?post=4073"}],"version-history":[{"count":18,"href":"https:\/\/gdes.com\/wind\/es\/wp-json\/wp\/v2\/pages\/4073\/revisions"}],"predecessor-version":[{"id":4480,"href":"https:\/\/gdes.com\/wind\/es\/wp-json\/wp\/v2\/pages\/4073\/revisions\/4480"}],"wp:attachment":[{"href":"https:\/\/gdes.com\/wind\/es\/wp-json\/wp\/v2\/media?parent=4073"}],"curies":[{"name":"wp","href":"https:\/\/api.w.org\/{rel}","templated":true}]}}