{"id":3796,"date":"2018-11-14T13:44:24","date_gmt":"2018-11-14T12:44:24","guid":{"rendered":"https:\/\/gdes.com\/gdes-uk\/?page_id=3796"},"modified":"2021-02-09T13:44:43","modified_gmt":"2021-02-09T12:44:43","slug":"empleo","status":"publish","type":"page","link":"https:\/\/gdes.com\/wind\/es\/empleo\/","title":{"rendered":"Empleo"},"content":{"rendered":"<p><\/p>\n<h1>Trabaja con nosotros<\/h1>\n<h1><\/h1>\n<p>&nbsp;<\/p>\n<h1><img fetchpriority=\"high\" decoding=\"async\" class=\"wp-image-4190 size-full alignright\" src=\"https:\/\/gdes.com\/wind\/wp-content\/uploads\/sites\/10\/2021\/02\/Imagen9.jpg\" alt=\"\" width=\"499\" height=\"374\" srcset=\"https:\/\/gdes.com\/wind\/wp-content\/uploads\/sites\/10\/2021\/02\/Imagen9.jpg 499w, https:\/\/gdes.com\/wind\/wp-content\/uploads\/sites\/10\/2021\/02\/Imagen9-300x225.jpg 300w\" sizes=\"(max-width: 499px) 100vw, 499px\" \/><\/h1>\n<p>Si buscas trabajo en el sector \u00e9olico, env\u00eda tu Curriculum Vitae junto a una carta de presentaci\u00f3n a nuestro equipo de Recursos Humanos a trav\u00e9s de:<\/p>\n<h3><\/h3>\n<h3><a href=\"mailto:rrhh.wind@gdes.com\">rrhh.wind@gdes.com<\/a><\/h3>\n<p>Estaremos encantados de conocerte en nuestros diferentes departamentos:<\/p>\n<p>&nbsp;<\/p>\n<ul>\n<li>\n<h5>Departamento t\u00e9cnico e ingenier\u00eda<\/h5>\n<\/li>\n<li>\n<h5>Departamento de operaciones, calidad y PRL<\/h5>\n<\/li>\n<li>\n<h5>Departamento comercial<\/h5>\n<\/li>\n<li>\n<h5>Departamento administrativo &#8211; financiero<\/h5>\n<\/li>\n<li>\n<h5>Departamento de recursos humanos<\/h5>\n<\/li>\n<\/ul>\n<p><b>GDES Wind <\/b>presta especial atenci\u00f3n a su activo m\u00e1s valioso: el <strong>Capital Humano<\/strong>. Las<strong> personas<\/strong> que conforman la organizaci\u00f3n y desempe\u00f1an un papel clave en el desarrollo diario de la empresa y la confianza depositada por sus clientes.<\/p>\n<p>&nbsp;<\/p>\n<p><b>GDES Wind <\/b>realiza capacitaciones externas e internas para mantenerse a la vanguardia de las \u00faltimas tecnolog\u00edas y medidas de prevenci\u00f3n que afectan su actividad. Cabe destacar especialmente la constante y creciente creaci\u00f3n de empleos de la empresa a lo largo de los a\u00f1os y el valor agregado de sus bajos \u00edndices de rotaci\u00f3n de personal.\u00a0<b>GDES Wind <\/b>colabora, adem\u00e1s, con la <a href=\"https:\/\/www.fundacionprodis.org\/\">Fundaci\u00f3n Prodis<\/a> con el fin de incorporar a personas discapacitadas en el mercado laboral.<\/p>\n<p>&nbsp;<\/p>\n<p>&nbsp;<\/p>\n<p>&nbsp;<\/p>","protected":false},"excerpt":{"rendered":"<p>Trabaja con nosotros &nbsp; Si buscas trabajo en el sector \u00e9olico, env\u00eda tu Curriculum Vitae junto a una carta de presentaci\u00f3n a nuestro equipo de Recursos Humanos a trav\u00e9s de: rrhh.wind@gdes.com Estaremos encantados de conocerte en nuestros diferentes departamentos: &nbsp; Departamento t\u00e9cnico e ingenier\u00eda Departamento de operaciones, calidad y PRL Departamento comercial Departamento administrativo &#8211; [&hellip;]<\/p>\n","protected":false},"author":3,"featured_media":0,"parent":0,"menu_order":0,"comment_status":"closed","ping_status":"closed","template":"Page-fullwidth.php","meta":{"footnotes":""},"class_list":["post-3796","page","type-page","status-publish","hentry"],"aioseo_notices":[],"_links":{"self":[{"href":"https:\/\/gdes.com\/wind\/es\/wp-json\/wp\/v2\/pages\/3796","targetHints":{"allow":["GET"]}}],"collection":[{"href":"https:\/\/gdes.com\/wind\/es\/wp-json\/wp\/v2\/pages"}],"about":[{"href":"https:\/\/gdes.com\/wind\/es\/wp-json\/wp\/v2\/types\/page"}],"author":[{"embeddable":true,"href":"https:\/\/gdes.com\/wind\/es\/wp-json\/wp\/v2\/users\/3"}],"replies":[{"embeddable":true,"href":"https:\/\/gdes.com\/wind\/es\/wp-json\/wp\/v2\/comments?post=3796"}],"version-history":[{"count":63,"href":"https:\/\/gdes.com\/wind\/es\/wp-json\/wp\/v2\/pages\/3796\/revisions"}],"predecessor-version":[{"id":4244,"href":"https:\/\/gdes.com\/wind\/es\/wp-json\/wp\/v2\/pages\/3796\/revisions\/4244"}],"wp:attachment":[{"href":"https:\/\/gdes.com\/wind\/es\/wp-json\/wp\/v2\/media?parent=3796"}],"curies":[{"name":"wp","href":"https:\/\/api.w.org\/{rel}","templated":true}]}}