{"id":3336,"date":"2017-12-05T10:56:29","date_gmt":"2017-12-05T09:56:29","guid":{"rendered":"https:\/\/gdes.com\/gdes-uk\/?page_id=3336"},"modified":"2023-01-17T22:12:36","modified_gmt":"2023-01-17T21:12:36","slug":"acreditations","status":"publish","type":"page","link":"https:\/\/gdes.com\/wind\/es\/acreditations\/","title":{"rendered":"Certificaciones"},"content":{"rendered":"<p><\/p>\n<h1><\/h1>\n<h1>Calidad y Seguridad<\/h1>\n<p>&nbsp;<\/p>\n<p><b>GDES Wind <\/b>cuenta con la certificaci\u00f3n de uno de los organismos m\u00e1s prestigiosos en el sector de la energ\u00eda e\u00f3lica:: <strong>DNV-GL (Det Norske Veritas-GL Global Service)<\/strong>.\u00a0\u00a0Adem\u00e1s de la Certificaci\u00f3n\u00a0<strong>GWO (Global Wind Organization)<\/strong>\u00a0 para impartir formaci\u00f3n, en colaboraci\u00f3n con la empresa Seganosa, para la especializaci\u00f3n y cualificaci\u00f3n certificada en reparaci\u00f3n de palas\u00a0<strong><em>Blade Repair GWO<\/em>.<\/strong><\/p>\n<p>&nbsp;<\/p>\n<h4><b><img fetchpriority=\"high\" decoding=\"async\" class=\"wp-image-4464 size-full alignright\" src=\"https:\/\/gdes.com\/wind\/wp-content\/uploads\/sites\/10\/2021\/04\/ISOS.jpg\" alt=\"\" width=\"350\" height=\"143\" srcset=\"https:\/\/gdes.com\/wind\/wp-content\/uploads\/sites\/10\/2021\/04\/ISOS.jpg 350w, https:\/\/gdes.com\/wind\/wp-content\/uploads\/sites\/10\/2021\/04\/ISOS-300x123.jpg 300w\" sizes=\"(max-width: 350px) 100vw, 350px\" \/><\/b><\/h4>\n<h4><b>\u2714<\/b>Sistema de calidad conforme a la norma <b>ISO 9001: 2015.<\/b><\/h4>\n<h4><b>\u2714\u00a0<\/b>Sistema de gesti\u00f3n ambiental seg\u00fan <strong>ISO 14001: 2015.<\/strong><\/h4>\n<h4><b>\u2714\u00a0<\/b>Sistema de gesti\u00f3n de prevenci\u00f3n conforme a\u00a0<strong>ISO 45001:2018.<\/strong><\/h4>\n<h4><b>\u00a0<\/b><\/h4>\n<p><b><br \/>\n<img decoding=\"async\" class=\"aligncenter wp-image-4050 size-full\" src=\"https:\/\/gdes.com\/wind\/wp-content\/uploads\/sites\/10\/2017\/07\/B3.jpg\" alt=\"\" width=\"1903\" height=\"501\" srcset=\"https:\/\/gdes.com\/wind\/wp-content\/uploads\/sites\/10\/2017\/07\/B3.jpg 1903w, https:\/\/gdes.com\/wind\/wp-content\/uploads\/sites\/10\/2017\/07\/B3-300x79.jpg 300w, https:\/\/gdes.com\/wind\/wp-content\/uploads\/sites\/10\/2017\/07\/B3-768x202.jpg 768w, https:\/\/gdes.com\/wind\/wp-content\/uploads\/sites\/10\/2017\/07\/B3-1024x270.jpg 1024w\" sizes=\"(max-width: 1903px) 100vw, 1903px\" \/><\/b><\/p>\n<p>&nbsp;<\/p>","protected":false},"excerpt":{"rendered":"<p>Calidad y Seguridad &nbsp; GDES Wind cuenta con la certificaci\u00f3n de uno de los organismos m\u00e1s prestigiosos en el sector de la energ\u00eda e\u00f3lica:: DNV-GL (Det Norske Veritas-GL Global Service).\u00a0\u00a0Adem\u00e1s de la Certificaci\u00f3n\u00a0GWO (Global Wind Organization)\u00a0 para impartir formaci\u00f3n, en colaboraci\u00f3n con la empresa Seganosa, para la especializaci\u00f3n y cualificaci\u00f3n certificada en reparaci\u00f3n de palas\u00a0Blade [&hellip;]<\/p>\n","protected":false},"author":3,"featured_media":0,"parent":0,"menu_order":0,"comment_status":"closed","ping_status":"closed","template":"Page-fullwidth.php","meta":{"footnotes":""},"class_list":["post-3336","page","type-page","status-publish","hentry"],"aioseo_notices":[],"_links":{"self":[{"href":"https:\/\/gdes.com\/wind\/es\/wp-json\/wp\/v2\/pages\/3336","targetHints":{"allow":["GET"]}}],"collection":[{"href":"https:\/\/gdes.com\/wind\/es\/wp-json\/wp\/v2\/pages"}],"about":[{"href":"https:\/\/gdes.com\/wind\/es\/wp-json\/wp\/v2\/types\/page"}],"author":[{"embeddable":true,"href":"https:\/\/gdes.com\/wind\/es\/wp-json\/wp\/v2\/users\/3"}],"replies":[{"embeddable":true,"href":"https:\/\/gdes.com\/wind\/es\/wp-json\/wp\/v2\/comments?post=3336"}],"version-history":[{"count":32,"href":"https:\/\/gdes.com\/wind\/es\/wp-json\/wp\/v2\/pages\/3336\/revisions"}],"predecessor-version":[{"id":4489,"href":"https:\/\/gdes.com\/wind\/es\/wp-json\/wp\/v2\/pages\/3336\/revisions\/4489"}],"wp:attachment":[{"href":"https:\/\/gdes.com\/wind\/es\/wp-json\/wp\/v2\/media?parent=3336"}],"curies":[{"name":"wp","href":"https:\/\/api.w.org\/{rel}","templated":true}]}}