{"id":3332,"date":"2017-12-05T10:56:29","date_gmt":"2017-12-05T09:56:29","guid":{"rendered":"https:\/\/gdes.com\/gdes-uk\/?page_id=3332"},"modified":"2023-01-23T15:16:28","modified_gmt":"2023-01-23T14:16:28","slug":"aboutus","status":"publish","type":"page","link":"https:\/\/gdes.com\/wind\/es\/aboutus\/","title":{"rendered":"Con\u00f3cenos"},"content":{"rendered":"<p>&nbsp;<\/p>\n<p><b>GDES Wind <\/b>(hasta 2015 S\u00e1lvoravento) nace en 2004 como una de las primeras empresas espa\u00f1olas independientes en el \u00e1mbito de las palas e\u00f3licas y materiales compuestos, fundamentalmente en su mantenimiento, pero tambi\u00e9n en su dise\u00f1o, fabricaci\u00f3n, inspecci\u00f3n, auditor\u00edas, retrofits y otros \u00e1mbitos.<\/p>\n<p>&nbsp;<\/p>\n<p>En marzo de 2012, <b>S\u00e1lvoravento<\/b> se incorpora a <strong>Grupo Dominguis Energy Services<\/strong>, s\u00f3lido grupo industrial espa\u00f1ol con amplia experiencia en servicios de mantenimiento para la industria energ\u00e9tica y presencia en 9 pa\u00edses. En abril de2015, <b>S\u00e1lvoravento<\/b> cambia su nombre a <b>GDES Wind<\/b>.<\/p>\n<p>&nbsp;<\/p>\n<h2 style=\"text-align: center;\"><span style=\"color: #105fc6;\">Presencia geogr\u00e1fica<\/span><\/h2>\n<p>&nbsp;<\/p>\n<hr \/>\n<h2><\/h2>\n<p>GDES Wind tiene desde sus inicios una dimensi\u00f3n internacional y desarrolla su actividad de modo natural en Espa\u00f1a, Portugal y Francia. Hasta la actualidad ha desarrollado proyectos en 36 pa\u00edses (en los 5 continentes), y cuenta con la log\u00edstica necesaria para realizar proyectos en cualquier parte del mundo.<\/p>\n<p>&nbsp;<\/p>\n<p>GDES Wind cuenta con<strong> 3 bases operativas en Espa\u00f1a<\/strong>:\u00a0 Culleredo &#8211; A Coru\u00f1a (sede principal), As Pontes &#8211; A Coru\u00f1a (taller &gt; 3.000 m2), y Albacete. GDES Wind, Inc. (oficinas en <strong>Denver, Colorado<\/strong>) y GDES Wind SAS (oficinas en <strong>Boll\u00e8ne, Francia<\/strong>), son compa\u00f1\u00edas subsidiarias de GDES Wind S.L., focalizadas en el mercado de EE.UU. y Francia respectivamente.<\/p>\n<p>&nbsp;<\/p>\n<p>Para proyectos espec\u00edficos, se establecen bases temporales o instalaciones donde sea necesario, adaptadas en tama\u00f1o y estructura a cada proyecto.<\/p>\n<p>&nbsp;<\/p>\n<p>&nbsp;<\/p>\n<div class=\"wpgmp_map_container wpgmp-map-provider-google wpgmp-map-4\" rel=\"map4\" data-plugin-version=\"4.9.2\"><div class=\"wpgmp_map_parent\"><div class=\"wpgmp_map \" style=\"width:100%;height:350px\" id=\"map4\" data-map-id=\"4\"><\/div><\/div><\/div><style> .wpgmp-map-4 .wpgmp_locations{background-image:none;font-family:-apple-system, BlinkMacSystemFont, \"Segoe UI\", Roboto, Oxygen-Sans, Ubuntu, Cantarell, \"Helvetica Neue\", sans-serif;font-weight:400;font-size:16px;color:rgb(119, 119, 119);line-height:20.8px;background-color:rgb(255, 255, 255);font-style:normal;text-align:start;text-decoration:rgb(119, 119, 119);margin-top:0px;margin-bottom:0px;margin-left:0px;margin-right:0px;padding-top:24px;padding-bottom:24px;padding-left:20px;padding-right:20px;} .wpgmp-map-4 .wpgmp_locations_head{background-image:none;font-family:-apple-system, BlinkMacSystemFont, \"Segoe UI\", Roboto, Oxygen-Sans, Ubuntu, Cantarell, \"Helvetica Neue\", sans-serif;font-weight:400;font-size:16px;color:rgb(119, 119, 119);line-height:20.8px;background-color:rgba(0, 0, 0, 0);font-style:normal;text-align:start;text-decoration:rgb(119, 119, 119);margin-top:0px;margin-bottom:10px;margin-left:0px;margin-right:0px;padding-top:0px;padding-bottom:0px;padding-left:0px;padding-right:0px;} .wpgmp-map-4 .place_title{background-image:none;font-family:-apple-system, BlinkMacSystemFont, \"Segoe UI\", Roboto, Oxygen-Sans, Ubuntu, Cantarell, \"Helvetica Neue\", sans-serif;font-weight:700;font-size:20px;color:rgb(67, 144, 255);line-height:28px;background-color:rgba(0, 0, 0, 0);font-style:normal;text-align:start;text-decoration:rgb(67, 144, 255);margin-top:0px;margin-bottom:0px;margin-left:0px;margin-right:0px;padding-top:0px;padding-bottom:0px;padding-left:0px;padding-right:0px;} .wpgmp-map-4 .wpgmp_location_meta{background-image:none;font-family:-apple-system, BlinkMacSystemFont, \"Segoe UI\", Roboto, Oxygen-Sans, Ubuntu, Cantarell, \"Helvetica Neue\", sans-serif;font-weight:400;font-size:16px;color:rgb(119, 119, 119);line-height:20.8px;background-color:rgba(0, 0, 0, 0);font-style:normal;text-align:start;text-decoration:rgb(119, 119, 119);margin-top:0px;margin-bottom:0px;margin-left:0px;margin-right:0px;padding-top:0px;padding-bottom:0px;padding-left:0px;padding-right:0px;} .wpgmp-map-4 .wpgmp_locations_content{background-image:none;font-family:-apple-system, BlinkMacSystemFont, \"Segoe UI\", Roboto, Oxygen-Sans, Ubuntu, Cantarell, \"Helvetica Neue\", sans-serif;font-weight:400;font-size:16px;color:rgb(119, 119, 119);line-height:20.8px;background-color:rgba(0, 0, 0, 0);font-style:normal;text-align:start;text-decoration:rgb(119, 119, 119);margin-top:0px;margin-bottom:0px;margin-left:0px;margin-right:0px;padding-top:0px;padding-bottom:0px;padding-left:0px;padding-right:0px;}<\/style><script>jQuery(document).ready(function($){ window.wpgmp = window.wpgmp || {}; window.wpgmp.mapdata4 = \"eyJhdXRvc29ydCI6dHJ1ZSwibWFwX29wdGlvbnMiOnsiY2VudGVyX2xhdCI6IjM4LjMwOTg0MDciLCJjZW50ZXJfbG5nIjoiLTMwLjM4NTAxMzIiLCJ6b29tIjoyLCJtYXBfdHlwZV9pZCI6IkhZQlJJRCIsImNlbnRlcl9ieV9uZWFyZXN0IjpmYWxzZSwiZml0X2JvdW5kcyI6ZmFsc2UsImNlbnRlcl9jaXJjbGVfZmlsbGNvbG9yIjoiIzhDQUVGMiIsImNlbnRlcl9jaXJjbGVfZmlsbG9wYWNpdHkiOiIuNSIsImNlbnRlcl9jaXJjbGVfc3Ryb2tlY29sb3IiOiIjOENBRUYyIiwiY2VudGVyX2NpcmNsZV9zdHJva2VvcGFjaXR5IjoiLjUiLCJzaG93X2NlbnRlcl9jaXJjbGUiOmZhbHNlLCJzaG93X2NlbnRlcl9tYXJrZXIiOmZhbHNlLCJjZW50ZXJfbWFya2VyX2ljb24iOiJodHRwczpcL1wvZ2Rlcy5jb21cL3dpbmRcL3dwLWNvbnRlbnRcL3BsdWdpbnNcL3dwLWdvb2dsZS1tYXAtcGx1Z2luXC9hc3NldHNcL2ltYWdlc1wvaWNvbnNcL21hcmtlci1zaGFwZS0yLnN2ZyIsImRyYWdnYWJsZSI6dHJ1ZSwic2Nyb2xsX3doZWVsIjoiZmFsc2UiLCJnZXN0dXJlIjoiYXV0byIsIm1hcmtlcl9kZWZhdWx0X2ljb24iOiJodHRwczpcL1wvZ2Rlcy5jb21cL3dpbmRcL3dwLWNvbnRlbnRcL3VwbG9hZHNcL3NpdGVzXC8xMFwvMjAyMVwvMDFcL2dkZXNtYXAucG5nIiwiaW5mb3dpbmRvd19zZXR0aW5nIjoie21hcmtlcl9tZXNzYWdlfS4iLCJpbmZvd2luZG93X3NraW4iOnsibmFtZSI6ImRlZmF1bHQiLCJ0eXBlIjoiaW5mb3dpbmRvdyIsInNvdXJjZWNvZGUiOiJ7bWFya2VyX21lc3NhZ2V9LiJ9LCJpbmZvd2luZG93X2JvdW5jZV9hbmltYXRpb24iOiJtb3VzZW92ZXIiLCJpbmZvd2luZG93X2Ryb3BfYW5pbWF0aW9uIjpmYWxzZSwiY2xvc2VfaW5mb3dpbmRvd19vbl9tYXBfY2xpY2siOmZhbHNlLCJkZWZhdWx0X2luZm93aW5kb3dfb3BlbiI6ZmFsc2UsImluZm93aW5kb3dfb3Blbl9ldmVudCI6ImNsaWNrIiwibGlzdGluZ19pbmZvd2luZG93X29wZW5fZXZlbnQiOiJjbGljayIsImlzX21vYmlsZSI6ZmFsc2UsImluZm93aW5kb3dfZmlsdGVyX29ubHkiOmZhbHNlLCJpbmZvd2luZG93X2NsaWNrX2NoYW5nZV96b29tIjowLCJpbmZvd2luZG93X2NsaWNrX2NoYW5nZV9jZW50ZXIiOmZhbHNlLCJmdWxsX3NjcmVlbl9jb250cm9sIjp0cnVlLCJjYW1lcmFfY29udHJvbCI6ZmFsc2UsInNlYXJjaF9jb250cm9sIjp0cnVlLCJ6b29tX2NvbnRyb2wiOnRydWUsIm1hcF90eXBlX2NvbnRyb2wiOnRydWUsInN0cmVldF92aWV3X2NvbnRyb2wiOnRydWUsImxvY2F0ZW1lX2NvbnRyb2wiOmZhbHNlLCJtb2JpbGVfc3BlY2lmaWMiOmZhbHNlLCJ6b29tX21vYmlsZSI6NSwiZHJhZ2dhYmxlX21vYmlsZSI6dHJ1ZSwic2Nyb2xsX3doZWVsX21vYmlsZSI6dHJ1ZSwiZnVsbF9zY3JlZW5fY29udHJvbF9wb3NpdGlvbiI6IlRPUF9SSUdIVCIsImNhbWVyYV9jb250cm9sX3Bvc2l0aW9uIjoiVE9QX0xFRlQiLCJzZWFyY2hfY29udHJvbF9wb3NpdGlvbiI6IlRPUF9MRUZUIiwibG9jYXRlbWVfY29udHJvbF9wb3NpdGlvbiI6IlRPUF9MRUZUIiwiem9vbV9jb250cm9sX3Bvc2l0aW9uIjoiVE9QX0xFRlQiLCJtYXBfdHlwZV9jb250cm9sX3Bvc2l0aW9uIjoiVE9QX1JJR0hUIiwibWFwX3R5cGVfY29udHJvbF9zdHlsZSI6IkhPUklaT05UQUxfQkFSIiwic3RyZWV0X3ZpZXdfY29udHJvbF9wb3NpdGlvbiI6IlRPUF9MRUZUIiwic2NyZWVucyI6eyJ0ZWxlZm9ub3MtaW50ZWxpZ2VudGVzIjp7Im1hcF96b29tX2xldmVsX21vYmlsZSI6IjUifSwiaXBhZHMiOnsibWFwX3pvb21fbGV2ZWxfbW9iaWxlIjoiNSJ9LCJwYW50YWxsYXMtZ3JhbmRlcyI6eyJtYXBfem9vbV9sZXZlbF9tb2JpbGUiOiI1In19LCJtYXBfaW5mb3dpbmRvd19jdXN0b21pc2F0aW9ucyI6ZmFsc2UsImluZm93aW5kb3dfd2lkdGgiOiIxMDAlIiwic2hvd19pbmZvd2luZG93X2hlYWRlciI6ZmFsc2UsIm1pbl96b29tIjoiMCIsIm1heF96b29tIjoiMTkiLCJ6b29tX2xldmVsX2FmdGVyX3NlYXJjaCI6IjEwIiwiZG91YmxlY2xpY2t6b29tIjpmYWxzZSwiY3VycmVudF9wb3N0X29ubHkiOmZhbHNlLCJhZHZhbmNlX3RlbXBsYXRlIjpmYWxzZSwibWFwX3RpbGVfdXJsIjoiaHR0cHM6XC9cL3tzfS50aWxlLm9wZW5zdHJlZXRtYXAub3JnXC97en1cL3t4fVwve3l9LnBuZyIsIm9wZW5zdHJlZXRfc3R5bGVzIjp7Ik9wZW5TdHJlZXRNYXAuTWFwbmlrIjoiaHR0cHM6XC9cL3tzfS50aWxlLm9wZW5zdHJlZXRtYXAub3JnXC97en1cL3t4fVwve3l9LnBuZyIsIk9wZW5TdHJlZXRNYXAuREUiOiJodHRwczpcL1wve3N9LnRpbGUub3BlbnN0cmVldG1hcC5kZVwvdGlsZXNcL29zbWRlXC97en1cL3t4fVwve3l9LnBuZyIsIk9wZW5TdHJlZXRNYXAuQ0giOiJodHRwczpcL1wvdGlsZS5vc20uY2hcL3N3aXR6ZXJsYW5kXC97en1cL3t4fVwve3l9LnBuZyIsIk9wZW5TdHJlZXRNYXAuRnJhbmNlIjoiaHR0cHM6XC9cL3tzfS50aWxlLm9wZW5zdHJlZXRtYXAuZnJcL29zbWZyXC97en1cL3t4fVwve3l9LnBuZyIsIk9wZW5TdHJlZXRNYXAuSE9UIjoiaHR0cHM6XC9cL3tzfS50aWxlLm9wZW5zdHJlZXRtYXAuZnJcL2hvdFwve3p9XC97eH1cL3t5fS5wbmciLCJPcGVuU3RyZWV0TWFwLkJaSCI6Imh0dHBzOlwvXC90aWxlLm9wZW5zdHJlZXRtYXAuYnpoXC9iclwve3p9XC97eH1cL3t5fS5wbmciLCJPcGVuVG9wb01hcCI6Imh0dHBzOlwvXC97c30udGlsZS5vcGVudG9wb21hcC5vcmdcL3t6fVwve3h9XC97eX0ucG5nIiwiVGh1bmRlcmZvcmVzdC5PcGVuQ3ljbGVNYXAiOiJodHRwczpcL1wvZGV2LntzfS50aWxlLm9wZW5zdHJlZXRtYXAuZnJcL2N5Y2xvc21cL3t6fVwve3h9XC97eX0ucG5nIiwiT3Blbk1hcFN1cmZlci5Sb2FkcyI6Imh0dHBzOlwvXC9tYXBzLmhlaWdpdC5vcmdcL29wZW5tYXBzdXJmZXJcL3RpbGVzXC9yb2Fkc1wvd2VibWVyY2F0b3JcL3t6fVwve3h9XC97eX0ucG5nIn0sIm9wZW5zdHJlZXRfc3R5bGVzX21hcmt1cCI6IjxzZWxlY3QgY2xhc3M9XCJ3cG9tcF9tYXBfdHlwZVwiPjxvcHRpb24gdmFsdWU9XCJPcGVuU3RyZWV0TWFwLk1hcG5pa1wiPk9wZW5TdHJlZXRNYXAuTWFwbmlrPFwvb3B0aW9uPjxvcHRpb24gdmFsdWU9XCJPcGVuU3RyZWV0TWFwLkRFXCI+T3BlblN0cmVldE1hcC5ERTxcL29wdGlvbj48b3B0aW9uIHZhbHVlPVwiT3BlblN0cmVldE1hcC5DSFwiPk9wZW5TdHJlZXRNYXAuQ0g8XC9vcHRpb24+PG9wdGlvbiB2YWx1ZT1cIk9wZW5TdHJlZXRNYXAuRnJhbmNlXCI+T3BlblN0cmVldE1hcC5GcmFuY2U8XC9vcHRpb24+PG9wdGlvbiB2YWx1ZT1cIk9wZW5TdHJlZXRNYXAuSE9UXCI+T3BlblN0cmVldE1hcC5IT1Q8XC9vcHRpb24+PG9wdGlvbiB2YWx1ZT1cIk9wZW5TdHJlZXRNYXAuQlpIXCI+T3BlblN0cmVldE1hcC5CWkg8XC9vcHRpb24+PG9wdGlvbiB2YWx1ZT1cIk9wZW5Ub3BvTWFwXCI+T3BlblRvcG9NYXA8XC9vcHRpb24+PG9wdGlvbiB2YWx1ZT1cIlRodW5kZXJmb3Jlc3QuT3BlbkN5Y2xlTWFwXCI+VGh1bmRlcmZvcmVzdC5PcGVuQ3ljbGVNYXA8XC9vcHRpb24+PG9wdGlvbiB2YWx1ZT1cIk9wZW5NYXBTdXJmZXIuUm9hZHNcIj5PcGVuTWFwU3VyZmVyLlJvYWRzPFwvb3B0aW9uPjxcL3NlbGVjdD4iLCJtYXBfYm94X3N0eWxlc19tYXJrdXAiOiI8c2VsZWN0IGNsYXNzPVwid3BvbXBfbWFwYm94X3R5cGVcIj48b3B0aW9uIHZhbHVlPVwic3RyZWV0cy12MTFcIj5TdHJlZXRzPFwvb3B0aW9uPjxvcHRpb24gdmFsdWU9XCJsaWdodC12MTBcIj5MaWdodDxcL29wdGlvbj48b3B0aW9uIHZhbHVlPVwiZGFyay12MTBcIj5EYXJrPFwvb3B0aW9uPjxvcHRpb24gdmFsdWU9XCJvdXRkb29ycy12MTFcIj5PdXRkb29yczxcL29wdGlvbj48b3B0aW9uIHZhbHVlPVwic2F0ZWxsaXRlLXY5XCI+U2F0ZWxsaXRlPFwvb3B0aW9uPjxcL3NlbGVjdD4iLCJib3VuZF9tYXBfYWZ0ZXJfZmlsdGVyIjpmYWxzZSwiZGlzcGxheV9yZXNldF9idXR0b24iOmZhbHNlLCJtYXBfcmVzZXRfYnV0dG9uX3RleHQiOiJSZXN0YWJsZWNlciIsImhlaWdodCI6IjM1MCIsInRpbGVzX3Byb3ZpZGVyIjoib3BlbnN0cmVldCJ9LCJwbGFjZXMiOlt7ImlkIjoiNyIsInRpdGxlIjoiR0RFUyBXSU5EIEZyYW5jZSIsImFkZHJlc3MiOiIxNDQ1IGF2ZW51ZSBkdSBDb210YXQgODQ1MDAgQk9MTFx1MDBjOE5FXHUyMDBiIiwic291cmNlIjoibWFudWFsIiwiY29udGVudCI6IkdERVMgV0lORCBGcmFuY2U8YnI+XHJcbkdERVMgV2luZCBTQVMuIDE0NDUgYXZlbnVlIGR1IENvbXRhdCA4NDUwMCBCT0xMXHUwMGM4TkVcdTIwMGI8YnI+XHJcblRlbDpcdTAwYTArMzNcdTAwYTAoMClcdTAwYTA2IDcyIDkzIDc0IDc2IChIZXJ2XHUwMGU5IEdVSUdVRSk8YnI+XHJcbkUtbWFpbDogaC5ndWlndWVAZ2Rlcy5jb208YnI+XHJcbiAgICAgICAgICAgaW5mby53aW5kQGdkZXMuY29tXHJcblxyXG5cclxuIiwibG9jYXRpb24iOnsiaWNvbiI6Imh0dHBzOlwvXC9nZGVzLmNvbVwvZ2Rlcy11a1wvd3AtY29udGVudFwvdXBsb2Fkc1wvc2l0ZXNcLzhcLzIwMTdcLzA5XC9nZGVzbWFwLnBuZyIsImxhdCI6IjQ0LjMxOTY3MjAiLCJsbmciOiI0LjcyMTIzNTksMTkiLCJjaXR5IjoiQm9sbFx1MDBlOG5lIiwic3RhdGUiOiJCb2xsXHUwMGU4bmUiLCJjb3VudHJ5IjoiRnJhbmNpYSIsIm9uY2xpY2tfYWN0aW9uIjoibWFya2VyIiwicmVkaXJlY3RfY3VzdG9tX2xpbmsiOiIiLCJtYXJrZXJfaW1hZ2UiOiI8ZGl2IGNsYXNzPSdmYy1mZWF0dXJlLWltZyc+PGltZyBsb2FkaW5nPSdsYXp5JyBkZWNvZGluZz0nYXN5bmMnIGFsdD0nR0RFUyBXSU5EIEZyYW5jZScgc3JjPSdodHRwczpcL1wvZ2Rlcy5jb21cL3dpbmRcL3dwLWNvbnRlbnRcL3BsdWdpbnNcL3dwLWdvb2dsZS1tYXAtcGx1Z2luXC9hc3NldHNcL2ltYWdlc1wvc2FtcGxlLmpwZycgY2xhc3M9J3dwZ21wX21hcmtlcl9pbWFnZSBmYy1pdGVtLWZlYXR1cmVkX2ltYWdlIGZjLWl0ZW0tbGFyZ2UnIFwvPjxcL2Rpdj4iLCJvcGVuX25ld190YWIiOiJ5ZXMiLCJwb3N0YWxfY29kZSI6Ijg0NTAwIiwiZHJhZ2dhYmxlIjoiIiwiaW5mb3dpbmRvd19kZWZhdWx0X29wZW4iOiIiLCJhbmltYXRpb24iOiJCT1VOQ0UiLCJpbmZvd2luZG93X2Rpc2FibGUiOnRydWUsInpvb20iOjUsImV4dHJhX2ZpZWxkcyI6eyJsaXN0b3JkZXIiOjB9fSwiY2F0ZWdvcmllcyI6W3siaWQiOiIxIiwibmFtZSI6IlNFREVTIiwidHlwZSI6ImNhdGVnb3J5IiwiZXh0ZW5zaW9uX2ZpZWxkcyI6bnVsbCwiaWNvbiI6Imh0dHBzOlwvXC9nZGVzLmNvbVwvZ2Rlcy11a1wvd3AtY29udGVudFwvdXBsb2Fkc1wvc2l0ZXNcLzhcLzIwMTdcLzA5XC9nZGVzbWFwLnBuZyJ9XSwiY3VzdG9tX2ZpbHRlcnMiOltdfSx7ImlkIjoiMTAiLCJ0aXRsZSI6IkdERVMgV0lORCBVU0EiLCJhZGRyZXNzIjoiODE1MCBTIEFrcm9uIFN0cmVldCwgU3VpdGUgNDA0IENlbnRlbm5pYWwsIENPLTgwMTEyIiwic291cmNlIjoibWFudWFsIiwiY29udGVudCI6IkdERVMgV2luZCBVU0E8YnI+XHJcbkdEIEVuZXJneSBTZXJ2aWNlcyBcdTIwMTMgV2luZCwgSW5jLiA4MTUwIFMgQWtyb24gU3RyZWV0LCBTdWl0ZSA0MDRcclxuQ2VudGVubmlhbCwgQ08tODAxMTI8YnI+XHJcblRlbC46ICArMSA3MjAgNzA4IDY1NjA8YnI+XHJcblRlbC46ICsxIDcyMCA5NTUgMDA5NSAoSmFnYWRpc2ggUmFvKTxicj5cclxuRS1tYWlsOiBqLnJhb0BnZGVzLmNvbTxicj5cclxuICAgICAgICAgICBpbmZvLndpbmRAZ2Rlcy5jb21cclxuIiwibG9jYXRpb24iOnsiaWNvbiI6Imh0dHBzOlwvXC9nZGVzLmNvbVwvZ2Rlcy11a1wvd3AtY29udGVudFwvdXBsb2Fkc1wvc2l0ZXNcLzhcLzIwMTdcLzA5XC9nZGVzbWFwLnBuZyIsImxhdCI6IjM5LjU2ODkyOTEiLCJsbmciOiItMTA0Ljg4Mzg2MzkiLCJjaXR5IjoiQ2VudGVubmlhbCIsInN0YXRlIjoiQ09MT1JBRE8iLCJjb3VudHJ5IjoiVVNBIiwib25jbGlja19hY3Rpb24iOiJtYXJrZXIiLCJtYXJrZXJfaW1hZ2UiOiI8ZGl2IGNsYXNzPSdmYy1mZWF0dXJlLWltZyc+PGltZyBsb2FkaW5nPSdsYXp5JyBkZWNvZGluZz0nYXN5bmMnIGFsdD0nR0RFUyBXSU5EIFVTQScgc3JjPSdodHRwczpcL1wvZ2Rlcy5jb21cL3dpbmRcL3dwLWNvbnRlbnRcL3BsdWdpbnNcL3dwLWdvb2dsZS1tYXAtcGx1Z2luXC9hc3NldHNcL2ltYWdlc1wvc2FtcGxlLmpwZycgY2xhc3M9J3dwZ21wX21hcmtlcl9pbWFnZSBmYy1pdGVtLWZlYXR1cmVkX2ltYWdlIGZjLWl0ZW0tbGFyZ2UnIFwvPjxcL2Rpdj4iLCJvcGVuX25ld190YWIiOiJ5ZXMiLCJwb3N0YWxfY29kZSI6IkNPLTgwMTEyIiwiYW5pbWF0aW9uIjoiQk9VTkNFIiwiaW5mb3dpbmRvd19kaXNhYmxlIjp0cnVlLCJ6b29tIjo1LCJleHRyYV9maWVsZHMiOnsibGlzdG9yZGVyIjowfX0sImNhdGVnb3JpZXMiOlt7ImlkIjoiMSIsIm5hbWUiOiJTRURFUyIsInR5cGUiOiJjYXRlZ29yeSIsImV4dGVuc2lvbl9maWVsZHMiOm51bGwsImljb24iOiJodHRwczpcL1wvZ2Rlcy5jb21cL2dkZXMtdWtcL3dwLWNvbnRlbnRcL3VwbG9hZHNcL3NpdGVzXC84XC8yMDE3XC8wOVwvZ2Rlc21hcC5wbmcifV19LHsiaWQiOiIxMSIsInRpdGxlIjoiR0RFUyBXSU5EIHwgU0VERSBDRU5UUkFMIiwiYWRkcmVzcyI6IlBhcnF1ZSBFbXByZXNhcmlhbCBkZSBBbHZlZHJvIENcL0ggTmF2ZSAzOSIsInNvdXJjZSI6Im1hbnVhbCIsImNvbnRlbnQiOiJHREVTIFdJTkQgfCBTRURFIENFTlRSQUwgPGJyPlxyXG5HREVTIFdpbmQgUy5MLlxyXG5QYXJxdWUgRW1wcmVzYXJpYWwgZGUgQWx2ZWRybyBDXC9IICBOYXZlIDM5LiAxNTE4MCBDdWxsZXJlZG8sIEEgQ29ydVx1MDBmMWEgfFNwYWluPGJyPlxyXG5lbWFpbDogaW5mby53aW5kQGdkZXMuY29tPGJyPlxyXG5UZWw6ICsgKDM0KSA5ODEgMjA1IDEzMjxicj5cclxuIiwibG9jYXRpb24iOnsiaWNvbiI6Imh0dHBzOlwvXC9nZGVzLmNvbVwvZ2Rlcy11a1wvd3AtY29udGVudFwvdXBsb2Fkc1wvc2l0ZXNcLzhcLzIwMTdcLzA5XC9nZGVzbWFwLnBuZyIsImxhdCI6IjQzLjI5NzcyNSIsImxuZyI6Ii04LjM2MjYwNyIsImNpdHkiOiJDdWxsZXJlZG8iLCJzdGF0ZSI6IkEgQ29ydVx1MDBmMWEiLCJjb3VudHJ5IjoiRXNwYVx1MDBmMWEiLCJvbmNsaWNrX2FjdGlvbiI6Im1hcmtlciIsIm1hcmtlcl9pbWFnZSI6IjxkaXYgY2xhc3M9J2ZjLWZlYXR1cmUtaW1nJz48aW1nIGxvYWRpbmc9J2xhenknIGRlY29kaW5nPSdhc3luYycgYWx0PSdHREVTIFdJTkQgfCBTRURFIENFTlRSQUwnIHNyYz0naHR0cHM6XC9cL2dkZXMuY29tXC93aW5kXC93cC1jb250ZW50XC9wbHVnaW5zXC93cC1nb29nbGUtbWFwLXBsdWdpblwvYXNzZXRzXC9pbWFnZXNcL3NhbXBsZS5qcGcnIGNsYXNzPSd3cGdtcF9tYXJrZXJfaW1hZ2UgZmMtaXRlbS1mZWF0dXJlZF9pbWFnZSBmYy1pdGVtLWxhcmdlJyBcLz48XC9kaXY+Iiwib3Blbl9uZXdfdGFiIjoieWVzIiwicG9zdGFsX2NvZGUiOiIxNTE4MCIsImFuaW1hdGlvbiI6IkJPVU5DRSIsImluZm93aW5kb3dfZGlzYWJsZSI6dHJ1ZSwiem9vbSI6NSwiZXh0cmFfZmllbGRzIjp7Imxpc3RvcmRlciI6MH19LCJjYXRlZ29yaWVzIjpbeyJpZCI6IjEiLCJuYW1lIjoiU0VERVMiLCJ0eXBlIjoiY2F0ZWdvcnkiLCJleHRlbnNpb25fZmllbGRzIjpudWxsLCJpY29uIjoiaHR0cHM6XC9cL2dkZXMuY29tXC9nZGVzLXVrXC93cC1jb250ZW50XC91cGxvYWRzXC9zaXRlc1wvOFwvMjAxN1wvMDlcL2dkZXNtYXAucG5nIn1dfSx7ImlkIjoiMTIiLCJ0aXRsZSI6IkdERVMgV0lORCAtIFdhcmVob3VzZSIsImFkZHJlc3MiOiIzNTQ3IEUgMTR0aCBTdHJlZXQsIFN1aXRlIEEgQnJvd25zdmlsbGUsIFRFWEFTIFx1MjAxMyA3ODUyMSIsInNvdXJjZSI6Im1hbnVhbCIsImNvbnRlbnQiOiJHREVTIFdJTkQgVVNBIHwgV2FyZWhvdXNlPFwvYnI+XHJcbjM1NDcgRSAxNHRoIFN0cmVldCwgU3VpdGUgQTxcL2JyPlxyXG5Ccm93bnN2aWxsZSwgVEVYQVMgXHUyMDEzIDc4NTIxPFwvYnI+XHJcblBob25lOiArMSA3MjAgNzA4IDY1NjA8XC9icj5cclxuRW1haWw6IGluZm8ud2luZEBnZGVzLmNvbSIsImxvY2F0aW9uIjp7Imljb24iOiJodHRwczpcL1wvZ2Rlcy5jb21cL2dkZXMtdWtcL3dwLWNvbnRlbnRcL3VwbG9hZHNcL3NpdGVzXC84XC8yMDE3XC8wOVwvZ2Rlc21hcDIucG5nIiwibGF0IjoiMjUuOTE2MTk1NCIsImxuZyI6Ii05Ny40NzQwMjgiLCJjaXR5IjoiQnJvd25zdmlsbGUiLCJzdGF0ZSI6IlRFWEFTIiwiY291bnRyeSI6IlVTQSIsIm9uY2xpY2tfYWN0aW9uIjoibWFya2VyIiwibWFya2VyX2ltYWdlIjoiPGRpdiBjbGFzcz0nZmMtZmVhdHVyZS1pbWcnPjxpbWcgbG9hZGluZz0nbGF6eScgZGVjb2Rpbmc9J2FzeW5jJyBhbHQ9J0dERVMgV0lORCAtIFdhcmVob3VzZScgc3JjPSdodHRwczpcL1wvZ2Rlcy5jb21cL3dpbmRcL3dwLWNvbnRlbnRcL3BsdWdpbnNcL3dwLWdvb2dsZS1tYXAtcGx1Z2luXC9hc3NldHNcL2ltYWdlc1wvc2FtcGxlLmpwZycgY2xhc3M9J3dwZ21wX21hcmtlcl9pbWFnZSBmYy1pdGVtLWZlYXR1cmVkX2ltYWdlIGZjLWl0ZW0tbGFyZ2UnIFwvPjxcL2Rpdj4iLCJvcGVuX25ld190YWIiOiJ5ZXMiLCJwb3N0YWxfY29kZSI6Ijc4NTIxIiwiaW5mb3dpbmRvd19kaXNhYmxlIjp0cnVlLCJ6b29tIjo1LCJleHRyYV9maWVsZHMiOnsibGlzdG9yZGVyIjowfX0sImNhdGVnb3JpZXMiOlt7ImlkIjoiMiIsIm5hbWUiOiJDZW50cm9zIGRlIHRyYWJham8iLCJ0eXBlIjoiY2F0ZWdvcnkiLCJleHRlbnNpb25fZmllbGRzIjpudWxsLCJpY29uIjoiaHR0cHM6XC9cL2dkZXMuY29tXC9nZGVzLXVrXC93cC1jb250ZW50XC91cGxvYWRzXC9zaXRlc1wvOFwvMjAxN1wvMDlcL2dkZXNtYXAyLnBuZyJ9XX1dLCJtYXBfcHJvcGVydHkiOnsibWFwX2lkIjoiNCJ9LCJzaGFwZXMiOnsiZHJhd2luZ19lZGl0YWJsZSI6ZmFsc2V9LCJmaWx0ZXJzIjp7ImZpbHRlcnNfY29udGFpbmVyIjoiW2RhdGEtY29udGFpbmVyPVwid3BnbXAtZmlsdGVycy1jb250YWluZXJcIl0ifSwiZ2xvYmFsX3NldHRpbmdzIjoiMSIsIm1hcmtlcl9jYXRlZ29yeV9pY29ucyI6eyIxIjoiaHR0cHM6XC9cL2dkZXMuY29tXC9nZGVzLXVrXC93cC1jb250ZW50XC91cGxvYWRzXC9zaXRlc1wvOFwvMjAxN1wvMDlcL2dkZXNtYXAucG5nIiwiMiI6Imh0dHBzOlwvXC9nZGVzLmNvbVwvZ2Rlcy11a1wvd3AtY29udGVudFwvdXBsb2Fkc1wvc2l0ZXNcLzhcLzIwMTdcLzA5XC9nZGVzbWFwMi5wbmcifSwicHJvdmlkZXIiOiJnb29nbGUiLCJhcGlLZXkiOiIifQ==\"; });<\/script>\n<p>&nbsp;<\/p>\n<p>&nbsp;<\/p>\n<p>&nbsp;<\/p>","protected":false},"excerpt":{"rendered":"<p>&nbsp; GDES Wind (hasta 2015 S\u00e1lvoravento) nace en 2004 como una de las primeras empresas espa\u00f1olas independientes en el \u00e1mbito de las palas e\u00f3licas y materiales compuestos, fundamentalmente en su mantenimiento, pero tambi\u00e9n en su dise\u00f1o, fabricaci\u00f3n, inspecci\u00f3n, auditor\u00edas, retrofits y otros \u00e1mbitos. &nbsp; En marzo de 2012, S\u00e1lvoravento se incorpora a Grupo Dominguis Energy [&hellip;]<\/p>\n","protected":false},"author":3,"featured_media":4182,"parent":0,"menu_order":0,"comment_status":"closed","ping_status":"closed","template":"Page-fullwidth.php","meta":{"footnotes":""},"class_list":["post-3332","page","type-page","status-publish","has-post-thumbnail","hentry"],"aioseo_notices":[],"_links":{"self":[{"href":"https:\/\/gdes.com\/wind\/es\/wp-json\/wp\/v2\/pages\/3332","targetHints":{"allow":["GET"]}}],"collection":[{"href":"https:\/\/gdes.com\/wind\/es\/wp-json\/wp\/v2\/pages"}],"about":[{"href":"https:\/\/gdes.com\/wind\/es\/wp-json\/wp\/v2\/types\/page"}],"author":[{"embeddable":true,"href":"https:\/\/gdes.com\/wind\/es\/wp-json\/wp\/v2\/users\/3"}],"replies":[{"embeddable":true,"href":"https:\/\/gdes.com\/wind\/es\/wp-json\/wp\/v2\/comments?post=3332"}],"version-history":[{"count":50,"href":"https:\/\/gdes.com\/wind\/es\/wp-json\/wp\/v2\/pages\/3332\/revisions"}],"predecessor-version":[{"id":4506,"href":"https:\/\/gdes.com\/wind\/es\/wp-json\/wp\/v2\/pages\/3332\/revisions\/4506"}],"wp:featuredmedia":[{"embeddable":true,"href":"https:\/\/gdes.com\/wind\/es\/wp-json\/wp\/v2\/media\/4182"}],"wp:attachment":[{"href":"https:\/\/gdes.com\/wind\/es\/wp-json\/wp\/v2\/media?parent=3332"}],"curies":[{"name":"wp","href":"https:\/\/api.w.org\/{rel}","templated":true}]}}