{"id":3306,"date":"2017-12-04T12:15:58","date_gmt":"2017-12-04T11:15:58","guid":{"rendered":"https:\/\/gdes.com\/gdes-uk\/?page_id=3306"},"modified":"2023-01-19T15:31:39","modified_gmt":"2023-01-19T14:31:39","slug":"services","status":"publish","type":"page","link":"https:\/\/gdes.com\/wind\/es\/services\/","title":{"rendered":"Servicios"},"content":{"rendered":"<p><b>GDES Wind <\/b>tiene como objetivo estrat\u00e9gico la calidad de servicio, trabajando diariamente en estrecho contacto con sus clientes para determinar sus necesidades.\u00a0 Tanto a nivel operativo como t\u00e9cnico, persigue la excelencia en la calidad de sus servicios, empleando las \u00faltimas tecnolog\u00edas en composites y herramientas de diagn\u00f3stico.<\/p>\n<p>Los principales aspectos diferenciadores de GDES Wind son:<\/p>\n<p>&nbsp;<\/p>\n<h4><img fetchpriority=\"high\" decoding=\"async\" class=\"alignleft wp-image-4171 size-full\" src=\"https:\/\/gdes.com\/wind\/wp-content\/uploads\/sites\/10\/2021\/02\/Imagen12-e1612272224156.png\" alt=\"\" width=\"395\" height=\"562\" srcset=\"https:\/\/gdes.com\/wind\/wp-content\/uploads\/sites\/10\/2021\/02\/Imagen12-e1612272224156.png 395w, https:\/\/gdes.com\/wind\/wp-content\/uploads\/sites\/10\/2021\/02\/Imagen12-e1612272224156-211x300.png 211w\" sizes=\"(max-width: 395px) 100vw, 395px\" \/><\/h4>\n<ul>\n<li>\n<h4>Alta capacidad t\u00e9cnica<\/h4>\n<\/li>\n<li>\n<h4>Compromiso medioambiental.<\/h4>\n<\/li>\n<li>\n<h4>Profundo conocimiento y experiencia en todas las tecnolog\u00edas de palas que existen en el mercado.<\/h4>\n<\/li>\n<li>\n<h4>Independencia en relaci\u00f3n con los criterios t\u00e9cnicos.<\/h4>\n<\/li>\n<li>\n<h4>Flexibilidad, versatilidad y posibilidad de trabajar en entornos nacionales e internacionales muy diferentes.<\/h4>\n<\/li>\n<li>\n<h4>R\u00e1pida respuesta a los clientes en situaciones de emergencia<\/h4>\n<\/li>\n<li>\n<h4>El equipo de personas es su activo m\u00e1s valioso.<\/h4>\n<\/li>\n<\/ul>\n<p>&nbsp;<\/p>\n<p>A lo largo de la historia de la compa\u00f1\u00eda, la antig\u00fcedad promedio de sus empleados ha aumentado constantemente, y este extenso servicio implica una ventaja en t\u00e9rminos de conocimientos y experiencia que los clientes valoran muy positivamente. Principales servicios de GDES Wind:<\/p>\n<h2 style=\"text-align: center;\"><\/h2>\n<p>&nbsp;<\/p>\n<style type=\"text\/css\">\nA:hover { color: black }<br \/><\/style>\n<style type=\"text\/css\"><span class=\"mce_SELRES_start\" style=\"width: 0px; line-height: 0; overflow: hidden; display: inline-block;\" data-mce-type=\"bookmark\">\ufeff<\/span><span class=\"mce_SELRES_start\" style=\"width: 0px; line-height: 0; overflow: hidden; display: inline-block;\" data-mce-type=\"bookmark\">\ufeff<\/span><br \/>A:hover { color: black }<br \/><\/style>\n<p>&nbsp;<\/p>\n<p><!-- \/Section Title --><\/p>\n<div class=\"row\">\n<div class=\"col-md-4 col-sm-6 col-xs-12\">\n<div class=\"post\">\n<div class=\"service-icon\"><a href=\"https:\/\/gdes.com\/wind\/es\/maintenance\/\" target=\"_blank\" rel=\"\/wind\/maintenance\/ noopener\"><img loading=\"lazy\" decoding=\"async\" class=\"img-responsive wp-post-image alignnone\" title=\"Mantenimiento e inspecciones \" src=\"https:\/\/gdes.com\/wind\/wp-content\/uploads\/sites\/10\/2017\/11\/caja-mantenimiento.jpg\" alt=\"\" width=\"600\" height=\"148\" \/><\/a><\/div>\n<div class=\"entry-header\">\n<h4 style=\"text-align: center;\"><a href=\"https:\/\/gdes.com\/wind\/es\/maintenance\/\">Mantenimiento<br \/>\ne inspecciones<\/a><\/h4>\n<p>&nbsp;<\/p>\n<p>&nbsp;<\/p>\n<\/div>\n<div class=\"entry-content\"><\/div>\n<\/div>\n<\/div>\n<div class=\"col-md-4 col-sm-6 col-xs-12\">\n<div class=\"post\">\n<div class=\"service-icon\"><a href=\"\/wind\/es\/composite\/\" target=\"_blank\" rel=\"\/gdes.com\/wind\/composite\/ noopener\"><img loading=\"lazy\" decoding=\"async\" class=\"alignnone wp-image-3591 size-full\" title=\"Fabricaci\u00f3n de piezas en composite\" src=\"https:\/\/gdes.com\/wind\/wp-content\/uploads\/sites\/10\/2017\/11\/caja-piezas.jpg\" alt=\"\" width=\"600\" height=\"148\" \/><\/a><\/div>\n<div class=\"entry-header\">\n<h4 class=\"entry-title\" style=\"text-align: center;\"><a href=\"https:\/\/gdes.com\/wind\/es\/composite\/\"> Fabricaci\u00f3n<br \/>\nde piezas en composite<\/a><\/h4>\n<p>&nbsp;<\/p>\n<\/div>\n<div class=\"entry-content\"><\/div>\n<\/div>\n<\/div>\n<div class=\"col-md-4 col-sm-6 col-xs-12\">\n<div class=\"post\">\n<div class=\"service-icon\"><a href=\"\/wind\/es\/logistica-retrofit-y-consultoria\/\" target=\"_blank\" rel=\"\/wind\/logistica-retrofit-y-consultoria\/ noopener\"><img loading=\"lazy\" decoding=\"async\" class=\"alignnone wp-image-2576 size-full\" title=\"Log\u00edstica, retrofit y consultor\u00eda\" src=\"https:\/\/gdes.com\/wind\/wp-content\/uploads\/sites\/10\/2017\/11\/caja-logistica.jpg\" alt=\"\" width=\"600\" height=\"148\" \/><\/a><\/div>\n<div class=\"entry-header\">\n<h4 class=\"entry-title\" style=\"text-align: center;\"><a href=\"https:\/\/gdes.com\/wind\/es\/logistica-retrofit-y-consultoria\/\"> Log\u00edstica<br \/>\nretrofit y consultor\u00eda<\/a><\/h4>\n<p>&nbsp;<\/p>\n<\/div>\n<\/div>\n<\/div>\n<\/div>\n<p><\/p>","protected":false},"excerpt":{"rendered":"<p>GDES Wind tiene como objetivo estrat\u00e9gico la calidad de servicio, trabajando diariamente en estrecho contacto con sus clientes para determinar sus necesidades.\u00a0 Tanto a nivel operativo como t\u00e9cnico, persigue la excelencia en la calidad de sus servicios, empleando las \u00faltimas tecnolog\u00edas en composites y herramientas de diagn\u00f3stico. Los principales aspectos diferenciadores de GDES Wind son: [&hellip;]<\/p>\n","protected":false},"author":3,"featured_media":0,"parent":0,"menu_order":0,"comment_status":"closed","ping_status":"closed","template":"Page-fullwidth.php","meta":{"footnotes":""},"class_list":["post-3306","page","type-page","status-publish","hentry"],"aioseo_notices":[],"_links":{"self":[{"href":"https:\/\/gdes.com\/wind\/es\/wp-json\/wp\/v2\/pages\/3306","targetHints":{"allow":["GET"]}}],"collection":[{"href":"https:\/\/gdes.com\/wind\/es\/wp-json\/wp\/v2\/pages"}],"about":[{"href":"https:\/\/gdes.com\/wind\/es\/wp-json\/wp\/v2\/types\/page"}],"author":[{"embeddable":true,"href":"https:\/\/gdes.com\/wind\/es\/wp-json\/wp\/v2\/users\/3"}],"replies":[{"embeddable":true,"href":"https:\/\/gdes.com\/wind\/es\/wp-json\/wp\/v2\/comments?post=3306"}],"version-history":[{"count":40,"href":"https:\/\/gdes.com\/wind\/es\/wp-json\/wp\/v2\/pages\/3306\/revisions"}],"predecessor-version":[{"id":4449,"href":"https:\/\/gdes.com\/wind\/es\/wp-json\/wp\/v2\/pages\/3306\/revisions\/4449"}],"wp:attachment":[{"href":"https:\/\/gdes.com\/wind\/es\/wp-json\/wp\/v2\/media?parent=3306"}],"curies":[{"name":"wp","href":"https:\/\/api.w.org\/{rel}","templated":true}]}}