{"id":2610,"date":"2017-09-26T23:22:58","date_gmt":"2017-09-26T22:22:58","guid":{"rendered":"https:\/\/gdes.com\/gdes-uk\/?page_id=2610"},"modified":"2023-02-20T09:56:52","modified_gmt":"2023-02-20T08:56:52","slug":"gdes-innovation","status":"publish","type":"page","link":"https:\/\/gdes.com\/wind\/es\/gdes-innovation\/","title":{"rendered":"Innovaci\u00f3n"},"content":{"rendered":"<p><\/p>\n<h1>Aliados tecnol\u00f3gicos en palas e\u00f3licas<\/h1>\n<p>&nbsp;<\/p>\n<p><b>GDES Wind <\/b>utiliza y desarrolla los \u00faltimos materiales compuestos, m\u00e9todos de acceso a pala y t\u00e9cnicas de inspecci\u00f3n para reducir el coste del ciclo de vida del rotor. A lo largo de sus a\u00f1os de actividad, se han desarrollado soluciones t\u00e9cnicas e innovadoras de reparaci\u00f3n, que han evitado importantes costes de bajada de rotor o pala y en muchas ocasiones, incluso su sustituci\u00f3n, consiguiendo reparar palas inicialmente consideradas como in\u00fatiles.<\/p>\n<p>&nbsp;<\/p>\n<p>En colaboraci\u00f3n con <a href=\"https:\/\/gdes.com\/innovation\/\">GDES INNOVATION<\/a>, <b>GDES Wind\u00a0 <\/b>impulsa la<strong> I+D+i.<\/strong> Actualmente se est\u00e1 trabajando en el<a href=\"https:\/\/gdes.com\/corporate\/es\/blog\/2023\/02\/20\/gdes-wind-pone-en-marcha-el-proyecto-gestor-inteligente-para-el-mantenimiento-de-palas-de-aerogeneradores\/#more-85511\" target=\"_blank\" rel=\"noopener\"><strong> Proyecto de Inspecci\u00f3n de Palas<\/strong> (proyecto ha cofinanciado por el <strong>Fondo Europeo de Desarrollo Regional -FEDER<\/strong> con el objetivo de promover el desarrollo tecnol\u00f3gico, la innovaci\u00f3n y una investigaci\u00f3n de calidad)<\/a>. A lo largo de sus m\u00e1s de 90 a\u00f1os de historia, <strong>GDES<\/strong>\u00a0siempre ha cre\u00eddo en la innovaci\u00f3n como un signo de identidad. Gracias a su apuesta por la investigaci\u00f3n, el desarrollo y la innovaci\u00f3n,\u00a0<strong>GDES<\/strong>\u00a0ha logrado posicionarse como pionero en desarrollos tecnol\u00f3gicos adaptados a proyectos y necesidades espec\u00edficas del sector energ\u00e9tico.<\/p>\n<p>&nbsp;<\/p>\n<p>Consideramos en\u00a0<strong>GDES<\/strong>\u00a0que la innovaci\u00f3n es esencial para crecer y mantener el liderazgo en los mercados en los que trabajamos, para hacer frente al entorno actual en cambio constante y para potenciar la mejora continua en nuestras \u00e1reas de actividad. La Innovaci\u00f3n en GDES es fundamental para dar servicio con valor a\u00f1adido a nuestros clientes.<\/p>\n<p>&nbsp;<\/p>\n<p>Por otro lado est\u00e1 presente en todos los foros de debate nacionales e internacionales del \u00e1mbito del mantenimiento e\u00f3lico y materiales compuestos: Power Expo en Espa\u00f1a,\u00a0 EWEA en Europa, AWEA en USA y participa en el Grupo de Trabajo de Mantenimiento de la Asociaci\u00f3n Empresarial E\u00f3lica.<\/p>\n<p>&nbsp;<\/p>\n<p>&nbsp;<\/p>\n<p><img fetchpriority=\"high\" decoding=\"async\" class=\"aligncenter size-full wp-image-4125\" src=\"https:\/\/gdes.com\/wind\/wp-content\/uploads\/sites\/10\/2021\/02\/varios.jpg\" alt=\"\" width=\"912\" height=\"354\" srcset=\"https:\/\/gdes.com\/wind\/wp-content\/uploads\/sites\/10\/2021\/02\/varios.jpg 912w, https:\/\/gdes.com\/wind\/wp-content\/uploads\/sites\/10\/2021\/02\/varios-300x116.jpg 300w, https:\/\/gdes.com\/wind\/wp-content\/uploads\/sites\/10\/2021\/02\/varios-768x298.jpg 768w\" sizes=\"(max-width: 912px) 100vw, 912px\" \/><\/p>","protected":false},"excerpt":{"rendered":"<p>Aliados tecnol\u00f3gicos en palas e\u00f3licas &nbsp; GDES Wind utiliza y desarrolla los \u00faltimos materiales compuestos, m\u00e9todos de acceso a pala y t\u00e9cnicas de inspecci\u00f3n para reducir el coste del ciclo de vida del rotor. A lo largo de sus a\u00f1os de actividad, se han desarrollado soluciones t\u00e9cnicas e innovadoras de reparaci\u00f3n, que han evitado importantes [&hellip;]<\/p>\n","protected":false},"author":1,"featured_media":0,"parent":0,"menu_order":5,"comment_status":"closed","ping_status":"closed","template":"Page-fullwidth.php","meta":{"footnotes":""},"class_list":["post-2610","page","type-page","status-publish","hentry"],"aioseo_notices":[],"_links":{"self":[{"href":"https:\/\/gdes.com\/wind\/es\/wp-json\/wp\/v2\/pages\/2610","targetHints":{"allow":["GET"]}}],"collection":[{"href":"https:\/\/gdes.com\/wind\/es\/wp-json\/wp\/v2\/pages"}],"about":[{"href":"https:\/\/gdes.com\/wind\/es\/wp-json\/wp\/v2\/types\/page"}],"author":[{"embeddable":true,"href":"https:\/\/gdes.com\/wind\/es\/wp-json\/wp\/v2\/users\/1"}],"replies":[{"embeddable":true,"href":"https:\/\/gdes.com\/wind\/es\/wp-json\/wp\/v2\/comments?post=2610"}],"version-history":[{"count":15,"href":"https:\/\/gdes.com\/wind\/es\/wp-json\/wp\/v2\/pages\/2610\/revisions"}],"predecessor-version":[{"id":4511,"href":"https:\/\/gdes.com\/wind\/es\/wp-json\/wp\/v2\/pages\/2610\/revisions\/4511"}],"wp:attachment":[{"href":"https:\/\/gdes.com\/wind\/es\/wp-json\/wp\/v2\/media?parent=2610"}],"curies":[{"name":"wp","href":"https:\/\/api.w.org\/{rel}","templated":true}]}}