{"id":879,"date":"2019-04-12T08:21:00","date_gmt":"2019-04-12T07:21:00","guid":{"rendered":"https:\/\/gdes.com\/innovation\/?page_id=879"},"modified":"2021-01-27T13:52:50","modified_gmt":"2021-01-27T12:52:50","slug":"tirant","status":"publish","type":"page","link":"https:\/\/gdes.com\/innovation\/fr\/tirant\/","title":{"rendered":"TIRANT"},"content":{"rendered":"<p><\/p>\n<h3><img decoding=\"async\" class=\"aligncenter\" src=\"https:\/\/gdes.com\/corporate\/wp-content\/uploads\/sites\/5\/slider6\/2Tirant-FR.jpeg\" \/><\/h3>\n<h3><span class=\"fontstyle0\">M\u00e9tallisation par projection thermique de grands conduits<\/span><\/h3>\n<p>&nbsp;<\/p>\n<p><img fetchpriority=\"high\" decoding=\"async\" class=\"alignright wp-image-880\" src=\"https:\/\/gdes.com\/innovation\/wp-content\/uploads\/sites\/2\/2019\/04\/tirant.jpg\" alt=\"\" width=\"450\" height=\"401\" \/><\/p>\n<p><span class=\"fontstyle0\">\u2022 Robot pour le proc\u00e9d\u00e9 Automatique de m\u00e9tallisation de projection thermique pour les surfaces internes des tuyaux.<\/span><\/p>\n<p><span class=\"fontstyle0\"><br \/>\n\u2022 Le rev\u00eatement r\u00e9sultant pr\u00e9sente des propri\u00e9t\u00e9s anticorrosion, ainsi qu\u2019une duret\u00e9 accrue et donc une r\u00e9sistance \u00e0 l\u2019abrasion.<\/span><\/p>\n<p><span class=\"fontstyle0\"><br \/>\n\u2022 Minimise la dose de rayonnement et les autres risques op\u00e9rationnels auxquels les op\u00e9rateurs peuvent \u00eatre expos\u00e9s.<\/span><\/p>\n<p>&nbsp;<\/p>\n<p>&nbsp;<\/p>\n<p>&nbsp;<\/p>","protected":false},"excerpt":{"rendered":"<p>M\u00e9tallisation par projection thermique de grands conduits &nbsp; \u2022 Robot pour le proc\u00e9d\u00e9 Automatique de m\u00e9tallisation de projection thermique pour les surfaces internes des tuyaux. \u2022 Le rev\u00eatement r\u00e9sultant pr\u00e9sente des propri\u00e9t\u00e9s anticorrosion, ainsi qu\u2019une duret\u00e9 accrue et donc une r\u00e9sistance \u00e0 l\u2019abrasion. \u2022 Minimise la dose de rayonnement et les autres risques op\u00e9rationnels auxquels [&hellip;]<\/p>\n","protected":false},"author":3,"featured_media":0,"parent":0,"menu_order":0,"comment_status":"closed","ping_status":"closed","template":"Page-fullwidth.php","meta":{"footnotes":""},"class_list":["post-879","page","type-page","status-publish","hentry"],"aioseo_notices":[],"_links":{"self":[{"href":"https:\/\/gdes.com\/innovation\/fr\/wp-json\/wp\/v2\/pages\/879","targetHints":{"allow":["GET"]}}],"collection":[{"href":"https:\/\/gdes.com\/innovation\/fr\/wp-json\/wp\/v2\/pages"}],"about":[{"href":"https:\/\/gdes.com\/innovation\/fr\/wp-json\/wp\/v2\/types\/page"}],"author":[{"embeddable":true,"href":"https:\/\/gdes.com\/innovation\/fr\/wp-json\/wp\/v2\/users\/3"}],"replies":[{"embeddable":true,"href":"https:\/\/gdes.com\/innovation\/fr\/wp-json\/wp\/v2\/comments?post=879"}],"version-history":[{"count":19,"href":"https:\/\/gdes.com\/innovation\/fr\/wp-json\/wp\/v2\/pages\/879\/revisions"}],"predecessor-version":[{"id":1030,"href":"https:\/\/gdes.com\/innovation\/fr\/wp-json\/wp\/v2\/pages\/879\/revisions\/1030"}],"wp:attachment":[{"href":"https:\/\/gdes.com\/innovation\/fr\/wp-json\/wp\/v2\/media?parent=879"}],"curies":[{"name":"wp","href":"https:\/\/api.w.org\/{rel}","templated":true}]}}