{"id":825,"date":"2019-03-21T13:36:26","date_gmt":"2019-03-21T12:36:26","guid":{"rendered":"https:\/\/gdes.com\/innovation\/?page_id=825"},"modified":"2021-01-27T13:45:10","modified_gmt":"2021-01-27T12:45:10","slug":"ld4","status":"publish","type":"page","link":"https:\/\/gdes.com\/innovation\/fr\/ld4\/","title":{"rendered":"LD4+"},"content":{"rendered":"<p><\/p>\n<h3><img decoding=\"async\" class=\"alignnone size-medium\" src=\"https:\/\/gdes.com\/corporate\/wp-content\/uploads\/sites\/5\/slider6\/2ld4FR.jpeg\" alt=\"LD4+-GDES\" width=\"1072\" height=\"543\" \/><\/h3>\n<h3><span class=\"fontstyle0\">Nettoyage m\u00e9canique robotis\u00e9 des logements des boulons de la cuve du r\u00e9acteur<\/span><\/h3>\n<p><img loading=\"lazy\" decoding=\"async\" class=\"alignleft wp-image-890\" src=\"https:\/\/gdes.com\/innovation\/wp-content\/uploads\/sites\/2\/2019\/04\/ld4-FOTO-2.png\" alt=\"\" width=\"270\" height=\"272\" srcset=\"https:\/\/gdes.com\/innovation\/wp-content\/uploads\/sites\/2\/2019\/04\/ld4-FOTO-2.png 277w, https:\/\/gdes.com\/innovation\/wp-content\/uploads\/sites\/2\/2019\/04\/ld4-FOTO-2-150x150.png 150w\" sizes=\"(max-width: 270px) 100vw, 270px\" \/><\/p>\n<p>&nbsp;<\/p>\n<p>&nbsp;<\/p>\n<p><span class=\"fontstyle0\">\u2022 <strong>D\u00e9contamination et nettoyage<\/strong> des logements des boulons de la cuve r\u00e9acteur dans n\u2019importe quel REL, quel que soit son diam\u00e8tre.<\/span><\/p>\n<p><span class=\"fontstyle0\"><br \/>\n\u2022 Peut \u00eatre <strong>autonome ou command\u00e9 \u00e0 distance<\/strong>, avec ou sans op\u00e9rateur sur place.<\/span><\/p>\n<p><span class=\"fontstyle0\"><br \/>\n\u2022 Op\u00e9ration de contr\u00f4le \u00e0 distance: <strong>enregistrement en ligne et vid\u00e9o<\/strong> de l\u2019op\u00e9ration.<\/span><\/p>\n<p>&nbsp;<\/p>\n<p>&nbsp;<\/p>\n<p>&nbsp;<\/p>","protected":false},"excerpt":{"rendered":"<p>Nettoyage m\u00e9canique robotis\u00e9 des logements des boulons de la cuve du r\u00e9acteur &nbsp; &nbsp; \u2022 D\u00e9contamination et nettoyage des logements des boulons de la cuve r\u00e9acteur dans n\u2019importe quel REL, quel que soit son diam\u00e8tre. \u2022 Peut \u00eatre autonome ou command\u00e9 \u00e0 distance, avec ou sans op\u00e9rateur sur place. \u2022 Op\u00e9ration de contr\u00f4le \u00e0 distance: [&hellip;]<\/p>\n","protected":false},"author":3,"featured_media":0,"parent":0,"menu_order":0,"comment_status":"closed","ping_status":"closed","template":"Page-fullwidth.php","meta":{"footnotes":""},"class_list":["post-825","page","type-page","status-publish","hentry"],"aioseo_notices":[],"_links":{"self":[{"href":"https:\/\/gdes.com\/innovation\/fr\/wp-json\/wp\/v2\/pages\/825","targetHints":{"allow":["GET"]}}],"collection":[{"href":"https:\/\/gdes.com\/innovation\/fr\/wp-json\/wp\/v2\/pages"}],"about":[{"href":"https:\/\/gdes.com\/innovation\/fr\/wp-json\/wp\/v2\/types\/page"}],"author":[{"embeddable":true,"href":"https:\/\/gdes.com\/innovation\/fr\/wp-json\/wp\/v2\/users\/3"}],"replies":[{"embeddable":true,"href":"https:\/\/gdes.com\/innovation\/fr\/wp-json\/wp\/v2\/comments?post=825"}],"version-history":[{"count":23,"href":"https:\/\/gdes.com\/innovation\/fr\/wp-json\/wp\/v2\/pages\/825\/revisions"}],"predecessor-version":[{"id":1025,"href":"https:\/\/gdes.com\/innovation\/fr\/wp-json\/wp\/v2\/pages\/825\/revisions\/1025"}],"wp:attachment":[{"href":"https:\/\/gdes.com\/innovation\/fr\/wp-json\/wp\/v2\/media?parent=825"}],"curies":[{"name":"wp","href":"https:\/\/api.w.org\/{rel}","templated":true}]}}