{"id":80,"date":"2016-11-10T19:31:03","date_gmt":"2016-11-10T18:31:03","guid":{"rendered":"https:\/\/dgd.es\/t4s\/?page_id=80"},"modified":"2021-07-13T11:02:56","modified_gmt":"2021-07-13T10:02:56","slug":"monitorizacion","status":"publish","type":"page","link":"https:\/\/gdes.com\/innovation\/fr\/actividades\/monitorizacion\/","title":{"rendered":"Surveillance"},"content":{"rendered":"<p><strong>OFF-GAS&nbsp;<\/strong>: Syst\u00e8me de surveillance en temps reel et d\u2019\u00e9valuation de l\u2019int\u00e9grit\u00e9 du combustible des r\u00e9acteurs et des barres de contr\u00f4le en mesurant en continu les gaz du syst\u00e8me de traitement des effluents gazeux. Ce syst\u00e8me totalement innovant, d\u00e9j\u00e0 install\u00e9 et op\u00e9rationnel \u00e0 la <strong>centrale nucl\u00e9aire de Cofrentes <\/strong>(Espagne), a \u00e9t\u00e9 le premier projet \u00e0 avoir \u00e9t\u00e9 livr\u00e9 par <strong>GDES T4S<\/strong>.<\/p>\n<p>&nbsp;<\/p>\n<p><strong>Objectif&nbsp;<\/strong>: \u00c9valuation en ligne de l\u2019int\u00e9grit\u00e9 du combustible du r\u00e9acteur sur la base d\u2019une mesure continue des gaz du syst\u00e8me de traitement des effluents gazeux.<\/p>\n<p>&nbsp;<\/p>\n<div class=\"column\">\n<p><img fetchpriority=\"high\" decoding=\"async\" class=\"size-medium wp-image-285 alignright\" src=\"https:\/\/gdes.com\/t4s\/wp-content\/uploads\/sites\/2\/2016\/11\/OffGass-System-300x227.jpg\" alt=\"\" width=\"300\" height=\"227\"><\/p>\n<p>Ce syst\u00e8mepermet&nbsp;:<\/p>\n<ul>\n<li>Une d\u00e9tection pr\u00e9coce des d\u00e9faillances du combustible&nbsp;;<\/li>\n<li>Une surveillance de l\u2019activit\u00e9 lors des changements de s\u00e9quence&nbsp;;<\/li>\n<li>Une d\u00e9tection pr\u00e9coce d\u2019une seconde d\u00e9faillance&nbsp;;<\/li>\n<li>Une surveillance en parall\u00e8le de l\u2019int\u00e9grit\u00e9 des barres de contr\u00f4le<\/li>\n<\/ul>\n<\/div>\n<p>&nbsp;<\/p>\n<p>Plus d&rsquo;informations sur ce produit:<\/p>\n<p><a class=\"fasc-button fasc-size-medium fasc-type-flat fasc-ico-before dashicons-plus-alt\" style=\"background-color: #5ca2df; color: #ffffff;\" target=\"_blank\" href=\"https:\/\/gdes.com\/innovation\/off-gas\/\">OFF-GAS<\/a><\/p>","protected":false},"excerpt":{"rendered":"<p>OFF-GAS&nbsp;: Syst\u00e8me de surveillance en temps reel et d\u2019\u00e9valuation de l\u2019int\u00e9grit\u00e9 du combustible des r\u00e9acteurs et des barres de contr\u00f4le en mesurant en continu les gaz du syst\u00e8me de traitement des effluents gazeux. Ce syst\u00e8me totalement innovant, d\u00e9j\u00e0 install\u00e9 et op\u00e9rationnel \u00e0 la centrale nucl\u00e9aire de Cofrentes (Espagne), a \u00e9t\u00e9 le premier projet \u00e0 avoir [&hellip;]<\/p>\n","protected":false},"author":1,"featured_media":286,"parent":44,"menu_order":0,"comment_status":"closed","ping_status":"closed","template":"Page-fullwidth.php","meta":{"footnotes":""},"class_list":["post-80","page","type-page","status-publish","has-post-thumbnail","hentry"],"aioseo_notices":[],"_links":{"self":[{"href":"https:\/\/gdes.com\/innovation\/fr\/wp-json\/wp\/v2\/pages\/80","targetHints":{"allow":["GET"]}}],"collection":[{"href":"https:\/\/gdes.com\/innovation\/fr\/wp-json\/wp\/v2\/pages"}],"about":[{"href":"https:\/\/gdes.com\/innovation\/fr\/wp-json\/wp\/v2\/types\/page"}],"author":[{"embeddable":true,"href":"https:\/\/gdes.com\/innovation\/fr\/wp-json\/wp\/v2\/users\/1"}],"replies":[{"embeddable":true,"href":"https:\/\/gdes.com\/innovation\/fr\/wp-json\/wp\/v2\/comments?post=80"}],"version-history":[{"count":28,"href":"https:\/\/gdes.com\/innovation\/fr\/wp-json\/wp\/v2\/pages\/80\/revisions"}],"predecessor-version":[{"id":1073,"href":"https:\/\/gdes.com\/innovation\/fr\/wp-json\/wp\/v2\/pages\/80\/revisions\/1073"}],"up":[{"embeddable":true,"href":"https:\/\/gdes.com\/innovation\/fr\/wp-json\/wp\/v2\/pages\/44"}],"wp:featuredmedia":[{"embeddable":true,"href":"https:\/\/gdes.com\/innovation\/fr\/wp-json\/wp\/v2\/media\/286"}],"wp:attachment":[{"href":"https:\/\/gdes.com\/innovation\/fr\/wp-json\/wp\/v2\/media?parent=80"}],"curies":[{"name":"wp","href":"https:\/\/api.w.org\/{rel}","templated":true}]}}