{"id":799,"date":"2019-03-21T11:07:55","date_gmt":"2019-03-21T10:07:55","guid":{"rendered":"https:\/\/gdes.com\/innovation\/?page_id=799"},"modified":"2021-01-27T13:39:53","modified_gmt":"2021-01-27T12:39:53","slug":"demos","status":"publish","type":"page","link":"https:\/\/gdes.com\/innovation\/fr\/demos\/","title":{"rendered":"DEMOS"},"content":{"rendered":"<p><\/p>\n<h3><img loading=\"lazy\" decoding=\"async\" class=\"size-medium aligncenter\" src=\"https:\/\/gdes.com\/corporate\/wp-content\/uploads\/sites\/5\/slider6\/2Demos-FR.jpeg\" alt=\"DEMOS-GDES\" width=\"1072\" height=\"543\" \/><\/h3>\n<h3><span class=\"fontstyle0\">Robot t\u00e9l\u00e9command\u00e9 pour la d\u00e9contamination et le nettoyage m\u00e9canique du sol et des parois des piscines des centrales nucl\u00e9aires<\/span><\/h3>\n<p>&nbsp;<\/p>\n<p><img decoding=\"async\" class=\"alignright wp-image-801 size-full\" src=\"https:\/\/gdes.com\/innovation\/wp-content\/uploads\/sites\/2\/2019\/03\/demos-1robot.jpg\" alt=\"\" width=\"470\" height=\"479\" srcset=\"https:\/\/gdes.com\/innovation\/wp-content\/uploads\/sites\/2\/2019\/03\/demos-1robot.jpg 470w, https:\/\/gdes.com\/innovation\/wp-content\/uploads\/sites\/2\/2019\/03\/demos-1robot-294x300.jpg 294w\" sizes=\"(max-width: 470px) 100vw, 470px\" \/><\/p>\n<p><span class=\"fontstyle0\">\u2022\u00a0<\/span><span class=\"fontstyle0\">Op\u00e9ration de contr\u00f4le \u00e0 distance avec <strong>visualisation en ligne et enregistrement vid\u00e9o de l\u2019op\u00e9ration.<\/strong><\/span><\/p>\n<p><span class=\"fontstyle0\"><br \/>\n\u2022 En combinaison avec FILTRABRIS, apr\u00e8s le nettoyage, les particules aspir\u00e9es sont filtr\u00e9es, inspect\u00e9es et collect\u00e9es pour leur analyse et \u00e9limination.<\/span><\/p>\n<p>&nbsp;<\/p>\n<p><span class=\"fontstyle0\">\u2022\u00a0<strong>Exp\u00e9rience op\u00e9rationnelle:<\/strong> CNPE Trillo, CNPE Cofrentes, CNPE Laguna Verde.<\/span><\/p>\n<p>&nbsp;<\/p>\n<p><img decoding=\"async\" class=\"alignleft wp-image-802 size-full\" src=\"https:\/\/gdes.com\/innovation\/wp-content\/uploads\/sites\/2\/2019\/03\/demos-2.png\" alt=\"\" width=\"300\" height=\"314\" srcset=\"https:\/\/gdes.com\/innovation\/wp-content\/uploads\/sites\/2\/2019\/03\/demos-2.png 300w, https:\/\/gdes.com\/innovation\/wp-content\/uploads\/sites\/2\/2019\/03\/demos-2-287x300.png 287w\" sizes=\"(max-width: 300px) 100vw, 300px\" \/><\/p>","protected":false},"excerpt":{"rendered":"<p>Robot t\u00e9l\u00e9command\u00e9 pour la d\u00e9contamination et le nettoyage m\u00e9canique du sol et des parois des piscines des centrales nucl\u00e9aires &nbsp; \u2022\u00a0Op\u00e9ration de contr\u00f4le \u00e0 distance avec visualisation en ligne et enregistrement vid\u00e9o de l\u2019op\u00e9ration. \u2022 En combinaison avec FILTRABRIS, apr\u00e8s le nettoyage, les particules aspir\u00e9es sont filtr\u00e9es, inspect\u00e9es et collect\u00e9es pour leur analyse et \u00e9limination. [&hellip;]<\/p>\n","protected":false},"author":3,"featured_media":0,"parent":0,"menu_order":0,"comment_status":"closed","ping_status":"closed","template":"Page-fullwidth.php","meta":{"footnotes":""},"class_list":["post-799","page","type-page","status-publish","hentry"],"aioseo_notices":[],"_links":{"self":[{"href":"https:\/\/gdes.com\/innovation\/fr\/wp-json\/wp\/v2\/pages\/799","targetHints":{"allow":["GET"]}}],"collection":[{"href":"https:\/\/gdes.com\/innovation\/fr\/wp-json\/wp\/v2\/pages"}],"about":[{"href":"https:\/\/gdes.com\/innovation\/fr\/wp-json\/wp\/v2\/types\/page"}],"author":[{"embeddable":true,"href":"https:\/\/gdes.com\/innovation\/fr\/wp-json\/wp\/v2\/users\/3"}],"replies":[{"embeddable":true,"href":"https:\/\/gdes.com\/innovation\/fr\/wp-json\/wp\/v2\/comments?post=799"}],"version-history":[{"count":21,"href":"https:\/\/gdes.com\/innovation\/fr\/wp-json\/wp\/v2\/pages\/799\/revisions"}],"predecessor-version":[{"id":1017,"href":"https:\/\/gdes.com\/innovation\/fr\/wp-json\/wp\/v2\/pages\/799\/revisions\/1017"}],"wp:attachment":[{"href":"https:\/\/gdes.com\/innovation\/fr\/wp-json\/wp\/v2\/media?parent=799"}],"curies":[{"name":"wp","href":"https:\/\/api.w.org\/{rel}","templated":true}]}}