{"id":644,"date":"2019-03-06T12:21:41","date_gmt":"2019-03-06T11:21:41","guid":{"rendered":"https:\/\/gdes.com\/innovation\/?page_id=644"},"modified":"2021-01-27T13:32:09","modified_gmt":"2021-01-27T12:32:09","slug":"filtrabris","status":"publish","type":"page","link":"https:\/\/gdes.com\/innovation\/fr\/filtrabris\/","title":{"rendered":"FILTRABRIS"},"content":{"rendered":"<p><\/p>\n<h3><img loading=\"lazy\" decoding=\"async\" class=\"size-medium aligncenter\" src=\"https:\/\/gdes.com\/corporate\/wp-content\/uploads\/sites\/5\/slider6\/2filtrabris-FR.jpeg\" alt=\"FILTRABRIS-GDES\" width=\"1072\" height=\"543\" \/><\/h3>\n<h3><span class=\"fontstyle0\">Syst\u00e8me d\u2019aspiration et de filtration pour l\u2019analyse des d\u00e9bris accumul\u00e9s<\/span> <span class=\"fontstyle0\">dans les assemblages combustible des centrales nucl\u00e9aires<\/span><\/h3>\n<p>&nbsp;<\/p>\n<p><img decoding=\"async\" class=\"alignright wp-image-668\" src=\"https:\/\/gdes.com\/innovation\/wp-content\/uploads\/sites\/2\/2019\/03\/filtrabris-1-1-e1552464746802.png\" alt=\"\" width=\"430\" height=\"499\" \/><\/p>\n<ul>\n<li>Il se couple \u00e0 l\u2019extr\u00e9mit\u00e9 inf\u00e9rieure de <strong>l\u2019assemblage combustible<\/strong> ; l\u2019\u00e9limination du filtre anti-d\u00e9bris n\u2019est pas requise<\/li>\n<\/ul>\n<p>&nbsp;<\/p>\n<ul>\n<li>Les d\u00e9bris aspir\u00e9s sont recueillis dans un panier-filtre \u00e9quip\u00e9 d\u2019une cam\u00e9ra et de projecteurs pour une <strong>inspection visuelle<\/strong> \u00e0 distance.<\/li>\n<\/ul>\n<p>&nbsp;<\/p>\n<ul>\n<li>Les impuret\u00e9s de l\u2019assemblage combustible sont collect\u00e9es dans un second filtre \u00e0 cartouche \u00e0 haute capacit\u00e9 de filtration pour <strong>emp\u00eacher leur dispersion dans la piscine.<\/strong><\/li>\n<\/ul>\n<p><img loading=\"lazy\" decoding=\"async\" class=\"alignleft wp-image-647 size-medium\" src=\"https:\/\/gdes.com\/innovation\/wp-content\/uploads\/sites\/2\/2019\/03\/FILTRABRIS-22-300x260.png\" alt=\"\" width=\"300\" height=\"260\" srcset=\"https:\/\/gdes.com\/innovation\/wp-content\/uploads\/sites\/2\/2019\/03\/FILTRABRIS-22-300x260.png 300w, https:\/\/gdes.com\/innovation\/wp-content\/uploads\/sites\/2\/2019\/03\/FILTRABRIS-22.png 378w\" sizes=\"(max-width: 300px) 100vw, 300px\" \/><\/p>","protected":false},"excerpt":{"rendered":"<p>Syst\u00e8me d\u2019aspiration et de filtration pour l\u2019analyse des d\u00e9bris accumul\u00e9s dans les assemblages combustible des centrales nucl\u00e9aires &nbsp; Il se couple \u00e0 l\u2019extr\u00e9mit\u00e9 inf\u00e9rieure de l\u2019assemblage combustible ; l\u2019\u00e9limination du filtre anti-d\u00e9bris n\u2019est pas requise &nbsp; Les d\u00e9bris aspir\u00e9s sont recueillis dans un panier-filtre \u00e9quip\u00e9 d\u2019une cam\u00e9ra et de projecteurs pour une inspection visuelle \u00e0 [&hellip;]<\/p>\n","protected":false},"author":3,"featured_media":0,"parent":0,"menu_order":0,"comment_status":"closed","ping_status":"closed","template":"Page-fullwidth.php","meta":{"footnotes":""},"class_list":["post-644","page","type-page","status-publish","hentry"],"aioseo_notices":[],"_links":{"self":[{"href":"https:\/\/gdes.com\/innovation\/fr\/wp-json\/wp\/v2\/pages\/644","targetHints":{"allow":["GET"]}}],"collection":[{"href":"https:\/\/gdes.com\/innovation\/fr\/wp-json\/wp\/v2\/pages"}],"about":[{"href":"https:\/\/gdes.com\/innovation\/fr\/wp-json\/wp\/v2\/types\/page"}],"author":[{"embeddable":true,"href":"https:\/\/gdes.com\/innovation\/fr\/wp-json\/wp\/v2\/users\/3"}],"replies":[{"embeddable":true,"href":"https:\/\/gdes.com\/innovation\/fr\/wp-json\/wp\/v2\/comments?post=644"}],"version-history":[{"count":65,"href":"https:\/\/gdes.com\/innovation\/fr\/wp-json\/wp\/v2\/pages\/644\/revisions"}],"predecessor-version":[{"id":1012,"href":"https:\/\/gdes.com\/innovation\/fr\/wp-json\/wp\/v2\/pages\/644\/revisions\/1012"}],"wp:attachment":[{"href":"https:\/\/gdes.com\/innovation\/fr\/wp-json\/wp\/v2\/media?parent=644"}],"curies":[{"name":"wp","href":"https:\/\/api.w.org\/{rel}","templated":true}]}}