{"id":553,"date":"2019-03-05T13:27:49","date_gmt":"2019-03-05T12:27:49","guid":{"rendered":"https:\/\/gdes.com\/innovation\/?page_id=553"},"modified":"2022-03-15T11:33:22","modified_gmt":"2022-03-15T10:33:22","slug":"reshand","status":"publish","type":"page","link":"https:\/\/gdes.com\/innovation\/fr\/reshand\/","title":{"rendered":"RESHAND"},"content":{"rendered":"<p><\/p>\n<h2><img loading=\"lazy\" decoding=\"async\" class=\"size-medium aligncenter\" src=\"https:\/\/gdes.com\/corporate\/wp-content\/uploads\/sites\/5\/slider6\/2Reshand-FR.jpeg\" alt=\"REDHAND-GDES\" width=\"1072\" height=\"543\" \/><\/h2>\n<h2><span class=\"fontstyle0\">Bras robotique t\u00e9l\u00e9command\u00e9 pour la r\u00e9cup\u00e9ration d\u2019objets dans les piscines des centrales nucl\u00e9aires<\/span><\/h2>\n<p>&nbsp;<\/p>\n<p>\u2022 <strong>Semi-automatique<\/strong>, actionnable <strong>\u00e0 distance<\/strong> par un seul op\u00e9rateur au moyen d\u2019un gant de contr\u00f4le \u00e9lectronique.<\/p>\n<p>&nbsp;<\/p>\n<p>\u2022 Capable de fonctionner \u00e9galement hors de l&rsquo;eau, pour la manipulation des d\u00e9chets radioactifs, le d\u00e9placement des mat\u00e9riels dans les zones difficiles d&rsquo;acc\u00e8s ou \u00e0 risque de radiation et de contamination, telle l&rsquo;installation d&rsquo;entreposage temporaire de d\u00e9chets solides.<\/p>\n<p>&nbsp;<\/p>\n<p>\u2022 Mont\u00e9 \u00e0 l\u2019extr\u00e9mit\u00e9 d\u2019une perche et \u00e9quip\u00e9 de 2 cam\u00e9ras, il permet facilement la\u00a0<strong>visualisation \u00e0 distance en temps r\u00e9el <\/strong>et\u00a0<strong>r\u00e9cup\u00e9ration d\u2019objets<\/strong> de nature, de taille et de g\u00e9om\u00e9trie diff\u00e9rentes.<\/p>\n<p><img decoding=\"async\" class=\"wp-image-671 alignright\" src=\"https:\/\/gdes.com\/innovation\/wp-content\/uploads\/sites\/2\/2019\/03\/BLANCO-FONDO.png\" alt=\"\" width=\"550\" height=\"258\" srcset=\"https:\/\/gdes.com\/innovation\/wp-content\/uploads\/sites\/2\/2019\/03\/BLANCO-FONDO.png 640w, https:\/\/gdes.com\/innovation\/wp-content\/uploads\/sites\/2\/2019\/03\/BLANCO-FONDO-300x141.png 300w\" sizes=\"(max-width: 550px) 100vw, 550px\" \/><\/p>\n<p>&nbsp;<\/p>\n<p>\u2022 RESHAND peut s&rsquo;adapter \u00e0 diff\u00e9rentes activit\u00e9s de nettoyage et de retrait gr\u00e2ce \u00e0 ses modules interchangeables.<\/p>\n<p>&nbsp;<\/p>\n<p>\u2022 <strong>Large gamme d\u2019applications<\/strong> : syst\u00e8me modulaire avec diff\u00e9rentes configurations faciles \u00e0 installer, avec un ensemble d\u2019outils interchangeables <span class=\"fontstyle0\">(attaches,pinces, etc.)<\/span>\u00a0.<\/p>\n<p>&nbsp;<\/p>\n<p>&nbsp;<\/p>","protected":false},"excerpt":{"rendered":"<p>Bras robotique t\u00e9l\u00e9command\u00e9 pour la r\u00e9cup\u00e9ration d\u2019objets dans les piscines des centrales nucl\u00e9aires &nbsp; \u2022 Semi-automatique, actionnable \u00e0 distance par un seul op\u00e9rateur au moyen d\u2019un gant de contr\u00f4le \u00e9lectronique. &nbsp; \u2022 Capable de fonctionner \u00e9galement hors de l&rsquo;eau, pour la manipulation des d\u00e9chets radioactifs, le d\u00e9placement des mat\u00e9riels dans les zones difficiles d&rsquo;acc\u00e8s ou [&hellip;]<\/p>\n","protected":false},"author":3,"featured_media":0,"parent":0,"menu_order":0,"comment_status":"closed","ping_status":"closed","template":"Page-fullwidth.php","meta":{"footnotes":""},"class_list":["post-553","page","type-page","status-publish","hentry"],"aioseo_notices":[],"_links":{"self":[{"href":"https:\/\/gdes.com\/innovation\/fr\/wp-json\/wp\/v2\/pages\/553","targetHints":{"allow":["GET"]}}],"collection":[{"href":"https:\/\/gdes.com\/innovation\/fr\/wp-json\/wp\/v2\/pages"}],"about":[{"href":"https:\/\/gdes.com\/innovation\/fr\/wp-json\/wp\/v2\/types\/page"}],"author":[{"embeddable":true,"href":"https:\/\/gdes.com\/innovation\/fr\/wp-json\/wp\/v2\/users\/3"}],"replies":[{"embeddable":true,"href":"https:\/\/gdes.com\/innovation\/fr\/wp-json\/wp\/v2\/comments?post=553"}],"version-history":[{"count":73,"href":"https:\/\/gdes.com\/innovation\/fr\/wp-json\/wp\/v2\/pages\/553\/revisions"}],"predecessor-version":[{"id":1082,"href":"https:\/\/gdes.com\/innovation\/fr\/wp-json\/wp\/v2\/pages\/553\/revisions\/1082"}],"wp:attachment":[{"href":"https:\/\/gdes.com\/innovation\/fr\/wp-json\/wp\/v2\/media?parent=553"}],"curies":[{"name":"wp","href":"https:\/\/api.w.org\/{rel}","templated":true}]}}