{"id":545,"date":"2019-03-05T12:59:24","date_gmt":"2019-03-05T11:59:24","guid":{"rendered":"https:\/\/gdes.com\/innovation\/?page_id=545"},"modified":"2021-01-27T13:38:00","modified_gmt":"2021-01-27T12:38:00","slug":"off-gas","status":"publish","type":"page","link":"https:\/\/gdes.com\/innovation\/fr\/off-gas\/","title":{"rendered":"OFF-GAS"},"content":{"rendered":"<p><\/p>\n<h3><img loading=\"lazy\" decoding=\"async\" class=\"size-medium aligncenter\" src=\"https:\/\/gdes.com\/corporate\/wp-content\/uploads\/sites\/5\/slider6\/2offgas-FR.jpeg\" alt=\"OFFGAS-GDES\" width=\"1072\" height=\"543\" \/><\/h3>\n<h3>Surveillance en ligne de l\u2019int\u00e9grit\u00e9 du combustible et d\u00e9tection pr\u00e9coce des dommages<\/h3>\n<p>&nbsp;<\/p>\n<p><img loading=\"lazy\" decoding=\"async\" class=\"alignleft wp-image-575\" src=\"https:\/\/gdes.com\/innovation\/wp-content\/uploads\/sites\/2\/2019\/03\/offgas-300x242.png\" alt=\"\" width=\"315\" height=\"254\" srcset=\"https:\/\/gdes.com\/innovation\/wp-content\/uploads\/sites\/2\/2019\/03\/offgas-300x242.png 300w, https:\/\/gdes.com\/innovation\/wp-content\/uploads\/sites\/2\/2019\/03\/offgas.png 575w\" sizes=\"(max-width: 315px) 100vw, 315px\" \/>\u2022 Syst\u00e8me de surveillance pour <strong>l\u2019\u00e9valuation de l\u2019int\u00e9grit\u00e9 et la d\u00e9tection pr\u00e9coce des dommages<\/strong> du combustibles et des barres de contr\u00f4le.<\/p>\n<p>&nbsp;<\/p>\n<p>\u2022 Permet la surveillance de l\u2019activit\u00e9 en <strong>temps r\u00e9el<\/strong> pendant les basculements de flux et les changements de s\u00e9quence, pour une identification rapide et facile des \u00e9l\u00e9ments combustibles endommag\u00e9s ; assure \u00e9galement la <strong>d\u00e9tection des secondes d\u00e9faillances.<\/strong><\/p>\n<p>&nbsp;<\/p>\n<p>\u2022 Bas\u00e9 sur une analyse en continu et en temps r\u00e9el de la ligne de d\u00e9gazage pour la <strong>d\u00e9tection de radionucl\u00e9ides sp\u00e9cifiques<\/strong> avant et apr\u00e8s la ligne de retard : (<sup>133<\/sup>Xe, <sup>135<\/sup>Xe, <sup>137<\/sup>Xe, <sup>138<\/sup>Xe, <sup>85<\/sup>Kr<sup>m<\/sup>, <sup>87<\/sup>Kr, <sup>88<\/sup>Kr, <sup>89<\/sup>Kr, He).<\/p>\n<p>&nbsp;<\/p>\n<p>\u2022 Facilit\u00e9 d\u2019installation sur la d\u00e9rivation de d\u00e9gazage, pour qu\u2019aucune modification des principaux syst\u00e8mes de l\u2019installation ne soit requise.<\/p>\n<p>&nbsp;<\/p>\n<p>D\u00e9j\u00e0 install\u00e9 et fonctionnel \u00e0 la centrale nucl\u00e9aire de Cofrentes (Espagne).<\/p>\n<p>&nbsp;<\/p>\n<p><img decoding=\"async\" class=\"wp-image-286 size-full aligncenter\" src=\"https:\/\/gdes.com\/innovation\/wp-content\/uploads\/sites\/2\/2016\/11\/OffGass-System2.jpg\" alt=\"\" width=\"847\" height=\"260\" \/><\/p>","protected":false},"excerpt":{"rendered":"<p>Surveillance en ligne de l\u2019int\u00e9grit\u00e9 du combustible et d\u00e9tection pr\u00e9coce des dommages &nbsp; \u2022 Syst\u00e8me de surveillance pour l\u2019\u00e9valuation de l\u2019int\u00e9grit\u00e9 et la d\u00e9tection pr\u00e9coce des dommages du combustibles et des barres de contr\u00f4le. &nbsp; \u2022 Permet la surveillance de l\u2019activit\u00e9 en temps r\u00e9el pendant les basculements de flux et les changements de s\u00e9quence, pour [&hellip;]<\/p>\n","protected":false},"author":3,"featured_media":0,"parent":0,"menu_order":0,"comment_status":"closed","ping_status":"closed","template":"Page-fullwidth.php","meta":{"footnotes":""},"class_list":["post-545","page","type-page","status-publish","hentry"],"aioseo_notices":[],"_links":{"self":[{"href":"https:\/\/gdes.com\/innovation\/fr\/wp-json\/wp\/v2\/pages\/545","targetHints":{"allow":["GET"]}}],"collection":[{"href":"https:\/\/gdes.com\/innovation\/fr\/wp-json\/wp\/v2\/pages"}],"about":[{"href":"https:\/\/gdes.com\/innovation\/fr\/wp-json\/wp\/v2\/types\/page"}],"author":[{"embeddable":true,"href":"https:\/\/gdes.com\/innovation\/fr\/wp-json\/wp\/v2\/users\/3"}],"replies":[{"embeddable":true,"href":"https:\/\/gdes.com\/innovation\/fr\/wp-json\/wp\/v2\/comments?post=545"}],"version-history":[{"count":38,"href":"https:\/\/gdes.com\/innovation\/fr\/wp-json\/wp\/v2\/pages\/545\/revisions"}],"predecessor-version":[{"id":1015,"href":"https:\/\/gdes.com\/innovation\/fr\/wp-json\/wp\/v2\/pages\/545\/revisions\/1015"}],"wp:attachment":[{"href":"https:\/\/gdes.com\/innovation\/fr\/wp-json\/wp\/v2\/media?parent=545"}],"curies":[{"name":"wp","href":"https:\/\/api.w.org\/{rel}","templated":true}]}}