{"id":491,"date":"2019-03-04T13:54:17","date_gmt":"2019-03-04T12:54:17","guid":{"rendered":"https:\/\/gdes.com\/innovation\/?page_id=491"},"modified":"2019-03-06T14:24:32","modified_gmt":"2019-03-06T13:24:32","slug":"productos","status":"publish","type":"page","link":"https:\/\/gdes.com\/innovation\/fr\/productos\/","title":{"rendered":"Produits"},"content":{"rendered":"<p><\/p>\n<h4>Nous fournissons une technologie innovante et des solutions sur mesure pour l\u2019exploitation et la maintenance des centrales nucl\u00e9aires.<\/h4>\n<p>&nbsp;<\/p>\n<p>GD Energy Services est un fournisseur international de services dans le secteur de l\u2019\u00e9nergie, leader dans le traitement de surface, la maintenance industrielle, les services pour les \u00e9nergies renouvelables et les urgences. Gr\u00e2ce \u00e0 son fort engagement en faveur du d\u00e9veloppement de la recherche et de l\u2019innovation, GD Energy Services se positionne \u00e0 la pointe du d\u00e9veloppement des technologies appliqu\u00e9es dans les services.<\/p>\n<p>&nbsp;<\/p>\n<p>&nbsp;<\/p>\n<h4>FME: \u00e9quipement pour le retrait, la collecte et la caract\u00e9risation des d\u00e9bris dans les piscines des centrales nucl\u00e9aires.<\/h4>\n<p>&nbsp;<\/p>\n<p><a href=\"https:\/\/gdes.com\/innovation\/wp-content\/uploads\/sites\/2\/2019\/03\/gdes-t4s.png\"><img decoding=\"async\" class=\"alignleft wp-image-497\" src=\"https:\/\/gdes.com\/innovation\/wp-content\/uploads\/sites\/2\/2019\/03\/gdes-t4s.png\" alt=\"\" width=\"450\" height=\"211\" srcset=\"https:\/\/gdes.com\/innovation\/wp-content\/uploads\/sites\/2\/2019\/03\/gdes-t4s.png 577w, https:\/\/gdes.com\/innovation\/wp-content\/uploads\/sites\/2\/2019\/03\/gdes-t4s-300x141.png 300w\" sizes=\"(max-width: 450px) 100vw, 450px\" \/><\/a><\/p>\n<p>Notre \u00e9quipement FME peut travailler en combinaison, am\u00e9liorant ainsi son efficacit\u00e9 et permettant une plus large gamme d\u2019applications.<\/p>\n<p>&nbsp;<\/p>\n<p>Quelques exemples :<\/p>\n<p>\u2022 Les d\u00e9bris captur\u00e9s dans le filtre \u00e0 cartouche du FILTRABRIS peuvent \u00eatre manipul\u00e9s \u00e0 distance et collect\u00e9s au moyen du RESHAND;<\/p>\n<p>\u2022 RESHAND soutient \u00e9galement l\u2019aspiration localis\u00e9e dans les zones d\u2019acc\u00e8s difficile;<\/p>\n<p>\u2022 DEMOS et FILTRABRIS peuvent \u00eatre combin\u00e9s pour permettre l\u2019inspection des d\u00e9bris nettoy\u00e9s avant leur \u00e9limination.<\/p>\n<p>&nbsp;<\/p>\n<p>&nbsp;<\/p>","protected":false},"excerpt":{"rendered":"<p>Nous fournissons une technologie innovante et des solutions sur mesure pour l\u2019exploitation et la maintenance des centrales nucl\u00e9aires. &nbsp; GD Energy Services est un fournisseur international de services dans le secteur de l\u2019\u00e9nergie, leader dans le traitement de surface, la maintenance industrielle, les services pour les \u00e9nergies renouvelables et les urgences. Gr\u00e2ce \u00e0 son fort [&hellip;]<\/p>\n","protected":false},"author":3,"featured_media":0,"parent":0,"menu_order":0,"comment_status":"closed","ping_status":"closed","template":"template-project-3-column.php","meta":{"footnotes":""},"class_list":["post-491","page","type-page","status-publish","hentry"],"aioseo_notices":[],"_links":{"self":[{"href":"https:\/\/gdes.com\/innovation\/fr\/wp-json\/wp\/v2\/pages\/491","targetHints":{"allow":["GET"]}}],"collection":[{"href":"https:\/\/gdes.com\/innovation\/fr\/wp-json\/wp\/v2\/pages"}],"about":[{"href":"https:\/\/gdes.com\/innovation\/fr\/wp-json\/wp\/v2\/types\/page"}],"author":[{"embeddable":true,"href":"https:\/\/gdes.com\/innovation\/fr\/wp-json\/wp\/v2\/users\/3"}],"replies":[{"embeddable":true,"href":"https:\/\/gdes.com\/innovation\/fr\/wp-json\/wp\/v2\/comments?post=491"}],"version-history":[{"count":51,"href":"https:\/\/gdes.com\/innovation\/fr\/wp-json\/wp\/v2\/pages\/491\/revisions"}],"predecessor-version":[{"id":595,"href":"https:\/\/gdes.com\/innovation\/fr\/wp-json\/wp\/v2\/pages\/491\/revisions\/595"}],"wp:attachment":[{"href":"https:\/\/gdes.com\/innovation\/fr\/wp-json\/wp\/v2\/media?parent=491"}],"curies":[{"name":"wp","href":"https:\/\/api.w.org\/{rel}","templated":true}]}}