{"id":44,"date":"2016-11-10T10:41:23","date_gmt":"2016-11-10T10:41:23","guid":{"rendered":"https:\/\/dgd.es\/t4s\/?page_id=44"},"modified":"2023-01-25T10:01:53","modified_gmt":"2023-01-25T09:01:53","slug":"actividades","status":"publish","type":"page","link":"https:\/\/gdes.com\/innovation\/fr\/actividades\/","title":{"rendered":"Activit\u00e9s"},"content":{"rendered":"<p><strong>GDES Innovation<\/strong> d\u00e9veloppe de nouvelles solutions technologiques visant \u00e0 satisfaire les besoins en infrastructures de production d\u2019\u00e9nergie relatifs \u00e0 l\u2019exploitation et \u00e0 la maintenance, en portant une attention toute particuli\u00e8re au Nucl\u00e9aire et aux \u00c9nergies Renouvelables.<\/p>\n<p>Le premier objectif de <strong>GDES Innovation<\/strong> est de fournir des produits ayant un int\u00e9r\u00eat pour ses deux partenaires actionnaires gr\u00e2ce \u00e0 la synergie de l\u2019exp\u00e9rience et des comp\u00e9tences sp\u00e9cifiques de chacun d\u2019entre eux, mais aussi en se partageant les risques et les b\u00e9n\u00e9fices de chaque projet. La technologie fournie par <strong>GDES Innovation <\/strong>se fonde sur trois aspects principaux\u00a0:<\/p>\n<ul>\n<li>De nouveaux projets dans des domaines technologiques pr\u00e9sentant un int\u00e9r\u00eat commun pour les partenaires\u00a0;<\/li>\n<li>L\u2019industrialisation et la commercialisation sur le march\u00e9 de la technologie d\u00e9velopp\u00e9e en interne par l\u2019un des partenaires\u00a0;<\/li>\n<li>Des accords et partenariats avec des entreprises technologiques tierces pour d\u00e9velopper et vendre de nouvelles technologies.<\/li>\n<\/ul>\n<p><\/p>","protected":false},"excerpt":{"rendered":"<p>GDES Innovation d\u00e9veloppe de nouvelles solutions technologiques visant \u00e0 satisfaire les besoins en infrastructures de production d\u2019\u00e9nergie relatifs \u00e0 l\u2019exploitation et \u00e0 la maintenance, en portant une attention toute particuli\u00e8re au Nucl\u00e9aire et aux \u00c9nergies Renouvelables. Le premier objectif de GDES Innovation est de fournir des produits ayant un int\u00e9r\u00eat pour ses deux partenaires actionnaires [&hellip;]<\/p>\n","protected":false},"author":1,"featured_media":1123,"parent":0,"menu_order":0,"comment_status":"closed","ping_status":"closed","template":"Page-fullwidth.php","meta":{"footnotes":""},"class_list":["post-44","page","type-page","status-publish","has-post-thumbnail","hentry"],"aioseo_notices":[],"_links":{"self":[{"href":"https:\/\/gdes.com\/innovation\/fr\/wp-json\/wp\/v2\/pages\/44","targetHints":{"allow":["GET"]}}],"collection":[{"href":"https:\/\/gdes.com\/innovation\/fr\/wp-json\/wp\/v2\/pages"}],"about":[{"href":"https:\/\/gdes.com\/innovation\/fr\/wp-json\/wp\/v2\/types\/page"}],"author":[{"embeddable":true,"href":"https:\/\/gdes.com\/innovation\/fr\/wp-json\/wp\/v2\/users\/1"}],"replies":[{"embeddable":true,"href":"https:\/\/gdes.com\/innovation\/fr\/wp-json\/wp\/v2\/comments?post=44"}],"version-history":[{"count":11,"href":"https:\/\/gdes.com\/innovation\/fr\/wp-json\/wp\/v2\/pages\/44\/revisions"}],"predecessor-version":[{"id":1122,"href":"https:\/\/gdes.com\/innovation\/fr\/wp-json\/wp\/v2\/pages\/44\/revisions\/1122"}],"wp:featuredmedia":[{"embeddable":true,"href":"https:\/\/gdes.com\/innovation\/fr\/wp-json\/wp\/v2\/media\/1123"}],"wp:attachment":[{"href":"https:\/\/gdes.com\/innovation\/fr\/wp-json\/wp\/v2\/media?parent=44"}],"curies":[{"name":"wp","href":"https:\/\/api.w.org\/{rel}","templated":true}]}}