{"id":119,"date":"2016-11-10T23:36:16","date_gmt":"2016-11-10T23:36:16","guid":{"rendered":"https:\/\/dgd.es\/t4s\/?page_id=119"},"modified":"2021-07-13T11:04:23","modified_gmt":"2021-07-13T10:04:23","slug":"fmex","status":"publish","type":"page","link":"https:\/\/gdes.com\/innovation\/fr\/actividades\/fmex\/","title":{"rendered":"Foreign Material Exclusion"},"content":{"rendered":"<p>La raison d\u2019\u00eatre et l\u2019objectif de la politique d\u2019exclusion des corps migrants &nbsp;(<strong>Foreign Material Exclusion<\/strong>, ou FME) dans l\u2019industrie nucl\u00e9aire est d\u2019emp\u00eacher l\u2019intrusion de toute mati\u00e8re \u00e9trang\u00e8re (pi\u00e8ces d\u00e9tach\u00e9es, vis, papiers, plastiques, salet\u00e9s, etc.) dans les syst\u00e8mes et \u00e9quipements nucl\u00e9aires afin d\u2019\u00e9viter d\u2019endommager ces syst\u00e8mes et \u00e9quipements, de ne pas entra\u00eener l\u2019indisponibilit\u00e9 de l\u2019installation mais aussi afin d\u2019\u00e9viter les risques de blessures corporelles ou tout autre impact sur la s\u00fbret\u00e9 nucl\u00e9aire, y compris la simple augmentation du stock radiologique r\u00e9sultant de l\u2019activation et\/ou de la contamination de ces m\u00eames mati\u00e8res \u00e9trang\u00e8res.&nbsp;<\/p>\n<p>&nbsp; &nbsp;<br \/>\nPour y parvenir, des zones&nbsp;<strong>FME<\/strong>&nbsp;sont identifi\u00e9es et class\u00e9es, les bonnes pratiques&nbsp;<strong>FME<\/strong>&nbsp;sont d\u00e9finies et les usines sont \u00e9quip\u00e9es de barri\u00e8res et de dispositifs&nbsp;<strong>FME<\/strong>.<\/p>\n<p>&nbsp; &nbsp;<br \/>\n<strong>GDES T4S<\/strong>&nbsp;travaille activement \u00e0 la mise en \u0153uvre de deux projets \u00e0 la fois li\u00e9s et favorables au champ d\u2019application et aux bonnes pratiques&nbsp;<strong>FME<\/strong>&nbsp;:&nbsp;<\/p>\n<p>&nbsp;<\/p>\n<ul>\n<li style=\"list-style-type: none;\">\n<ul>\n<li style=\"list-style-type: none;\">\n<ul>\n<li><strong>ResHand<\/strong>\u2013 Bras robotis\u00e9 actionn\u00e9 \u00e0 distance pour la r\u00e9cup\u00e9ration d\u2019objets \u00e0 l\u2019int\u00e9rieur des piscines de confinement des centrales nucl\u00e9aires.<\/li>\n<li>&nbsp;<strong>FiltraBris<\/strong>\u2013 \u00c9quipements t\u00e9l\u00e9command\u00e9s pour l\u2019aspiration, le filtrage, la d\u00e9tection et l\u2019analyse des d\u00e9bris se trouvant dans les assemblages &nbsp;combustible des centrales nucl\u00e9aires.<\/li>\n<\/ul>\n<\/li>\n<\/ul>\n<\/li>\n<\/ul>\n<ul>\n<li style=\"list-style-type: none;\">Informations compl\u00e9mentaires sur cette technologie:<\/li>\n<li style=\"list-style-type: none;\"><a class=\"fasc-button fasc-size-medium fasc-type-flat fasc-ico-before dashicons-plus-alt\" style=\"background-color: #5ca2df; color: #ffffff;\" target=\"_blank\" href=\"https:\/\/gdes.com\/innovation\/reshand\/\">RESHAND<\/a>&nbsp; &nbsp;<a class=\"fasc-button fasc-size-medium fasc-type-flat fasc-ico-before dashicons-plus-alt\" style=\"background-color: #5ca2df; color: #ffffff;\" target=\"_blank\" href=\"https:\/\/gdes.com\/innovation\/filtrabris\/\">FILTRABRIS<\/a><\/li>\n<\/ul>\n<p><\/p>","protected":false},"excerpt":{"rendered":"<p>La raison d\u2019\u00eatre et l\u2019objectif de la politique d\u2019exclusion des corps migrants &nbsp;(Foreign Material Exclusion, ou FME) dans l\u2019industrie nucl\u00e9aire est d\u2019emp\u00eacher l\u2019intrusion de toute mati\u00e8re \u00e9trang\u00e8re (pi\u00e8ces d\u00e9tach\u00e9es, vis, papiers, plastiques, salet\u00e9s, etc.) dans les syst\u00e8mes et \u00e9quipements nucl\u00e9aires afin d\u2019\u00e9viter d\u2019endommager ces syst\u00e8mes et \u00e9quipements, de ne pas entra\u00eener l\u2019indisponibilit\u00e9 de l\u2019installation mais [&hellip;]<\/p>\n","protected":false},"author":1,"featured_media":186,"parent":44,"menu_order":0,"comment_status":"closed","ping_status":"closed","template":"Page-fullwidth.php","meta":{"footnotes":""},"class_list":["post-119","page","type-page","status-publish","has-post-thumbnail","hentry"],"aioseo_notices":[],"_links":{"self":[{"href":"https:\/\/gdes.com\/innovation\/fr\/wp-json\/wp\/v2\/pages\/119","targetHints":{"allow":["GET"]}}],"collection":[{"href":"https:\/\/gdes.com\/innovation\/fr\/wp-json\/wp\/v2\/pages"}],"about":[{"href":"https:\/\/gdes.com\/innovation\/fr\/wp-json\/wp\/v2\/types\/page"}],"author":[{"embeddable":true,"href":"https:\/\/gdes.com\/innovation\/fr\/wp-json\/wp\/v2\/users\/1"}],"replies":[{"embeddable":true,"href":"https:\/\/gdes.com\/innovation\/fr\/wp-json\/wp\/v2\/comments?post=119"}],"version-history":[{"count":23,"href":"https:\/\/gdes.com\/innovation\/fr\/wp-json\/wp\/v2\/pages\/119\/revisions"}],"predecessor-version":[{"id":1075,"href":"https:\/\/gdes.com\/innovation\/fr\/wp-json\/wp\/v2\/pages\/119\/revisions\/1075"}],"up":[{"embeddable":true,"href":"https:\/\/gdes.com\/innovation\/fr\/wp-json\/wp\/v2\/pages\/44"}],"wp:featuredmedia":[{"embeddable":true,"href":"https:\/\/gdes.com\/innovation\/fr\/wp-json\/wp\/v2\/media\/186"}],"wp:attachment":[{"href":"https:\/\/gdes.com\/innovation\/fr\/wp-json\/wp\/v2\/media?parent=119"}],"curies":[{"name":"wp","href":"https:\/\/api.w.org\/{rel}","templated":true}]}}