{"id":879,"date":"2019-04-12T08:21:00","date_gmt":"2019-04-12T07:21:00","guid":{"rendered":"https:\/\/gdes.com\/innovation\/?page_id=879"},"modified":"2021-01-27T13:52:50","modified_gmt":"2021-01-27T12:52:50","slug":"tirant","status":"publish","type":"page","link":"https:\/\/gdes.com\/innovation\/es\/tirant\/","title":{"rendered":"TIRANT"},"content":{"rendered":"<p><\/p>\n<h3 dir=\"ltr\" data-placeholder=\"Traducci\u00f3n\"><img decoding=\"async\" class=\"aligncenter\" src=\"https:\/\/gdes.com\/corporate\/wp-content\/uploads\/sites\/5\/2020\/02\/2Tirant-ES-1.jpg\" \/><\/h3>\n<h3 id=\"tw-target-text\" class=\"tw-data-text tw-ta tw-text-small\" dir=\"ltr\" data-placeholder=\"Traducci\u00f3n\">Sistema robotizado para la protecci\u00f3n interior por metalizaci\u00f3n de las tuber\u00edas de vapor en CCNN.<\/h3>\n<p>&nbsp;<\/p>\n<p><img fetchpriority=\"high\" decoding=\"async\" class=\"alignright wp-image-880\" src=\"https:\/\/gdes.com\/innovation\/wp-content\/uploads\/sites\/2\/2019\/04\/tirant.jpg\" alt=\"\" width=\"450\" height=\"401\" \/><\/p>\n<p>\u2022 Robot para el proceso autom\u00e1tico de la metalizaci\u00f3n por pulverizaci\u00f3n de las superficies internas de las tuber\u00edas.<\/p>\n<p>&nbsp;<\/p>\n<p>\u2022 El recubrimiento resultante tiene propiedades anticorrosivas, as\u00ed como una mayor dureza y, por lo tanto, resistencia a la abrasi\u00f3n.<\/p>\n<p>&nbsp;<\/p>\n<p>\u2022 Minimiza la dosis de radiaci\u00f3n y otros riesgos operacionales a los que los trabajadores podr\u00edan estar expuestos.<\/p>\n<p>&nbsp;<\/p>\n<p>&nbsp;<\/p>\n<p>&nbsp;<\/p>","protected":false},"excerpt":{"rendered":"<p>Sistema robotizado para la protecci\u00f3n interior por metalizaci\u00f3n de las tuber\u00edas de vapor en CCNN. &nbsp; \u2022 Robot para el proceso autom\u00e1tico de la metalizaci\u00f3n por pulverizaci\u00f3n de las superficies internas de las tuber\u00edas. &nbsp; \u2022 El recubrimiento resultante tiene propiedades anticorrosivas, as\u00ed como una mayor dureza y, por lo tanto, resistencia a la abrasi\u00f3n. [&hellip;]<\/p>\n","protected":false},"author":3,"featured_media":0,"parent":0,"menu_order":0,"comment_status":"closed","ping_status":"closed","template":"Page-fullwidth.php","meta":{"footnotes":""},"class_list":["post-879","page","type-page","status-publish","hentry"],"aioseo_notices":[],"_links":{"self":[{"href":"https:\/\/gdes.com\/innovation\/es\/wp-json\/wp\/v2\/pages\/879","targetHints":{"allow":["GET"]}}],"collection":[{"href":"https:\/\/gdes.com\/innovation\/es\/wp-json\/wp\/v2\/pages"}],"about":[{"href":"https:\/\/gdes.com\/innovation\/es\/wp-json\/wp\/v2\/types\/page"}],"author":[{"embeddable":true,"href":"https:\/\/gdes.com\/innovation\/es\/wp-json\/wp\/v2\/users\/3"}],"replies":[{"embeddable":true,"href":"https:\/\/gdes.com\/innovation\/es\/wp-json\/wp\/v2\/comments?post=879"}],"version-history":[{"count":16,"href":"https:\/\/gdes.com\/innovation\/es\/wp-json\/wp\/v2\/pages\/879\/revisions"}],"predecessor-version":[{"id":1030,"href":"https:\/\/gdes.com\/innovation\/es\/wp-json\/wp\/v2\/pages\/879\/revisions\/1030"}],"wp:attachment":[{"href":"https:\/\/gdes.com\/innovation\/es\/wp-json\/wp\/v2\/media?parent=879"}],"curies":[{"name":"wp","href":"https:\/\/api.w.org\/{rel}","templated":true}]}}