{"id":825,"date":"2019-03-21T13:36:26","date_gmt":"2019-03-21T12:36:26","guid":{"rendered":"https:\/\/gdes.com\/innovation\/?page_id=825"},"modified":"2021-01-27T13:45:10","modified_gmt":"2021-01-27T12:45:10","slug":"ld4","status":"publish","type":"page","link":"https:\/\/gdes.com\/innovation\/es\/ld4\/","title":{"rendered":"LD4+"},"content":{"rendered":"<p><\/p>\n<h3><img decoding=\"async\" class=\"aligncenter\" src=\"https:\/\/gdes.com\/corporate\/wp-content\/uploads\/sites\/5\/2020\/02\/2ld4ES-1.jpg\" \/><\/h3>\n<h3>Equipo robotizado para la descontaminaci\u00f3n y limpieza de los alojamientos de los pernos de la vasija del reactor en CCNN.<\/h3>\n<p><img fetchpriority=\"high\" decoding=\"async\" class=\"wp-image-890 alignleft\" src=\"https:\/\/gdes.com\/innovation\/wp-content\/uploads\/sites\/2\/2019\/04\/ld4-FOTO-2.png\" alt=\"\" width=\"270\" height=\"272\" srcset=\"https:\/\/gdes.com\/innovation\/wp-content\/uploads\/sites\/2\/2019\/04\/ld4-FOTO-2.png 277w, https:\/\/gdes.com\/innovation\/wp-content\/uploads\/sites\/2\/2019\/04\/ld4-FOTO-2-150x150.png 150w\" sizes=\"(max-width: 270px) 100vw, 270px\" \/><\/p>\n<p>&nbsp;<\/p>\n<p>&nbsp;<\/p>\n<p>\u2022 <strong>Descontaminaci\u00f3n y limpieza<\/strong> de los alojamientos de los pernos del recipiente del reactor en cualquier LWR, independientemente del di\u00e1metro del recipiente o del perno.<\/p>\n<p>&nbsp;<\/p>\n<p>\u2022 Puede ser <strong>aut\u00f3nomo u operado a distancia<\/strong>, con o sin la tapa de rector colocada.<\/p>\n<p>&nbsp;<\/p>\n<p>\u2022 Operaci\u00f3n de control remoto: <strong>visualizaci\u00f3n en l\u00ednea y grabaci\u00f3n de\u00a0<\/strong><b>v\u00eddeo<\/b>\u00a0de la actividad.<\/p>\n<p>&nbsp;<\/p>","protected":false},"excerpt":{"rendered":"<p>Equipo robotizado para la descontaminaci\u00f3n y limpieza de los alojamientos de los pernos de la vasija del reactor en CCNN. &nbsp; &nbsp; \u2022 Descontaminaci\u00f3n y limpieza de los alojamientos de los pernos del recipiente del reactor en cualquier LWR, independientemente del di\u00e1metro del recipiente o del perno. &nbsp; \u2022 Puede ser aut\u00f3nomo u operado a [&hellip;]<\/p>\n","protected":false},"author":3,"featured_media":0,"parent":0,"menu_order":0,"comment_status":"closed","ping_status":"closed","template":"Page-fullwidth.php","meta":{"footnotes":""},"class_list":["post-825","page","type-page","status-publish","hentry"],"aioseo_notices":[],"_links":{"self":[{"href":"https:\/\/gdes.com\/innovation\/es\/wp-json\/wp\/v2\/pages\/825","targetHints":{"allow":["GET"]}}],"collection":[{"href":"https:\/\/gdes.com\/innovation\/es\/wp-json\/wp\/v2\/pages"}],"about":[{"href":"https:\/\/gdes.com\/innovation\/es\/wp-json\/wp\/v2\/types\/page"}],"author":[{"embeddable":true,"href":"https:\/\/gdes.com\/innovation\/es\/wp-json\/wp\/v2\/users\/3"}],"replies":[{"embeddable":true,"href":"https:\/\/gdes.com\/innovation\/es\/wp-json\/wp\/v2\/comments?post=825"}],"version-history":[{"count":23,"href":"https:\/\/gdes.com\/innovation\/es\/wp-json\/wp\/v2\/pages\/825\/revisions"}],"predecessor-version":[{"id":1025,"href":"https:\/\/gdes.com\/innovation\/es\/wp-json\/wp\/v2\/pages\/825\/revisions\/1025"}],"wp:attachment":[{"href":"https:\/\/gdes.com\/innovation\/es\/wp-json\/wp\/v2\/media?parent=825"}],"curies":[{"name":"wp","href":"https:\/\/api.w.org\/{rel}","templated":true}]}}