{"id":809,"date":"2019-03-21T12:49:46","date_gmt":"2019-03-21T11:49:46","guid":{"rendered":"https:\/\/gdes.com\/innovation\/?page_id=809"},"modified":"2021-01-27T13:49:31","modified_gmt":"2021-01-27T12:49:31","slug":"trackring","status":"publish","type":"page","link":"https:\/\/gdes.com\/innovation\/es\/trackring\/","title":{"rendered":"TRACKRING"},"content":{"rendered":"<p><\/p>\n<h3><img fetchpriority=\"high\" decoding=\"async\" class=\"size-medium aligncenter\" src=\"https:\/\/gdes.com\/corporate\/wp-content\/uploads\/sites\/5\/2020\/02\/2Trackring-ES-1.jpg\" alt=\"TRACKRING-GDES\" width=\"1072\" height=\"543\" \/><\/h3>\n<h3><span class=\"fontstyle0\">Robot para la limpieza y descontaminaci\u00f3n bajo el agua de la brida de de la vasija del reactor de CCNN.<\/span><\/h3>\n<p>&nbsp;<\/p>\n<p>&nbsp;<\/p>\n<p>&nbsp;<\/p>\n<p><img decoding=\"async\" class=\"alignleft wp-image-813 size-full\" src=\"https:\/\/gdes.com\/innovation\/wp-content\/uploads\/sites\/2\/2019\/03\/TRACKRING-1.png\" alt=\"\" width=\"262\" height=\"166\" \/><\/p>\n<p>&nbsp;<\/p>\n<p>\u2022 Es adaptable a la brida de cualquier LWR, con o sin los pernos del reactor en su lugar.<\/p>\n<p>&nbsp;<\/p>\n<p>\u2022 Visualizaci\u00f3n en l\u00ednea y grabaci\u00f3n de v\u00eddeo de la actividad.<\/p>\n<p>&nbsp;<\/p>\n<p>\u2022 Experiencia operativa: CCNN Trillo.<\/p>\n<p>&nbsp;<\/p>\n<p>&nbsp;<\/p>\n<p>&nbsp;<\/p>","protected":false},"excerpt":{"rendered":"<p>Robot para la limpieza y descontaminaci\u00f3n bajo el agua de la brida de de la vasija del reactor de CCNN. &nbsp; &nbsp; &nbsp; &nbsp; \u2022 Es adaptable a la brida de cualquier LWR, con o sin los pernos del reactor en su lugar. &nbsp; \u2022 Visualizaci\u00f3n en l\u00ednea y grabaci\u00f3n de v\u00eddeo de la actividad. [&hellip;]<\/p>\n","protected":false},"author":3,"featured_media":0,"parent":0,"menu_order":0,"comment_status":"closed","ping_status":"closed","template":"Page-fullwidth.php","meta":{"footnotes":""},"class_list":["post-809","page","type-page","status-publish","hentry"],"aioseo_notices":[],"_links":{"self":[{"href":"https:\/\/gdes.com\/innovation\/es\/wp-json\/wp\/v2\/pages\/809","targetHints":{"allow":["GET"]}}],"collection":[{"href":"https:\/\/gdes.com\/innovation\/es\/wp-json\/wp\/v2\/pages"}],"about":[{"href":"https:\/\/gdes.com\/innovation\/es\/wp-json\/wp\/v2\/types\/page"}],"author":[{"embeddable":true,"href":"https:\/\/gdes.com\/innovation\/es\/wp-json\/wp\/v2\/users\/3"}],"replies":[{"embeddable":true,"href":"https:\/\/gdes.com\/innovation\/es\/wp-json\/wp\/v2\/comments?post=809"}],"version-history":[{"count":15,"href":"https:\/\/gdes.com\/innovation\/es\/wp-json\/wp\/v2\/pages\/809\/revisions"}],"predecessor-version":[{"id":1029,"href":"https:\/\/gdes.com\/innovation\/es\/wp-json\/wp\/v2\/pages\/809\/revisions\/1029"}],"wp:attachment":[{"href":"https:\/\/gdes.com\/innovation\/es\/wp-json\/wp\/v2\/media?parent=809"}],"curies":[{"name":"wp","href":"https:\/\/api.w.org\/{rel}","templated":true}]}}