{"id":80,"date":"2016-11-10T19:31:03","date_gmt":"2016-11-10T18:31:03","guid":{"rendered":"https:\/\/dgd.es\/t4s\/?page_id=80"},"modified":"2021-07-13T11:02:56","modified_gmt":"2021-07-13T10:02:56","slug":"monitorizacion","status":"publish","type":"page","link":"https:\/\/gdes.com\/innovation\/es\/actividades\/monitorizacion\/","title":{"rendered":"Monitorizaci\u00f3n"},"content":{"rendered":"<p><\/p>\n<p style=\"text-align: justify;\">El primer proyecto puesto en el mercado por <strong>GDES T4S<\/strong> se enmarca dentro de esta \u00e1rea de actividad<\/p>\n<p style=\"text-align: justify;\">\u201cSistema de Monitorizaci\u00f3n y Evaluaci\u00f3n continua de la integridad del combustible del reactor y de las barras de control, a trav\u00e9s de la medida en continuo de los gases del Off-Gas\u201d<\/p>\n<hr>\n<blockquote>\n<p style=\"text-align: justify;\">Se trata de un sistema completamente innovador instalado y operativo en la Central Nuclear de Cofrentes\u00bb.<\/p>\n<\/blockquote>\n<div class=\"column\">\n<p><img fetchpriority=\"high\" decoding=\"async\" class=\"size-medium wp-image-285 alignright\" src=\"https:\/\/gdes.com\/t4s\/wp-content\/uploads\/sites\/2\/2016\/11\/OffGass-System-300x227.jpg\" alt=\"\" width=\"300\" height=\"227\"><\/p>\n<p><strong>Finalidad:<\/strong> Evaluaci\u00f3n on-\u00adline de la integridad del combustible del reactor a partir de la medida en continuo de los gases del sistema Off-\u00adGas.<br \/>\nEl nuevo sistema propuesto permite la deteccio\u0301n temprana de fallos de combustible, el seguimiento de la actividad durante los cambios de secuencia y la detecci\u00f3n anticipada de un segundo fallo. As\u00ed mismo, el sistema realiza un seguimiento en paralelo de la integridad de las barras de control.<\/p>\n<\/div>\n<p>&nbsp;<\/p>\n<p>M\u00e1s informaci\u00f3n sobre este producto:&nbsp;<\/p>\n<p><a class=\"fasc-button fasc-size-medium fasc-type-flat fasc-ico-before dashicons-plus-alt\" style=\"background-color: #5ca2df; color: #ffffff;\" target=\"_blank\" href=\"https:\/\/gdes.com\/innovation\/off-gas\/\">OFF-GAS<\/a><\/p>","protected":false},"excerpt":{"rendered":"<p>El primer proyecto puesto en el mercado por GDES T4S se enmarca dentro de esta \u00e1rea de actividad \u201cSistema de Monitorizaci\u00f3n y Evaluaci\u00f3n continua de la integridad del combustible del reactor y de las barras de control, a trav\u00e9s de la medida en continuo de los gases del Off-Gas\u201d Se trata de un sistema completamente [&hellip;]<\/p>\n","protected":false},"author":1,"featured_media":286,"parent":44,"menu_order":0,"comment_status":"closed","ping_status":"closed","template":"Page-fullwidth.php","meta":{"footnotes":""},"class_list":["post-80","page","type-page","status-publish","has-post-thumbnail","hentry"],"aioseo_notices":[],"_links":{"self":[{"href":"https:\/\/gdes.com\/innovation\/es\/wp-json\/wp\/v2\/pages\/80","targetHints":{"allow":["GET"]}}],"collection":[{"href":"https:\/\/gdes.com\/innovation\/es\/wp-json\/wp\/v2\/pages"}],"about":[{"href":"https:\/\/gdes.com\/innovation\/es\/wp-json\/wp\/v2\/types\/page"}],"author":[{"embeddable":true,"href":"https:\/\/gdes.com\/innovation\/es\/wp-json\/wp\/v2\/users\/1"}],"replies":[{"embeddable":true,"href":"https:\/\/gdes.com\/innovation\/es\/wp-json\/wp\/v2\/comments?post=80"}],"version-history":[{"count":41,"href":"https:\/\/gdes.com\/innovation\/es\/wp-json\/wp\/v2\/pages\/80\/revisions"}],"predecessor-version":[{"id":1073,"href":"https:\/\/gdes.com\/innovation\/es\/wp-json\/wp\/v2\/pages\/80\/revisions\/1073"}],"up":[{"embeddable":true,"href":"https:\/\/gdes.com\/innovation\/es\/wp-json\/wp\/v2\/pages\/44"}],"wp:featuredmedia":[{"embeddable":true,"href":"https:\/\/gdes.com\/innovation\/es\/wp-json\/wp\/v2\/media\/286"}],"wp:attachment":[{"href":"https:\/\/gdes.com\/innovation\/es\/wp-json\/wp\/v2\/media?parent=80"}],"curies":[{"name":"wp","href":"https:\/\/api.w.org\/{rel}","templated":true}]}}