{"id":799,"date":"2019-03-21T11:07:55","date_gmt":"2019-03-21T10:07:55","guid":{"rendered":"https:\/\/gdes.com\/innovation\/?page_id=799"},"modified":"2021-01-27T13:39:53","modified_gmt":"2021-01-27T12:39:53","slug":"demos","status":"publish","type":"page","link":"https:\/\/gdes.com\/innovation\/es\/demos\/","title":{"rendered":"DEMOS"},"content":{"rendered":"<p><\/p>\n<h3><img fetchpriority=\"high\" decoding=\"async\" class=\"size-medium aligncenter\" src=\"https:\/\/gdes.com\/corporate\/wp-content\/uploads\/sites\/5\/2020\/02\/2Demos-ES-1.jpg\" alt=\"demos-gdes\" width=\"1072\" height=\"543\" \/><\/h3>\n<h3><span class=\"fontstyle0\">Robot a control remoto para la descontaminaci\u00f3n y limpieza mec\u00e1nica del fondo y de las paredes de la cavidad del reactor de CCNN<\/span><\/h3>\n<p>&nbsp;<\/p>\n<p><img decoding=\"async\" class=\"alignright wp-image-801 size-full\" src=\"https:\/\/gdes.com\/innovation\/wp-content\/uploads\/sites\/2\/2019\/03\/demos-1robot.jpg\" alt=\"\" width=\"470\" height=\"479\" srcset=\"https:\/\/gdes.com\/innovation\/wp-content\/uploads\/sites\/2\/2019\/03\/demos-1robot.jpg 470w, https:\/\/gdes.com\/innovation\/wp-content\/uploads\/sites\/2\/2019\/03\/demos-1robot-294x300.jpg 294w\" sizes=\"(max-width: 470px) 100vw, 470px\" \/><\/p>\n<p>\u2022\u00a0Operaci\u00f3n a control remoto con <strong>visualizaci\u00f3n en l\u00ednea y grabaci\u00f3n de v\u00eddeo.<\/strong><\/p>\n<p>&nbsp;<\/p>\n<p>\u2022\u00a0En combinaci\u00f3n con FILTRABRIS, despu\u00e9s de la limpieza, las part\u00edculas que han sido aspiradas se filtran, se inspeccionan y se recolectan para su posterior an\u00e1lisis y eliminaci\u00f3n.<\/p>\n<p>&nbsp;<\/p>\n<p>\u2022 <strong>Experiencia operativa:<\/strong>\u00a0CCNN de Trillo, CCNN de Cofrentes y CCNN Laguna Verde.<\/p>\n<p>&nbsp;<\/p>\n<p>&nbsp;<\/p>\n<p><img decoding=\"async\" class=\"alignleft wp-image-802 size-full\" src=\"https:\/\/gdes.com\/innovation\/wp-content\/uploads\/sites\/2\/2019\/03\/demos-2.png\" alt=\"\" width=\"300\" height=\"314\" srcset=\"https:\/\/gdes.com\/innovation\/wp-content\/uploads\/sites\/2\/2019\/03\/demos-2.png 300w, https:\/\/gdes.com\/innovation\/wp-content\/uploads\/sites\/2\/2019\/03\/demos-2-287x300.png 287w\" sizes=\"(max-width: 300px) 100vw, 300px\" \/><\/p>","protected":false},"excerpt":{"rendered":"<p>Robot a control remoto para la descontaminaci\u00f3n y limpieza mec\u00e1nica del fondo y de las paredes de la cavidad del reactor de CCNN &nbsp; \u2022\u00a0Operaci\u00f3n a control remoto con visualizaci\u00f3n en l\u00ednea y grabaci\u00f3n de v\u00eddeo. &nbsp; \u2022\u00a0En combinaci\u00f3n con FILTRABRIS, despu\u00e9s de la limpieza, las part\u00edculas que han sido aspiradas se filtran, se inspeccionan [&hellip;]<\/p>\n","protected":false},"author":3,"featured_media":0,"parent":0,"menu_order":0,"comment_status":"closed","ping_status":"closed","template":"Page-fullwidth.php","meta":{"footnotes":""},"class_list":["post-799","page","type-page","status-publish","hentry"],"aioseo_notices":[],"_links":{"self":[{"href":"https:\/\/gdes.com\/innovation\/es\/wp-json\/wp\/v2\/pages\/799","targetHints":{"allow":["GET"]}}],"collection":[{"href":"https:\/\/gdes.com\/innovation\/es\/wp-json\/wp\/v2\/pages"}],"about":[{"href":"https:\/\/gdes.com\/innovation\/es\/wp-json\/wp\/v2\/types\/page"}],"author":[{"embeddable":true,"href":"https:\/\/gdes.com\/innovation\/es\/wp-json\/wp\/v2\/users\/3"}],"replies":[{"embeddable":true,"href":"https:\/\/gdes.com\/innovation\/es\/wp-json\/wp\/v2\/comments?post=799"}],"version-history":[{"count":20,"href":"https:\/\/gdes.com\/innovation\/es\/wp-json\/wp\/v2\/pages\/799\/revisions"}],"predecessor-version":[{"id":1017,"href":"https:\/\/gdes.com\/innovation\/es\/wp-json\/wp\/v2\/pages\/799\/revisions\/1017"}],"wp:attachment":[{"href":"https:\/\/gdes.com\/innovation\/es\/wp-json\/wp\/v2\/media?parent=799"}],"curies":[{"name":"wp","href":"https:\/\/api.w.org\/{rel}","templated":true}]}}