{"id":644,"date":"2019-03-06T12:21:41","date_gmt":"2019-03-06T11:21:41","guid":{"rendered":"https:\/\/gdes.com\/innovation\/?page_id=644"},"modified":"2021-01-27T13:32:09","modified_gmt":"2021-01-27T12:32:09","slug":"filtrabris","status":"publish","type":"page","link":"https:\/\/gdes.com\/innovation\/es\/filtrabris\/","title":{"rendered":"FILTRABRIS"},"content":{"rendered":"<p><\/p>\n<h3><img fetchpriority=\"high\" decoding=\"async\" class=\"alignnone size-medium\" src=\"https:\/\/gdes.com\/corporate\/wp-content\/uploads\/sites\/5\/slider5\/2filtrabris-ES.jpeg\" alt=\"FILTRABRIS-GDES\" width=\"1072\" height=\"543\" \/><\/h3>\n<h3><span class=\"fontstyle0\">Sistema de aspiraci\u00f3n y filtraci\u00f3n para el an\u00e1lisis de los debris acumulados en los elementos de combustible gastado de las centrales nucleares<br \/>\n<\/span><\/h3>\n<p>&nbsp;<\/p>\n<p><img decoding=\"async\" class=\"alignright wp-image-668\" src=\"https:\/\/gdes.com\/innovation\/wp-content\/uploads\/sites\/2\/2019\/03\/filtrabris-1-1-e1552464746802.png\" alt=\"\" width=\"430\" height=\"499\" \/><\/p>\n<ul>\n<li>Se acopla al extremo inferior del <strong>elemento combustible<\/strong>; no se requiere la eliminaci\u00f3n del filtro anti-residuos.<\/li>\n<\/ul>\n<p>&nbsp;<\/p>\n<ul>\n<li>El material extra\u00f1o aspirado se recoge en un filtro de cesta equipado con c\u00e1mara y luces para su\u00a0<strong>inspecci\u00f3n visual<\/strong>.<\/li>\n<\/ul>\n<p>&nbsp;<\/p>\n<ul>\n<li>El\u00a0 <em>crud<\/em>\u00a0(las impurezas en los canales de combustible) se recogen en un segundo filtro de cartucho de alta capacidad de filtrado para <strong>evitar su dispersi\u00f3n en la piscina<\/strong>.<\/li>\n<\/ul>\n<p>&nbsp;<\/p>\n<p><a href=\"https:\/\/gdes.com\/innovation\/wp-content\/uploads\/sites\/2\/2019\/04\/FILTRABRIS-22fondo-blanco.jpg\"><img decoding=\"async\" class=\"alignleft wp-image-863 size-medium\" src=\"https:\/\/gdes.com\/innovation\/wp-content\/uploads\/sites\/2\/2019\/04\/FILTRABRIS-22fondo-blanco-300x260.jpg\" alt=\"\" width=\"300\" height=\"260\" srcset=\"https:\/\/gdes.com\/innovation\/wp-content\/uploads\/sites\/2\/2019\/04\/FILTRABRIS-22fondo-blanco-300x260.jpg 300w, https:\/\/gdes.com\/innovation\/wp-content\/uploads\/sites\/2\/2019\/04\/FILTRABRIS-22fondo-blanco.jpg 378w\" sizes=\"(max-width: 300px) 100vw, 300px\" \/><\/a><\/p>","protected":false},"excerpt":{"rendered":"<p>Sistema de aspiraci\u00f3n y filtraci\u00f3n para el an\u00e1lisis de los debris acumulados en los elementos de combustible gastado de las centrales nucleares &nbsp; Se acopla al extremo inferior del elemento combustible; no se requiere la eliminaci\u00f3n del filtro anti-residuos. &nbsp; El material extra\u00f1o aspirado se recoge en un filtro de cesta equipado con c\u00e1mara y [&hellip;]<\/p>\n","protected":false},"author":3,"featured_media":0,"parent":0,"menu_order":0,"comment_status":"closed","ping_status":"closed","template":"Page-fullwidth.php","meta":{"footnotes":""},"class_list":["post-644","page","type-page","status-publish","hentry"],"aioseo_notices":[],"_links":{"self":[{"href":"https:\/\/gdes.com\/innovation\/es\/wp-json\/wp\/v2\/pages\/644","targetHints":{"allow":["GET"]}}],"collection":[{"href":"https:\/\/gdes.com\/innovation\/es\/wp-json\/wp\/v2\/pages"}],"about":[{"href":"https:\/\/gdes.com\/innovation\/es\/wp-json\/wp\/v2\/types\/page"}],"author":[{"embeddable":true,"href":"https:\/\/gdes.com\/innovation\/es\/wp-json\/wp\/v2\/users\/3"}],"replies":[{"embeddable":true,"href":"https:\/\/gdes.com\/innovation\/es\/wp-json\/wp\/v2\/comments?post=644"}],"version-history":[{"count":57,"href":"https:\/\/gdes.com\/innovation\/es\/wp-json\/wp\/v2\/pages\/644\/revisions"}],"predecessor-version":[{"id":1012,"href":"https:\/\/gdes.com\/innovation\/es\/wp-json\/wp\/v2\/pages\/644\/revisions\/1012"}],"wp:attachment":[{"href":"https:\/\/gdes.com\/innovation\/es\/wp-json\/wp\/v2\/media?parent=644"}],"curies":[{"name":"wp","href":"https:\/\/api.w.org\/{rel}","templated":true}]}}