{"id":553,"date":"2019-03-05T13:27:49","date_gmt":"2019-03-05T12:27:49","guid":{"rendered":"https:\/\/gdes.com\/innovation\/?page_id=553"},"modified":"2022-03-15T11:33:22","modified_gmt":"2022-03-15T10:33:22","slug":"reshand","status":"publish","type":"page","link":"https:\/\/gdes.com\/innovation\/es\/reshand\/","title":{"rendered":"RESHAND"},"content":{"rendered":"<p><img fetchpriority=\"high\" decoding=\"async\" class=\"size-medium aligncenter\" src=\"https:\/\/gdes.com\/corporate\/wp-content\/uploads\/sites\/5\/2020\/02\/2Reshand-ES-1.jpg\" width=\"1072\" height=\"543\" \/><\/p>\n<p>&nbsp;<\/p>\n<h2>Brazo robotizado de operaci\u00f3n remota para la recuperaci\u00f3n de objetos en las piscinas de las centrales nucleares.<\/h2>\n<p>&nbsp;<\/p>\n<p>Sus <strong>caracter\u00edsticas<\/strong>:<\/p>\n<p>\u2022 <strong>Semiautom\u00e1tico<\/strong>, operable <strong>a distancia<\/strong> por un solo trabajador mediante un guante de control electr\u00f3nico.<\/p>\n<p>&nbsp;<\/p>\n<p>\u2022\u00a0Capaz de operar tanto <strong>dentro como fuera del agua<\/strong>, para manipulaci\u00f3n de residuos radiactivos, movimiento de materiales en zonas de dif\u00edcil acceso o con riesgo de radiaci\u00f3n y contaminaci\u00f3n,\u00a0como puede ser el ATRS.<\/p>\n<p>&nbsp;<\/p>\n<p>\u2022 Montado en la extremidad de una p\u00e9rtiga y equipado con 2 c\u00e1maras, hace posible la<strong> visualizaci\u00f3n remota a tiempo real<\/strong> y la <strong>recuperaci\u00f3n de objetos<\/strong> de diferent<\/p>\n<p><img decoding=\"async\" class=\"wp-image-671 alignright\" src=\"https:\/\/gdes.com\/innovation\/wp-content\/uploads\/sites\/2\/2019\/03\/BLANCO-FONDO.png\" alt=\"\" width=\"550\" height=\"258\" srcset=\"https:\/\/gdes.com\/innovation\/wp-content\/uploads\/sites\/2\/2019\/03\/BLANCO-FONDO.png 640w, https:\/\/gdes.com\/innovation\/wp-content\/uploads\/sites\/2\/2019\/03\/BLANCO-FONDO-300x141.png 300w\" sizes=\"(max-width: 550px) 100vw, 550px\" \/><\/p>\n<p>es tipos, tama\u00f1os y geometr\u00edas.<\/p>\n<p><span lang=\"EN-US\">\u2022 RESHAND\u00a0<\/span><span lang=\"FR\">puede ser adaptado a diferentes actividades de limpieza y rescate gracias a sus<strong> m\u00f3dulos intercambiables.<\/strong><\/span><\/p>\n<p>&nbsp;<\/p>\n<p>\u2022 <strong>Amplia gama de aplicaciones<\/strong>: sistema modular con diferentes configuraciones, dotado de un conjunto de\u00a0 herramientas\u00a0 \u00a0intercambiables\u00a0 (pinzas de distintas formas y di\u00e1metro, dispositivos de recorte, dispositivos de recogida etc.).<\/p>","protected":false},"excerpt":{"rendered":"<p>&nbsp; Brazo robotizado de operaci\u00f3n remota para la recuperaci\u00f3n de objetos en las piscinas de las centrales nucleares. &nbsp; Sus caracter\u00edsticas: \u2022 Semiautom\u00e1tico, operable a distancia por un solo trabajador mediante un guante de control electr\u00f3nico. &nbsp; \u2022\u00a0Capaz de operar tanto dentro como fuera del agua, para manipulaci\u00f3n de residuos radiactivos, movimiento de materiales en [&hellip;]<\/p>\n","protected":false},"author":3,"featured_media":0,"parent":0,"menu_order":0,"comment_status":"closed","ping_status":"closed","template":"Page-fullwidth.php","meta":{"footnotes":""},"class_list":["post-553","page","type-page","status-publish","hentry"],"aioseo_notices":[],"_links":{"self":[{"href":"https:\/\/gdes.com\/innovation\/es\/wp-json\/wp\/v2\/pages\/553","targetHints":{"allow":["GET"]}}],"collection":[{"href":"https:\/\/gdes.com\/innovation\/es\/wp-json\/wp\/v2\/pages"}],"about":[{"href":"https:\/\/gdes.com\/innovation\/es\/wp-json\/wp\/v2\/types\/page"}],"author":[{"embeddable":true,"href":"https:\/\/gdes.com\/innovation\/es\/wp-json\/wp\/v2\/users\/3"}],"replies":[{"embeddable":true,"href":"https:\/\/gdes.com\/innovation\/es\/wp-json\/wp\/v2\/comments?post=553"}],"version-history":[{"count":72,"href":"https:\/\/gdes.com\/innovation\/es\/wp-json\/wp\/v2\/pages\/553\/revisions"}],"predecessor-version":[{"id":1082,"href":"https:\/\/gdes.com\/innovation\/es\/wp-json\/wp\/v2\/pages\/553\/revisions\/1082"}],"wp:attachment":[{"href":"https:\/\/gdes.com\/innovation\/es\/wp-json\/wp\/v2\/media?parent=553"}],"curies":[{"name":"wp","href":"https:\/\/api.w.org\/{rel}","templated":true}]}}