{"id":545,"date":"2019-03-05T12:59:24","date_gmt":"2019-03-05T11:59:24","guid":{"rendered":"https:\/\/gdes.com\/innovation\/?page_id=545"},"modified":"2021-01-27T13:38:00","modified_gmt":"2021-01-27T12:38:00","slug":"off-gas","status":"publish","type":"page","link":"https:\/\/gdes.com\/innovation\/es\/off-gas\/","title":{"rendered":"OFF-GAS"},"content":{"rendered":"<p><\/p>\n<h3><img fetchpriority=\"high\" decoding=\"async\" class=\"size-medium aligncenter\" src=\"https:\/\/gdes.com\/corporate\/wp-content\/uploads\/sites\/5\/2020\/02\/2offgas-ES-1.jpg\" alt=\"OFFGAS-GDES\" width=\"1072\" height=\"543\" \/><\/h3>\n<h3>Sistema de monitorizaci\u00f3n en continuo de la integridad del combustible y de las barras de control de CCNN.<\/h3>\n<p>&nbsp;<\/p>\n<p><img decoding=\"async\" class=\"alignleft wp-image-575\" src=\"https:\/\/gdes.com\/innovation\/wp-content\/uploads\/sites\/2\/2019\/03\/offgas.png\" alt=\"\" width=\"315\" height=\"254\" srcset=\"https:\/\/gdes.com\/innovation\/wp-content\/uploads\/sites\/2\/2019\/03\/offgas.png 575w, https:\/\/gdes.com\/innovation\/wp-content\/uploads\/sites\/2\/2019\/03\/offgas-300x242.png 300w\" sizes=\"(max-width: 315px) 100vw, 315px\" \/><\/p>\n<p>\u2022 Sistema de monitorizaci\u00f3n para la <strong>evaluaci\u00f3n, detecci\u00f3n temprana y seguimiento de fallos <\/strong>de\u00a0combustible y realizaci\u00f3n de <strong>seguimientos en paralelo de la integridad de las\u00a0 barras de control.<\/strong><\/p>\n<p>&nbsp;<\/p>\n<p>\u2022 Permite la monitorizaci\u00f3n en <strong>tiempo real<\/strong> durante los cambios de flujo (Flux-Tilt) y cambios de secuencia, para una identificaci\u00f3n r\u00e1pida y f\u00e1cil de los elementos de combustible da\u00f1ados; tambi\u00e9n asegura la <strong>detecci\u00f3n de segundos fallos<\/strong>.<\/p>\n<p>&nbsp;<\/p>\n<p>\u2022 Basado en un an\u00e1lisis continuo y en tiempo real de la l\u00ednea <em>OFF-GAS,\u00a0<\/em>para la <b>detecci\u00f3n de nucleidos\u00a0espec\u00edficos<\/b> antes y despu\u00e9s de la l\u00ednea de retardo: (<sup>133<\/sup>Xe, <sup>135<\/sup>Xe, <sup>137<\/sup>Xe, <sup>138<\/sup>Xe, <sup>85<\/sup>Kr<sup>m<\/sup>, <sup>87<\/sup>Kr, <sup>88<\/sup>Kr, <sup>89<\/sup>Kr, He).<\/p>\n<p>&nbsp;<\/p>\n<p>\u2022 F\u00e1cil instalaci\u00f3n en el bypass de la linea <em>OFF-GAS<\/em>\u00a0<em>,<\/em> por lo que no se requiere ninguna modificaci\u00f3n de los sistemas principales de la planta.<\/p>\n<p>&nbsp;<\/p>\n<p>Instalado y operativo en la Central Nuclear de Cofrentes (Espa\u00f1a).<\/p>\n<p>&nbsp;<\/p>\n<p><img decoding=\"async\" class=\"wp-image-286 size-full aligncenter\" src=\"https:\/\/gdes.com\/innovation\/wp-content\/uploads\/sites\/2\/2016\/11\/OffGass-System2.jpg\" alt=\"\" width=\"847\" height=\"260\" \/><\/p>","protected":false},"excerpt":{"rendered":"<p>Sistema de monitorizaci\u00f3n en continuo de la integridad del combustible y de las barras de control de CCNN. &nbsp; \u2022 Sistema de monitorizaci\u00f3n para la evaluaci\u00f3n, detecci\u00f3n temprana y seguimiento de fallos de\u00a0combustible y realizaci\u00f3n de seguimientos en paralelo de la integridad de las\u00a0 barras de control. &nbsp; \u2022 Permite la monitorizaci\u00f3n en tiempo real [&hellip;]<\/p>\n","protected":false},"author":3,"featured_media":0,"parent":0,"menu_order":0,"comment_status":"closed","ping_status":"closed","template":"Page-fullwidth.php","meta":{"footnotes":""},"class_list":["post-545","page","type-page","status-publish","hentry"],"aioseo_notices":[],"_links":{"self":[{"href":"https:\/\/gdes.com\/innovation\/es\/wp-json\/wp\/v2\/pages\/545","targetHints":{"allow":["GET"]}}],"collection":[{"href":"https:\/\/gdes.com\/innovation\/es\/wp-json\/wp\/v2\/pages"}],"about":[{"href":"https:\/\/gdes.com\/innovation\/es\/wp-json\/wp\/v2\/types\/page"}],"author":[{"embeddable":true,"href":"https:\/\/gdes.com\/innovation\/es\/wp-json\/wp\/v2\/users\/3"}],"replies":[{"embeddable":true,"href":"https:\/\/gdes.com\/innovation\/es\/wp-json\/wp\/v2\/comments?post=545"}],"version-history":[{"count":38,"href":"https:\/\/gdes.com\/innovation\/es\/wp-json\/wp\/v2\/pages\/545\/revisions"}],"predecessor-version":[{"id":1015,"href":"https:\/\/gdes.com\/innovation\/es\/wp-json\/wp\/v2\/pages\/545\/revisions\/1015"}],"wp:attachment":[{"href":"https:\/\/gdes.com\/innovation\/es\/wp-json\/wp\/v2\/media?parent=545"}],"curies":[{"name":"wp","href":"https:\/\/api.w.org\/{rel}","templated":true}]}}