{"id":491,"date":"2019-03-04T13:54:17","date_gmt":"2019-03-04T12:54:17","guid":{"rendered":"https:\/\/gdes.com\/innovation\/?page_id=491"},"modified":"2019-03-06T14:24:32","modified_gmt":"2019-03-06T13:24:32","slug":"productos","status":"publish","type":"page","link":"https:\/\/gdes.com\/innovation\/es\/productos\/","title":{"rendered":"Productos"},"content":{"rendered":"<p>&nbsp;<\/p>\n<h4>Ofrecemos tecnolog\u00eda innovadora y soluciones a medida para la operaci\u00f3n y el mantenimiento de centrales nucleares y de energ\u00eda.<\/h4>\n<p>&nbsp;<\/p>\n<p><strong>GD Energy Services<\/strong> es un proveedor internacional de servicios para el sector energ\u00e9tico, l\u00edder en tratamiento de superficies, mantenimiento industrial, servicios para energ\u00edas renovables y emergencias. Gracias a su fuerte compromiso con el desarrollo de la investigaci\u00f3n y la innovaci\u00f3n, <strong>GD Energy Services<\/strong> se posiciona a la vanguardia del desarrollo de tecnolog\u00eda aplicada en los servicios.<\/p>\n<p>&nbsp;<\/p>\n<p>&nbsp;<\/p>\n<h4>FME: equipo para la remoci\u00f3n, recolecci\u00f3n y caracterizaci\u00f3n de escombros en las piscinas del PNP<\/h4>\n<p>&nbsp;<\/p>\n<p><a href=\"https:\/\/gdes.com\/innovation\/wp-content\/uploads\/sites\/2\/2019\/03\/gdes-t4s.png\"><img fetchpriority=\"high\" decoding=\"async\" class=\"alignleft wp-image-497\" src=\"https:\/\/gdes.com\/innovation\/wp-content\/uploads\/sites\/2\/2019\/03\/gdes-t4s-300x141.png\" alt=\"\" width=\"450\" height=\"211\" srcset=\"https:\/\/gdes.com\/innovation\/wp-content\/uploads\/sites\/2\/2019\/03\/gdes-t4s-300x141.png 300w, https:\/\/gdes.com\/innovation\/wp-content\/uploads\/sites\/2\/2019\/03\/gdes-t4s.png 577w\" sizes=\"(max-width: 450px) 100vw, 450px\" \/><\/a>Nuestro equipo FME puede funcionar en combinaci\u00f3n, mejorando as\u00ed su efectividad y permitiendo una gama m\u00e1s amplia de aplicaciones.<\/p>\n<p>&nbsp;<\/p>\n<p>Algunos ejemplos:<\/p>\n<p>\u2022 Los escombros capturados en el filtro del recipiente del FILTRABRIS pueden ser manipulados y recolectados remotamente por medio de RESHAND;<\/p>\n<p>\u2022 RESHAND tambi\u00e9n apoya la aspiraci\u00f3n localizada en \u00e1reas de dif\u00edcil acceso;<\/p>\n<p>\u2022 DEMOS y FILTRABRIS se pueden combinar para permitir la inspecci\u00f3n de fregado.<br \/>\npart\u00edculas antes de su eliminaci\u00f3n<\/p>\n<p>&nbsp;<\/p>\n<p>Para m\u00e1s informaci\u00f3n:&nbsp;<\/p>\n<p><a class=\"fasc-button fasc-size-medium fasc-type-glossy fasc-ico-before dashicons-book\" style=\"background-color: #5ca2df; color: #ffffff;\" target=\"_blank\" rel=\"noopener\" href=\"https:\/\/gdes.com\/innovation\/wp-content\/uploads\/sites\/2\/2019\/03\/Brochure-GDES-T4S.pdf\">Brochure GDES T4S<\/a><\/p>\n<p>&nbsp;<\/p>","protected":false},"excerpt":{"rendered":"<p>&nbsp; Ofrecemos tecnolog\u00eda innovadora y soluciones a medida para la operaci\u00f3n y el mantenimiento de centrales nucleares y de energ\u00eda. &nbsp; GD Energy Services es un proveedor internacional de servicios para el sector energ\u00e9tico, l\u00edder en tratamiento de superficies, mantenimiento industrial, servicios para energ\u00edas renovables y emergencias. Gracias a su fuerte compromiso con el desarrollo [&hellip;]<\/p>\n","protected":false},"author":3,"featured_media":0,"parent":0,"menu_order":0,"comment_status":"closed","ping_status":"closed","template":"template-project-3-column.php","meta":{"footnotes":""},"class_list":["post-491","page","type-page","status-publish","hentry"],"aioseo_notices":[],"_links":{"self":[{"href":"https:\/\/gdes.com\/innovation\/es\/wp-json\/wp\/v2\/pages\/491","targetHints":{"allow":["GET"]}}],"collection":[{"href":"https:\/\/gdes.com\/innovation\/es\/wp-json\/wp\/v2\/pages"}],"about":[{"href":"https:\/\/gdes.com\/innovation\/es\/wp-json\/wp\/v2\/types\/page"}],"author":[{"embeddable":true,"href":"https:\/\/gdes.com\/innovation\/es\/wp-json\/wp\/v2\/users\/3"}],"replies":[{"embeddable":true,"href":"https:\/\/gdes.com\/innovation\/es\/wp-json\/wp\/v2\/comments?post=491"}],"version-history":[{"count":50,"href":"https:\/\/gdes.com\/innovation\/es\/wp-json\/wp\/v2\/pages\/491\/revisions"}],"predecessor-version":[{"id":595,"href":"https:\/\/gdes.com\/innovation\/es\/wp-json\/wp\/v2\/pages\/491\/revisions\/595"}],"wp:attachment":[{"href":"https:\/\/gdes.com\/innovation\/es\/wp-json\/wp\/v2\/media?parent=491"}],"curies":[{"name":"wp","href":"https:\/\/api.w.org\/{rel}","templated":true}]}}