{"id":44,"date":"2016-11-10T10:41:23","date_gmt":"2016-11-10T10:41:23","guid":{"rendered":"https:\/\/dgd.es\/t4s\/?page_id=44"},"modified":"2023-01-25T10:01:53","modified_gmt":"2023-01-25T09:01:53","slug":"actividades","status":"publish","type":"page","link":"https:\/\/gdes.com\/innovation\/es\/actividades\/","title":{"rendered":"Actividades"},"content":{"rendered":"<p><strong>GDES Innovaci\u00f3n<\/strong> desarrolla nuevos productos tecnol\u00f3gicos en el \u00e1mbito de la operaci\u00f3n y el mantenimiento de infraestructuras energ\u00e9ticas, siendo sus \u00e1reas prioritarias de intervenci\u00f3n la nuclear y renovables.<\/p>\n<p>&nbsp;<\/p>\n<p style=\"text-align: justify;\">El modelo de negocio de la sociedad coparticipada es desarrollar nuevos productos de inter\u00e9s para los socios, aunando capacidades y compartiendo riesgos y beneficios. En este sentido, tres son los or\u00edgenes de la tecnolog\u00eda proporcionada por <strong>GDES Innovaci\u00f3n<\/strong> :<\/p>\n<ul>\n<li style=\"text-align: justify;\">Nuevos proyectos en \u00e1reas tecnol\u00f3gicas de inter\u00e9s com\u00fan dentro del \u00e1mbito de la operaci\u00f3n y el mantenimiento de infraestructuras energ\u00e9ticas.<\/li>\n<li style=\"text-align: justify;\">Tecnolog\u00eda ya desarrollada por uno de los socios con alto potencial de comercializaci\u00f3n para su industrializaci\u00f3n y puesta en mercado.<\/li>\n<li style=\"text-align: justify;\">Acuerdos con socios tecnol\u00f3gicos externos para desarrollo y\/o puesta en mercado de nuevas tecnolog\u00edas aplicadas a la operaci\u00f3n y mantenimiento de infraestructuras energ\u00e9ticas.<\/li>\n<\/ul>\n<p><\/p>","protected":false},"excerpt":{"rendered":"<p>GDES Innovaci\u00f3n desarrolla nuevos productos tecnol\u00f3gicos en el \u00e1mbito de la operaci\u00f3n y el mantenimiento de infraestructuras energ\u00e9ticas, siendo sus \u00e1reas prioritarias de intervenci\u00f3n la nuclear y renovables. &nbsp; El modelo de negocio de la sociedad coparticipada es desarrollar nuevos productos de inter\u00e9s para los socios, aunando capacidades y compartiendo riesgos y beneficios. En este [&hellip;]<\/p>\n","protected":false},"author":1,"featured_media":1123,"parent":0,"menu_order":0,"comment_status":"closed","ping_status":"closed","template":"Page-fullwidth.php","meta":{"footnotes":""},"class_list":["post-44","page","type-page","status-publish","has-post-thumbnail","hentry"],"aioseo_notices":[],"_links":{"self":[{"href":"https:\/\/gdes.com\/innovation\/es\/wp-json\/wp\/v2\/pages\/44","targetHints":{"allow":["GET"]}}],"collection":[{"href":"https:\/\/gdes.com\/innovation\/es\/wp-json\/wp\/v2\/pages"}],"about":[{"href":"https:\/\/gdes.com\/innovation\/es\/wp-json\/wp\/v2\/types\/page"}],"author":[{"embeddable":true,"href":"https:\/\/gdes.com\/innovation\/es\/wp-json\/wp\/v2\/users\/1"}],"replies":[{"embeddable":true,"href":"https:\/\/gdes.com\/innovation\/es\/wp-json\/wp\/v2\/comments?post=44"}],"version-history":[{"count":17,"href":"https:\/\/gdes.com\/innovation\/es\/wp-json\/wp\/v2\/pages\/44\/revisions"}],"predecessor-version":[{"id":1122,"href":"https:\/\/gdes.com\/innovation\/es\/wp-json\/wp\/v2\/pages\/44\/revisions\/1122"}],"wp:featuredmedia":[{"embeddable":true,"href":"https:\/\/gdes.com\/innovation\/es\/wp-json\/wp\/v2\/media\/1123"}],"wp:attachment":[{"href":"https:\/\/gdes.com\/innovation\/es\/wp-json\/wp\/v2\/media?parent=44"}],"curies":[{"name":"wp","href":"https:\/\/api.w.org\/{rel}","templated":true}]}}