{"id":146,"date":"2017-02-02T12:40:48","date_gmt":"2017-02-02T12:40:48","guid":{"rendered":"https:\/\/gdes.com\/t4s\/?page_id=146"},"modified":"2023-01-25T10:04:02","modified_gmt":"2023-01-25T09:04:02","slug":"innovacion","status":"publish","type":"page","link":"https:\/\/gdes.com\/innovation\/es\/actividades\/innovacion\/","title":{"rendered":"Innovation technologique"},"content":{"rendered":"<p><\/p>\n<hr \/>\n<p style=\"text-align: center;\"><iframe src=\"https:\/\/www.youtube.com\/embed\/Oae4L3TZNaY\" width=\"820\" height=\"320\" frameborder=\"0\" allowfullscreen=\"allowfullscreen\"><\/iframe><\/p>\n<h3 style=\"text-align: center;\"><\/h3>\n<p><strong>GDES Innovation <\/strong>d\u00e9veloppe et fournit des technologies destin\u00e9es \u00e0 l\u2019exploitation et \u00e0 la maintenance d\u2019installations dans le secteur de l\u2019\u00e9nergie. L\u2019innovation est l\u2019un de nos axes strat\u00e9giques. Cet engagement vise \u00e0 optimiser les conditions d\u2019exploitation, am\u00e9liorer la s\u00e9curit\u00e9 et r\u00e9duire l\u2019impact sur l\u2019environnement.<\/p>\n<p>La durabilit\u00e9 et le respect de l\u2019environnement font partie int\u00e9grante de notre philosophie, au m\u00eame titre que l\u2019efficacit\u00e9 et l\u2019efficience et ce, quelle que soit la phase de d\u00e9veloppement de nos projets<\/p>\n<hr \/>\n<blockquote><p>L\u2019une des sp\u00e9cificit\u00e9s communes \u00e0 tous les projets d\u2019innovation r\u00e9alis\u00e9s par\u00a0<strong>GDES Innovation <\/strong>\u00a0est que ceux-ci sont men\u00e9s \u00e0 bien dans un souci permanent de durabilit\u00e9, de respect de l\u2019environnement et d\u2019efficacit\u00e9<\/p><\/blockquote>\n<p><\/p>","protected":false},"excerpt":{"rendered":"<p>GDES Innovation d\u00e9veloppe et fournit des technologies destin\u00e9es \u00e0 l\u2019exploitation et \u00e0 la maintenance d\u2019installations dans le secteur de l\u2019\u00e9nergie. L\u2019innovation est l\u2019un de nos axes strat\u00e9giques. Cet engagement vise \u00e0 optimiser les conditions d\u2019exploitation, am\u00e9liorer la s\u00e9curit\u00e9 et r\u00e9duire l\u2019impact sur l\u2019environnement. La durabilit\u00e9 et le respect de l\u2019environnement font partie int\u00e9grante de notre [&hellip;]<\/p>\n","protected":false},"author":1,"featured_media":0,"parent":44,"menu_order":0,"comment_status":"closed","ping_status":"closed","template":"Page-fullwidth.php","meta":{"footnotes":""},"class_list":["post-146","page","type-page","status-publish","hentry"],"aioseo_notices":[],"_links":{"self":[{"href":"https:\/\/gdes.com\/innovation\/es\/wp-json\/wp\/v2\/pages\/146","targetHints":{"allow":["GET"]}}],"collection":[{"href":"https:\/\/gdes.com\/innovation\/es\/wp-json\/wp\/v2\/pages"}],"about":[{"href":"https:\/\/gdes.com\/innovation\/es\/wp-json\/wp\/v2\/types\/page"}],"author":[{"embeddable":true,"href":"https:\/\/gdes.com\/innovation\/es\/wp-json\/wp\/v2\/users\/1"}],"replies":[{"embeddable":true,"href":"https:\/\/gdes.com\/innovation\/es\/wp-json\/wp\/v2\/comments?post=146"}],"version-history":[{"count":21,"href":"https:\/\/gdes.com\/innovation\/es\/wp-json\/wp\/v2\/pages\/146\/revisions"}],"predecessor-version":[{"id":1124,"href":"https:\/\/gdes.com\/innovation\/es\/wp-json\/wp\/v2\/pages\/146\/revisions\/1124"}],"up":[{"embeddable":true,"href":"https:\/\/gdes.com\/innovation\/es\/wp-json\/wp\/v2\/pages\/44"}],"wp:attachment":[{"href":"https:\/\/gdes.com\/innovation\/es\/wp-json\/wp\/v2\/media?parent=146"}],"curies":[{"name":"wp","href":"https:\/\/api.w.org\/{rel}","templated":true}]}}