{"id":123,"date":"2016-11-10T23:49:06","date_gmt":"2016-11-10T23:49:06","guid":{"rendered":"https:\/\/dgd.es\/t4s\/?page_id=123"},"modified":"2021-07-13T11:03:36","modified_gmt":"2021-07-13T10:03:36","slug":"inspec","status":"publish","type":"page","link":"https:\/\/gdes.com\/innovation\/es\/actividades\/inspec\/","title":{"rendered":"Inspecci\u00f3n y Visualizaci\u00f3n"},"content":{"rendered":"<p>Tecnolog\u00eda para inspecci\u00f3n en entornos hostiles.<\/p>\n<p>&nbsp;<\/p>\n<p>GDES T4S es el distribuidor en Espa\u00f1a de los productos de la compa\u00f1\u00eda Cyberia para inspecci\u00f3n en entornos hostiles, en presencia de radiaciones (centrales nucleares), temperaturas extremas (hasta 1.500 \u00baC) o alta presi\u00f3n (hasta 5.000 metros de profundidad).<\/p>\n<p>&nbsp;<\/p>\n<p>Esta tecnolog\u00eda puede ser utilizada de forma aislada o acoplada sobre robots m\u00f3viles que permitan el acceso a \u00e1reas restringidas para las personas, con el objetivo de:<\/p>\n<ul>\n<li>Inspeccionar el entorno (utilizando c\u00e1maras, focos y sensores de medida)<\/li>\n<li>Toma de datos y transmisi\u00f3n de la informaci\u00f3n en tiempo real (cable coaxial)<\/li>\n<li>Realizar actividades mediante accesorios y brazos articulados (movimiento de objetos, descontaminaci\u00f3n, toma de muestras, etc).<\/li>\n<\/ul>\n<p>&nbsp;<\/p>\n<p>M\u00e1s informaci\u00f3n sobre la Tecnolog\u00eda FME:<\/p>\n<p><a class=\"fasc-button fasc-size-medium fasc-type-flat fasc-ico-before dashicons-plus-alt\" style=\"background-color: #5ca2df; color: #ffffff;\" target=\"_blank\" href=\"http:\/\/www.cyberia-robotics.com\/fr\/votre-metier\/nucleaire\/camera-robot-industrie\/c-4-2.html\">Cyberia Robotics<\/a><\/p>","protected":false},"excerpt":{"rendered":"<p>Tecnolog\u00eda para inspecci\u00f3n en entornos hostiles. &nbsp; GDES T4S es el distribuidor en Espa\u00f1a de los productos de la compa\u00f1\u00eda Cyberia para inspecci\u00f3n en entornos hostiles, en presencia de radiaciones (centrales nucleares), temperaturas extremas (hasta 1.500 \u00baC) o alta presi\u00f3n (hasta 5.000 metros de profundidad). &nbsp; Esta tecnolog\u00eda puede ser utilizada de forma aislada o [&hellip;]<\/p>\n","protected":false},"author":1,"featured_media":284,"parent":44,"menu_order":0,"comment_status":"closed","ping_status":"closed","template":"Page-fullwidth.php","meta":{"footnotes":""},"class_list":["post-123","page","type-page","status-publish","has-post-thumbnail","hentry"],"aioseo_notices":[],"_links":{"self":[{"href":"https:\/\/gdes.com\/innovation\/es\/wp-json\/wp\/v2\/pages\/123","targetHints":{"allow":["GET"]}}],"collection":[{"href":"https:\/\/gdes.com\/innovation\/es\/wp-json\/wp\/v2\/pages"}],"about":[{"href":"https:\/\/gdes.com\/innovation\/es\/wp-json\/wp\/v2\/types\/page"}],"author":[{"embeddable":true,"href":"https:\/\/gdes.com\/innovation\/es\/wp-json\/wp\/v2\/users\/1"}],"replies":[{"embeddable":true,"href":"https:\/\/gdes.com\/innovation\/es\/wp-json\/wp\/v2\/comments?post=123"}],"version-history":[{"count":25,"href":"https:\/\/gdes.com\/innovation\/es\/wp-json\/wp\/v2\/pages\/123\/revisions"}],"predecessor-version":[{"id":1074,"href":"https:\/\/gdes.com\/innovation\/es\/wp-json\/wp\/v2\/pages\/123\/revisions\/1074"}],"up":[{"embeddable":true,"href":"https:\/\/gdes.com\/innovation\/es\/wp-json\/wp\/v2\/pages\/44"}],"wp:featuredmedia":[{"embeddable":true,"href":"https:\/\/gdes.com\/innovation\/es\/wp-json\/wp\/v2\/media\/284"}],"wp:attachment":[{"href":"https:\/\/gdes.com\/innovation\/es\/wp-json\/wp\/v2\/media?parent=123"}],"curies":[{"name":"wp","href":"https:\/\/api.w.org\/{rel}","templated":true}]}}