{"id":119,"date":"2016-11-10T23:36:16","date_gmt":"2016-11-10T23:36:16","guid":{"rendered":"https:\/\/dgd.es\/t4s\/?page_id=119"},"modified":"2021-07-13T11:04:23","modified_gmt":"2021-07-13T10:04:23","slug":"fmex","status":"publish","type":"page","link":"https:\/\/gdes.com\/innovation\/es\/actividades\/fmex\/","title":{"rendered":"Foreign Material Exclusion"},"content":{"rendered":"<p><\/p>\n<p style=\"text-align: justify;\">El objetivo de la pol\u00edtica <strong>Foreign Material Exclusion (FME)<\/strong> en la industria nuclear es impedir la entrada de materiales extra\u00f1os (piezas sueltas, tornillos, papeles, pl\u00e1sticos, suciedad, etc) en sistemas y equipos, ya que estos materiales pueden causar da\u00f1os graves a los equipos, indisponibilidades, da\u00f1os personales e impactar en la seguridad nuclear.<\/p>\n<p>&nbsp;<\/p>\n<p style=\"text-align: justify;\">Para ello, se identifican y clasifican \u00e1reas <strong>FME<\/strong>, se establecen buenas pr\u00e1cticas <strong>FME<\/strong> y se dota a las plantas de barreras y dispositivos <strong>FME<\/strong>, dotando a las Centrales de mayor seguridad y disponibilidad.<\/p>\n<p>&nbsp;<\/p>\n<p style=\"text-align: justify;\">En este sentido, <strong>GDES T4S<\/strong> est\u00e1 trabajando en dos iniciativas relacionadas con <strong>FME<\/strong>:<\/p>\n<ul>\n<li style=\"text-align: justify;\">Sistemas para el rescate de objetos del interior de las piscinas de contenci\u00f3n de las Centrales Nucleares.<\/li>\n<li style=\"text-align: justify;\">Desarrollo y construcci\u00f3n de un sistema de aspirado y filtrado para el an\u00e1lisis de debris en centrales nucleares.<\/li>\n<\/ul>\n<p>&nbsp;<\/p>\n<p>M\u00e1s informaci\u00f3n sobre esta tecnolog\u00eda:<\/p>\n<p><a class=\"fasc-button fasc-size-medium fasc-type-flat fasc-ico-before dashicons-plus-alt\" style=\"background-color: #5ca2df; color: #ffffff;\" target=\"_blank\" href=\"https:\/\/gdes.com\/innovation\/reshand\/\">RESHAND<\/a>&nbsp; &nbsp;<a class=\"fasc-button fasc-size-medium fasc-type-flat fasc-ico-before dashicons-plus-alt\" style=\"background-color: #5ca2df; color: #ffffff;\" target=\"_blank\" href=\"https:\/\/gdes.com\/innovation\/filtrabris\/\">FILTRABRIS<\/a><\/p>","protected":false},"excerpt":{"rendered":"<p>El objetivo de la pol\u00edtica Foreign Material Exclusion (FME) en la industria nuclear es impedir la entrada de materiales extra\u00f1os (piezas sueltas, tornillos, papeles, pl\u00e1sticos, suciedad, etc) en sistemas y equipos, ya que estos materiales pueden causar da\u00f1os graves a los equipos, indisponibilidades, da\u00f1os personales e impactar en la seguridad nuclear. &nbsp; Para ello, se [&hellip;]<\/p>\n","protected":false},"author":1,"featured_media":186,"parent":44,"menu_order":0,"comment_status":"closed","ping_status":"closed","template":"Page-fullwidth.php","meta":{"footnotes":""},"class_list":["post-119","page","type-page","status-publish","has-post-thumbnail","hentry"],"aioseo_notices":[],"_links":{"self":[{"href":"https:\/\/gdes.com\/innovation\/es\/wp-json\/wp\/v2\/pages\/119","targetHints":{"allow":["GET"]}}],"collection":[{"href":"https:\/\/gdes.com\/innovation\/es\/wp-json\/wp\/v2\/pages"}],"about":[{"href":"https:\/\/gdes.com\/innovation\/es\/wp-json\/wp\/v2\/types\/page"}],"author":[{"embeddable":true,"href":"https:\/\/gdes.com\/innovation\/es\/wp-json\/wp\/v2\/users\/1"}],"replies":[{"embeddable":true,"href":"https:\/\/gdes.com\/innovation\/es\/wp-json\/wp\/v2\/comments?post=119"}],"version-history":[{"count":26,"href":"https:\/\/gdes.com\/innovation\/es\/wp-json\/wp\/v2\/pages\/119\/revisions"}],"predecessor-version":[{"id":1075,"href":"https:\/\/gdes.com\/innovation\/es\/wp-json\/wp\/v2\/pages\/119\/revisions\/1075"}],"up":[{"embeddable":true,"href":"https:\/\/gdes.com\/innovation\/es\/wp-json\/wp\/v2\/pages\/44"}],"wp:featuredmedia":[{"embeddable":true,"href":"https:\/\/gdes.com\/innovation\/es\/wp-json\/wp\/v2\/media\/186"}],"wp:attachment":[{"href":"https:\/\/gdes.com\/innovation\/es\/wp-json\/wp\/v2\/media?parent=119"}],"curies":[{"name":"wp","href":"https:\/\/api.w.org\/{rel}","templated":true}]}}