{"id":84,"date":"2016-08-30T16:53:50","date_gmt":"2016-08-30T15:53:50","guid":{"rendered":"https:\/\/dgd.es\/?page_id=84"},"modified":"2025-01-07T10:26:42","modified_gmt":"2025-01-07T09:26:42","slug":"demantelement","status":"publish","type":"page","link":"https:\/\/gdes.com\/france\/fr\/operaciones\/demantelement\/","title":{"rendered":"D\u00e9mant\u00e8lement et D\u00e9chets"},"content":{"rendered":"<p><strong>GDES<\/strong>&nbsp;a une exp\u00e9rience significative dans le d\u00e9mant\u00e8lement et poss\u00e8de un REX de plus de 30 ans qui font de&nbsp;<strong>GDES<\/strong>&nbsp;une r\u00e9f\u00e9rence dans le domaine du d\u00e9mant\u00e8lement d\u2019installations radioactives et nucl\u00e9aires en&nbsp;<strong>Espagne<\/strong>,<strong> Su\u00e8de,&nbsp;Italie<\/strong>&nbsp;et&nbsp;<strong>Royaume-Uni.<\/strong><\/p>\n<p>&nbsp;<\/p>\n<p><strong>GDES<\/strong>&nbsp; compte sur une \u00e9quipe de professionnels hautement qualifi\u00e9s poss\u00e9dant une exp\u00e9rience couvrant toutes les \u00e9tapes&nbsp; et les processus li\u00e9s au d\u00e9mant\u00e8lement d\u2019une installation, de sa phase de planification jusqu\u2019\u00e0 la livraison du rapport final.&nbsp;<\/p>\n<p>&nbsp;<\/p>\n<hr>\n<h3><span lang=\"FR\">Domaines d\u2019activit\u00e9 <\/span>:<img decoding=\"async\" class=\"alignright size-full wp-image-2650\" src=\"https:\/\/gdes.com\/gdes-es\/wp-content\/uploads\/sites\/5\/2016\/08\/GDES-1.png\" alt=\"\" width=\"115\" height=\"39\"><\/h3>\n<table style=\"height: 183px; border-style: hidden; width: 1013px;\" width=\"1013\">\n<tbody>\n<tr>\n<td><strong>Etudes de faisabilit\u00e9, ing\u00e9nierie, gestion de projets, op\u00e9rations :<\/strong><\/td>\n<\/tr>\n<tr>\n<td><strong>\u2022 D\u00e9mant\u00e8lement d\u2019installation nucl\u00e9aire et de r\u00e9acteurs nucl\u00e9aires<\/strong><\/td>\n<\/tr>\n<tr>\n<td><strong>\u2022 D\u00e9contamination radioactive <\/strong><\/td>\n<\/tr>\n<tr>\n<td><strong>\u2022 Conditionnement et Gestion des d\u00e9chets radioactifs <\/strong><\/td>\n<\/tr>\n<tr>\n<td><strong>\u2022 Ing\u00e9nierie et d\u00e9veloppement de proc\u00e9d\u00e9s technologiques et gestion de projet<\/strong><\/td>\n<\/tr>\n<\/tbody>\n<\/table>\n<p>&nbsp;<\/p>\n<p><a class=\"fasc-button fasc-size-large fasc-type-flat ico-fa fasc-ico-before fa-file-o\" style=\"background-color: #5ca2df; color: #ffffff;\" target=\"_blank\" rel=\"nofollow noopener\" href=\"https:\/\/gdes.com\/gdes-es\/wp-content\/uploads\/sites\/5\/2016\/08\/GDES_D.D.Case_.studies.pdf\">Nos r\u00e9alisations en d\u00e9mant\u00e8lement<\/a><\/p>\n<p>&nbsp;<\/p>\n<p>&nbsp;<\/p>\n<h3><span lang=\"FR\">Exp\u00e9rience de GDES dans le domaine du d\u00e9mant\u00e8lement <strong>et gestion des d\u00e9chets<\/strong>:<\/span><\/h3>\n<p><img fetchpriority=\"high\" decoding=\"async\" class=\"alignleft wp-image-6547 size-full\" src=\"https:\/\/gdes.com\/france\/wp-content\/uploads\/sites\/9\/2025\/01\/Diapositiva1.jpg\" alt=\"\" width=\"1280\" height=\"720\" srcset=\"https:\/\/gdes.com\/france\/wp-content\/uploads\/sites\/9\/2025\/01\/Diapositiva1.jpg 1280w, https:\/\/gdes.com\/france\/wp-content\/uploads\/sites\/9\/2025\/01\/Diapositiva1-300x169.jpg 300w, https:\/\/gdes.com\/france\/wp-content\/uploads\/sites\/9\/2025\/01\/Diapositiva1-1024x576.jpg 1024w, https:\/\/gdes.com\/france\/wp-content\/uploads\/sites\/9\/2025\/01\/Diapositiva1-768x432.jpg 768w\" sizes=\"(max-width: 1280px) 100vw, 1280px\" \/><\/p>","protected":false},"excerpt":{"rendered":"<p>GDES&nbsp;a une exp\u00e9rience significative dans le d\u00e9mant\u00e8lement et poss\u00e8de un REX de plus de 30 ans qui font de&nbsp;GDES&nbsp;une r\u00e9f\u00e9rence dans le domaine du d\u00e9mant\u00e8lement d\u2019installations radioactives et nucl\u00e9aires en&nbsp;Espagne, Su\u00e8de,&nbsp;Italie&nbsp;et&nbsp;Royaume-Uni. &nbsp; GDES&nbsp; compte sur une \u00e9quipe de professionnels hautement qualifi\u00e9s poss\u00e9dant une exp\u00e9rience couvrant toutes les \u00e9tapes&nbsp; et les processus li\u00e9s au d\u00e9mant\u00e8lement d\u2019une [&hellip;]<\/p>\n","protected":false},"author":1,"featured_media":5313,"parent":2295,"menu_order":8,"comment_status":"closed","ping_status":"closed","template":"Page-fullwidth.php","meta":{"footnotes":""},"class_list":["post-84","page","type-page","status-publish","has-post-thumbnail","hentry"],"aioseo_notices":[],"_links":{"self":[{"href":"https:\/\/gdes.com\/france\/fr\/wp-json\/wp\/v2\/pages\/84","targetHints":{"allow":["GET"]}}],"collection":[{"href":"https:\/\/gdes.com\/france\/fr\/wp-json\/wp\/v2\/pages"}],"about":[{"href":"https:\/\/gdes.com\/france\/fr\/wp-json\/wp\/v2\/types\/page"}],"author":[{"embeddable":true,"href":"https:\/\/gdes.com\/france\/fr\/wp-json\/wp\/v2\/users\/1"}],"replies":[{"embeddable":true,"href":"https:\/\/gdes.com\/france\/fr\/wp-json\/wp\/v2\/comments?post=84"}],"version-history":[{"count":67,"href":"https:\/\/gdes.com\/france\/fr\/wp-json\/wp\/v2\/pages\/84\/revisions"}],"predecessor-version":[{"id":6548,"href":"https:\/\/gdes.com\/france\/fr\/wp-json\/wp\/v2\/pages\/84\/revisions\/6548"}],"up":[{"embeddable":true,"href":"https:\/\/gdes.com\/france\/fr\/wp-json\/wp\/v2\/pages\/2295"}],"wp:featuredmedia":[{"embeddable":true,"href":"https:\/\/gdes.com\/france\/fr\/wp-json\/wp\/v2\/media\/5313"}],"wp:attachment":[{"href":"https:\/\/gdes.com\/france\/fr\/wp-json\/wp\/v2\/media?parent=84"}],"curies":[{"name":"wp","href":"https:\/\/api.w.org\/{rel}","templated":true}]}}