{"id":74,"date":"2016-08-29T22:32:01","date_gmt":"2016-08-29T21:32:01","guid":{"rendered":"https:\/\/dgd.es\/?page_id=74"},"modified":"2021-07-13T09:23:30","modified_gmt":"2021-07-13T08:23:30","slug":"mantenimiento-nuclear","status":"publish","type":"page","link":"https:\/\/gdes.com\/france\/fr\/operaciones\/mantenimiento-nuclear\/","title":{"rendered":"Maintenance nucl\u00e9aire"},"content":{"rendered":"<p><strong>GDES<\/strong> offre des services de nettoyage industriel et de d\u00e9contamination radioactive, depuis sa cr\u00e9ation en 1977, son objectif \u00e9tant une manipulation des mat\u00e9riaux qui r\u00e9duise le risque de propagation, le co\u00fbt radiologique des op\u00e9rations avec les mat\u00e9riaux affect\u00e9s et le volume de d\u00e9chets radioactifs et qui permette le confinement de la contamination.&nbsp;<strong>GDES&nbsp;<\/strong>est notamment sp\u00e9cialis\u00e9e dans la maintenance et la d\u00e9contamination radioactive, activit\u00e9 qu\u2019elle d\u00e9veloppe actuellement en Espagne, en France, <span id=\"result_box\" class=\"short_text\" lang=\"fr\"><span class=\"\">Royaume-Uni<\/span><\/span> et au Mexique.<\/p>\n<p>&nbsp;<\/p>\n<p><strong>GDES<\/strong> avec son orientation au client, a le compromis de r\u00e9soudre toutes sortes de probl\u00e8mes vu qu\u2019elle dispose d\u2019une section de d\u00e9veloppement technologique (<strong>GDES Innovation)<\/strong>&nbsp;pour le d\u00e9veloppement de solutions sur mesure, et d\u2019un grand nombre de techniciens sp\u00e9cialis\u00e9 dont la formation est mise \u00e0 jour en permanence.<\/p>\n<hr>\n<h3><span lang=\"FR\">Domaines d&rsquo;activit\u00e9 de l&rsquo;unit\u00e9 de maintenance nucl\u00e9aire:<\/span><\/h3>\n<p>[rollover-tabs name=\u00a0\u00bbid\u00a0\u00bb border=\u00a0\u00bbtrue\u00a0\u00bb margin=\u00a0\u00bb60px\u00a0\u00bb left=\u00a0\u00bb1px\u00a0\u00bb right=\u00a0\u00bb1px\u00a0\u00bb font=\u00a0\u00bb16&Prime;][rollover-tab name=\u00a0\u00bbtab1&Prime; label=\u00a0\u00bbMaintenance et d\u00e9contamination&nbsp;&nbsp;\u00ab\u00a0]<img decoding=\"async\" class=\"alignright size-full wp-image-2650\" src=\"https:\/\/gdes.com\/gdes-es\/wp-content\/uploads\/sites\/5\/2016\/08\/GDES-1.png\" alt=\"\" width=\"115\" height=\"39\"><\/p>\n<p>&nbsp;<\/p>\n<table style=\"height: 275px;\" width=\"1136\">\n<tbody>\n<tr>\n<td><strong>&nbsp;\u2022&nbsp;D\u00e9contamination avec CO2<\/strong><\/td>\n<td><strong>&nbsp;\u2022&nbsp;D\u00e9contamination d\u2019huiles<\/strong><\/td>\n<\/tr>\n<tr>\n<td><strong>&nbsp;\u2022&nbsp;D\u00e9contamination de boulons avec un \u00e9quipement brevet\u00e9<\/strong><\/td>\n<td><strong>&nbsp;\u2022&nbsp;Filtration eau piscine, filtrage submersible et balayage de fonds<\/strong><\/td>\n<\/tr>\n<tr>\n<td><strong>&nbsp;\u2022&nbsp;D\u00e9contamination de logements de boulons avec un \u00e9quipement propre<\/strong><\/td>\n<td><strong>\u2022&nbsp;D\u00e9contamination de cavit\u00e9 du r\u00e9acteur et du canal de transfert&nbsp;<\/strong><\/td>\n<\/tr>\n<tr>\n<td><strong>&nbsp;\u2022&nbsp;Traitement d\u2019eau radioactive avec UF\/OI<\/strong><\/td>\n<td><strong>&nbsp;\u2022&nbsp;Nettoyage m\u00e9canique de condensateurs<\/strong><\/td>\n<\/tr>\n<tr>\n<td><strong>&nbsp;\u2022&nbsp;D\u00e9contamination de la bride du couvercle du r\u00e9acteur<\/strong><\/td>\n<td><strong>\u2022&nbsp;Soutien aux activit\u00e9s de recharge de combustible.D\u00e9contamination d\u2019\u00e9quipements sp\u00e9ciaux de recharge&nbsp;<\/strong><\/td>\n<\/tr>\n<tr>\n<td><strong>\u2022&nbsp;D\u00e9contamination avec bains chimiques<\/strong><\/td>\n<td><strong> \u2022 Filtre pr\u00e9-b\u00e9ton pour la filtration de l&rsquo;eau de piscine<\/strong><\/td>\n<\/tr>\n<tr>\n<td><strong>\u2022&nbsp;D\u00e9contamination par jet d\u2019eau et\/ou abrasifs<\/strong><\/td>\n<td><strong>&nbsp;\u2022&nbsp;D\u00e9contaminations associ\u00e9es aux arr\u00eats de charge de combustible<\/strong><\/td>\n<\/tr>\n<\/tbody>\n<\/table>\n<p>&nbsp;<\/p>\n<p>[\/rollover-tab][rollover-tab name=\u00a0\u00bbtab2&Prime; label=\u00a0\u00bbServices de Nettoyage \u00a0\u00bb font=\u00a0\u00bb12&Prime;]<img decoding=\"async\" class=\"alignright size-full wp-image-2650\" src=\"https:\/\/gdes.com\/gdes-es\/wp-content\/uploads\/sites\/5\/2016\/08\/GDES-1.png\" alt=\"\" width=\"115\" height=\"39\"><\/p>\n<p>&nbsp;<\/p>\n<p>&nbsp;<\/p>\n<p>*Services de nettoyage industriel et chimique<\/p>\n<table style=\"height: 183px;\" width=\"1013\">\n<tbody>\n<tr>\n<td><strong>&nbsp;\u2022&nbsp;Nettoyage avec de l&rsquo;eau \u00e0 haute pression et flushing de tuyaux<\/strong><\/td>\n<\/tr>\n<tr>\n<td><strong>&nbsp;\u2022&nbsp;Remplissage de syst\u00e8mes et tests hydrostatiques de pression<\/strong><\/td>\n<\/tr>\n<tr>\n<td><strong>&nbsp;\u2022&nbsp;S\u00e9chage de lignes \u00e0 l\u2019aide de d\u00e9shumidificateurs et contr\u00f4le de temp\u00e9rature\/humidit\u00e9.<\/strong><\/td>\n<\/tr>\n<tr>\n<td><strong>&nbsp;\u2022&nbsp;Nettoyage industriel m\u00e9canis\u00e9pr\u00e9-op\u00e9rationnel (en phase de construction et de mise en marche) et de maintenance (en fonctionnement)<\/strong><\/td>\n<\/tr>\n<tr>\n<td><strong>&nbsp;\u2022&nbsp;Nettoyage de fonds de r\u00e9servoirs<\/strong><strong>&nbsp;<\/strong><\/td>\n<\/tr>\n<tr>\n<td><strong>&nbsp;\u2022&nbsp;Traitement de boues : D\u00e9cantage, pressage et minimisation des boues<\/strong><\/td>\n<\/tr>\n<tr>\n<td><strong>&nbsp;\u2022&nbsp;Nettoyage cryog\u00e9nique<\/strong><\/td>\n<\/tr>\n<tr>\n<td><strong>&nbsp;\u2022&nbsp;Nettoyage chimique<\/strong><\/td>\n<\/tr>\n<\/tbody>\n<\/table>\n<p>&nbsp;<\/p>\n<p>[\/rollover-tab][rollover-tab name=\u00a0\u00bbtab3&Prime; label=\u00a0\u00bbGestion du cycle de vie\u00a0\u00bb font=\u00a0\u00bb12&Prime;]<img decoding=\"async\" class=\"alignright wp-image-2648 size-full\" src=\"https:\/\/gdes.com\/gdes-es\/wp-content\/uploads\/sites\/5\/2016\/08\/innomerics-1.png\" width=\"219\" height=\"39\"><\/p>\n<p>&nbsp;<\/p>\n<p><span id=\"result_box\" class=\"\" lang=\"en\"><span class=\"\">&lsquo;Gestion du cycle de vie&rsquo; services offerts par<strong> GDES<\/strong> \u00e0 travers la marque <strong>Innomerics<\/strong>*<\/span><\/span><\/p>\n<table style=\"height: 176px;\" width=\"989\">\n<tbody>\n<tr>\n<td><strong>&nbsp;\u2022 Analyse structurelle de syst\u00e8mes et de composants<\/strong><\/td>\n<\/tr>\n<tr>\n<td><strong>&nbsp;\u2022 \u00c9valuation des causes fondamentales des d\u00e9faillances<\/strong><\/td>\n<\/tr>\n<tr>\n<td><strong>&nbsp;\u2022 Validation thermo-hydraulique et fonctionnelle<\/strong><\/td>\n<\/tr>\n<tr>\n<td><strong>&nbsp;\u2022 Justification du maintien de l\u2019exploitation<\/strong><\/td>\n<\/tr>\n<tr>\n<td><strong>&nbsp;\u2022 Gestion, analyse et \u00e9valuation de la dur\u00e9e de vie r\u00e9siduelle des composants critiques<\/strong><\/td>\n<\/tr>\n<tr>\n<td><strong>&nbsp;\u2022 Services de qualification de composants commerciaux pour l\u2019usage en environnement nucl\u00e9aire ou hostile<\/strong><\/td>\n<\/tr>\n<tr>\n<td><strong>&nbsp;\u2022 Ing\u00e9nierie inverse des composants n\u2019\u00e9tant plus support\u00e9e par leurs fabricants d\u2019origine<\/strong><\/td>\n<\/tr>\n<\/tbody>\n<\/table>\n<p><span style=\"color: #ff0000;\"><a class=\"fasc-button fasc-size-large fasc-type-flat ico-fa fasc-ico-before fa-plus-circle\" style=\"background-color: #5ca2df; color: #ffffff;\" target=\"_blank\" rel=\"nofollow\" href=\"https:\/\/www.innomerics.com\/\">Plus d&rsquo;informations sur Innomerics<\/a>&nbsp;<\/span><\/p>\n<p>[\/rollover-tab][rollover-tab name=\u00a0\u00bbtab4&Prime; label=\u00a0\u00bbRadioprotection\u00a0\u00bb font=\u00a0\u00bb12&Prime;]<img decoding=\"async\" class=\"alignright size-full wp-image-2650\" src=\"https:\/\/gdes.com\/gdes-es\/wp-content\/uploads\/sites\/5\/2016\/08\/GDES-1.png\" alt=\"\" width=\"115\" height=\"39\"><\/p>\n<p>&nbsp;<\/p>\n<table style=\"height: 183px;\" width=\"1013\">\n<tbody>\n<tr>\n<td><strong> \u2022&nbsp;Radioprotection<\/strong><\/td>\n<\/tr>\n<tr>\n<td><strong>\u2022 Gestion des d\u00e9chets radioactifs<\/strong><\/td>\n<\/tr>\n<tr>\n<td><strong>\u2022 Soutien aux services de radioprotection dans les recharges<br \/>\n<\/strong><\/td>\n<\/tr>\n<tr>\n<td><strong>\u2022 Surveillance des installations radioactives<\/strong><\/td>\n<\/tr>\n<tr>\n<td><strong>\u2022 L\u00e9galisation des installations<\/strong><\/td>\n<\/tr>\n<tr>\n<td><strong>\u2022 V\u00e9rifications radiologiques et de l\u2019\u00e9tanch\u00e9it\u00e9 des sources radioactives scell\u00e9es<\/strong><\/td>\n<\/tr>\n<tr>\n<td><strong>\u2022 Services d\u2019urgence radiologique<\/strong><\/td>\n<\/tr>\n<\/tbody>\n<\/table>\n<p><span style=\"color: #ff0000;\">&nbsp;<\/span><\/p>\n<h3>&nbsp;<\/h3>\n<p>[\/rollover-tab][\/rollover-tabs]<\/p>\n<p>&nbsp;<\/p>\n<hr>\n<h4>&nbsp;<\/h4>\n<p><\/p>","protected":false},"excerpt":{"rendered":"<p>GDES offre des services de nettoyage industriel et de d\u00e9contamination radioactive, depuis sa cr\u00e9ation en 1977, son objectif \u00e9tant une manipulation des mat\u00e9riaux qui r\u00e9duise le risque de propagation, le co\u00fbt radiologique des op\u00e9rations avec les mat\u00e9riaux affect\u00e9s et le volume de d\u00e9chets radioactifs et qui permette le confinement de la contamination.&nbsp;GDES&nbsp;est notamment sp\u00e9cialis\u00e9e dans [&hellip;]<\/p>\n","protected":false},"author":1,"featured_media":0,"parent":2295,"menu_order":7,"comment_status":"closed","ping_status":"closed","template":"Page-fullwidth.php","meta":{"footnotes":""},"class_list":["post-74","page","type-page","status-publish","hentry"],"aioseo_notices":[],"_links":{"self":[{"href":"https:\/\/gdes.com\/france\/fr\/wp-json\/wp\/v2\/pages\/74","targetHints":{"allow":["GET"]}}],"collection":[{"href":"https:\/\/gdes.com\/france\/fr\/wp-json\/wp\/v2\/pages"}],"about":[{"href":"https:\/\/gdes.com\/france\/fr\/wp-json\/wp\/v2\/types\/page"}],"author":[{"embeddable":true,"href":"https:\/\/gdes.com\/france\/fr\/wp-json\/wp\/v2\/users\/1"}],"replies":[{"embeddable":true,"href":"https:\/\/gdes.com\/france\/fr\/wp-json\/wp\/v2\/comments?post=74"}],"version-history":[{"count":142,"href":"https:\/\/gdes.com\/france\/fr\/wp-json\/wp\/v2\/pages\/74\/revisions"}],"predecessor-version":[{"id":6116,"href":"https:\/\/gdes.com\/france\/fr\/wp-json\/wp\/v2\/pages\/74\/revisions\/6116"}],"up":[{"embeddable":true,"href":"https:\/\/gdes.com\/france\/fr\/wp-json\/wp\/v2\/pages\/2295"}],"wp:attachment":[{"href":"https:\/\/gdes.com\/france\/fr\/wp-json\/wp\/v2\/media?parent=74"}],"curies":[{"name":"wp","href":"https:\/\/api.w.org\/{rel}","templated":true}]}}