{"id":6434,"date":"2023-06-14T13:57:51","date_gmt":"2023-06-14T12:57:51","guid":{"rendered":"https:\/\/gdes.com\/france\/?page_id=6434"},"modified":"2025-01-14T09:56:07","modified_gmt":"2025-01-14T08:56:07","slug":"principaux-projets-en-industriels-en-france","status":"publish","type":"page","link":"https:\/\/gdes.com\/france\/fr\/principaux-projets-en-industriels-en-france\/","title":{"rendered":"Principaux projets en industriels en France"},"content":{"rendered":"<p><span style=\"font-size: medium;\"><strong>L&rsquo;entreprise GDES REVANTI contribue \u00e0 la valorisation des patrimoines publics et industriels, ainsi qu&rsquo;\u00e0 la p\u00e9rennisation de votre capital productif.<\/strong><\/span><\/p>\n<p>Gr\u00e2ce \u00e0 plus de 60 ann\u00e9es d\u2019exp\u00e9rience et des \u00e9quipes aux comp\u00e9tences reconnues, nous d\u00e9montrons chaque jour un engagement fort dans des r\u00e9alisations de qualit\u00e9. L&rsquo;esprit de constante am\u00e9lioration et la volont\u00e9 de d\u00e9veloppement nous ont permis de garantir des prestations durables dans trois domaines d\u2019activit\u00e9s diff\u00e9rents et compl\u00e9mentaires : <strong>peinture industrielle et d\u00e9samiantage.<\/strong><\/p>\n<p>&nbsp;<\/p>\n<p><img fetchpriority=\"high\" decoding=\"async\" class=\"aligncenter wp-image-6550 size-full\" title=\"Projets GDES en France\" src=\"https:\/\/gdes.com\/france\/wp-content\/uploads\/sites\/9\/2025\/01\/FranceMap-e1736844959260.png\" alt=\"\" width=\"1048\" height=\"817\" srcset=\"https:\/\/gdes.com\/france\/wp-content\/uploads\/sites\/9\/2025\/01\/FranceMap-e1736844959260.png 1048w, https:\/\/gdes.com\/france\/wp-content\/uploads\/sites\/9\/2025\/01\/FranceMap-e1736844959260-300x234.png 300w, https:\/\/gdes.com\/france\/wp-content\/uploads\/sites\/9\/2025\/01\/FranceMap-e1736844959260-1024x798.png 1024w, https:\/\/gdes.com\/france\/wp-content\/uploads\/sites\/9\/2025\/01\/FranceMap-e1736844959260-768x599.png 768w\" sizes=\"(max-width: 1048px) 100vw, 1048px\" \/><\/p>","protected":false},"excerpt":{"rendered":"<p>L&rsquo;entreprise GDES REVANTI contribue \u00e0 la valorisation des patrimoines publics et industriels, ainsi qu&rsquo;\u00e0 la p\u00e9rennisation de votre capital productif. Gr\u00e2ce \u00e0 plus de 60 ann\u00e9es d\u2019exp\u00e9rience et des \u00e9quipes aux comp\u00e9tences reconnues, nous d\u00e9montrons chaque jour un engagement fort dans des r\u00e9alisations de qualit\u00e9. L&rsquo;esprit de constante am\u00e9lioration et la volont\u00e9 de d\u00e9veloppement nous [&hellip;]<\/p>\n","protected":false},"author":3,"featured_media":0,"parent":0,"menu_order":0,"comment_status":"closed","ping_status":"closed","template":"Page-fullwidth.php","meta":{"footnotes":""},"class_list":["post-6434","page","type-page","status-publish","hentry"],"aioseo_notices":[],"_links":{"self":[{"href":"https:\/\/gdes.com\/france\/fr\/wp-json\/wp\/v2\/pages\/6434","targetHints":{"allow":["GET"]}}],"collection":[{"href":"https:\/\/gdes.com\/france\/fr\/wp-json\/wp\/v2\/pages"}],"about":[{"href":"https:\/\/gdes.com\/france\/fr\/wp-json\/wp\/v2\/types\/page"}],"author":[{"embeddable":true,"href":"https:\/\/gdes.com\/france\/fr\/wp-json\/wp\/v2\/users\/3"}],"replies":[{"embeddable":true,"href":"https:\/\/gdes.com\/france\/fr\/wp-json\/wp\/v2\/comments?post=6434"}],"version-history":[{"count":9,"href":"https:\/\/gdes.com\/france\/fr\/wp-json\/wp\/v2\/pages\/6434\/revisions"}],"predecessor-version":[{"id":6554,"href":"https:\/\/gdes.com\/france\/fr\/wp-json\/wp\/v2\/pages\/6434\/revisions\/6554"}],"wp:attachment":[{"href":"https:\/\/gdes.com\/france\/fr\/wp-json\/wp\/v2\/media?parent=6434"}],"curies":[{"name":"wp","href":"https:\/\/api.w.org\/{rel}","templated":true}]}}