{"id":6259,"date":"2023-01-19T15:52:28","date_gmt":"2023-01-19T14:52:28","guid":{"rendered":"https:\/\/gdes.com\/france\/?page_id=6259"},"modified":"2024-12-25T19:08:41","modified_gmt":"2024-12-25T18:08:41","slug":"traitement-des-surfaces-travaux-speciaux","status":"publish","type":"page","link":"https:\/\/gdes.com\/france\/fr\/operaciones\/tratamiento-de-superficies\/traitement-des-surfaces-travaux-speciaux\/","title":{"rendered":"Traitement des surfaces &#8211; T. Sp\u00e9ciaux"},"content":{"rendered":"<p><\/p>\n<h3><span class=\"TextRun SCXP229942927 BCX8\" lang=\"FR-FR\" xml:lang=\"FR-FR\" data-scheme-color=\"@FFFFFF,0,\" data-usefontface=\"false\" data-contrast=\"none\"><span class=\"NormalTextRun SCXP229942927 BCX8\">Une offre cl\u00e9 et compl\u00e8te pour l&rsquo;ex\u00e9cution de t<\/span><\/span>ravaux sp\u00e9ciaux :<\/h3>\n<h3>&nbsp;<\/h3>\n<table style=\"height: 183px; border-style: hidden; width: 1013px;\" width=\"1013\">\n<tbody>\n<tr style=\"height: 21px;\">\n<td style=\"width: 500px; height: 21px;\"><strong><strong>\u2022<\/strong><\/strong><b style=\"font-family: inherit; font-size: inherit;\">Renforcement structurel<\/b><\/td>\n<\/tr>\n<tr style=\"height: 21px;\">\n<td style=\"width: 500px; height: 21px;\"><strong>\u2022 Injection<\/strong><\/td>\n<\/tr>\n<tr style=\"height: 21px;\">\n<td style=\"width: 500px; height: 21px;\"><strong>\u2022 Fibre de verre<\/strong><\/td>\n<\/tr>\n<tr style=\"height: 21px;\">\n<td style=\"width: 500px; height: 21px;\"><strong>\u2022 Cuvelage<\/strong><\/td>\n<\/tr>\n<tr style=\"height: 21px;\">\n<td style=\"width: 500px; height: 21px;\"><strong>\u2022 Sols r\u00e9sines industriels<\/strong><\/td>\n<\/tr>\n<tr style=\"height: 23px;\">\n<td style=\"width: 500px; height: 22px;\"><strong>\u2022 Etanch\u00e9ite<\/strong><\/td>\n<\/tr>\n<tr style=\"height: 22px;\">\n<td style=\"width: 500px; height: 22px;\">&nbsp;<\/td>\n<\/tr>\n<\/tbody>\n<\/table>\n<p style=\"text-align: center;\"><a class=\"fasc-button fasc-size-large fasc-type-flat fasc-ico-before dashicons-admin-site\" style=\"background-color: #5ca2df; color: #ffffff;\" target=\"_blank\" rel=\"nofollow noopener\" href=\"https:\/\/www.gdesrevanti.fr\/slideshow\/home-page\/\">D\u00e9couvrez en d\u00e9tail tous les services offerts par notre entreprise GDES Revanti.<\/a><\/p>\n<h3>&nbsp;<\/h3>\n<h3 style=\"text-align: center;\"><strong>GDES Revanti <\/strong>,&nbsp;expert en rev\u00eatements techniques r\u00e9alise les travaux d&rsquo;\u00e9tanch\u00e9it\u00e9,<br \/>\nr\u00e9sines de sols et rev\u00eatements sp\u00e9ciaux pour vos b\u00e2timents ou sites industriels.<\/h3>\n<p><div id=\"attachment_6544\" style=\"width: 1930px\" class=\"wp-caption aligncenter\"><img fetchpriority=\"high\" decoding=\"async\" aria-describedby=\"caption-attachment-6544\" class=\"wp-image-6544 size-full\" src=\"https:\/\/gdes.com\/france\/wp-content\/uploads\/sites\/9\/2024\/12\/DIAPOSITIVASTRATAMIENTODESUPERFICIESGDES4-1.jpeg\" alt=\"\" width=\"1920\" height=\"1080\" srcset=\"https:\/\/gdes.com\/france\/wp-content\/uploads\/sites\/9\/2024\/12\/DIAPOSITIVASTRATAMIENTODESUPERFICIESGDES4-1.jpeg 1920w, https:\/\/gdes.com\/france\/wp-content\/uploads\/sites\/9\/2024\/12\/DIAPOSITIVASTRATAMIENTODESUPERFICIESGDES4-1-300x169.jpeg 300w, https:\/\/gdes.com\/france\/wp-content\/uploads\/sites\/9\/2024\/12\/DIAPOSITIVASTRATAMIENTODESUPERFICIESGDES4-1-1024x576.jpeg 1024w, https:\/\/gdes.com\/france\/wp-content\/uploads\/sites\/9\/2024\/12\/DIAPOSITIVASTRATAMIENTODESUPERFICIESGDES4-1-768x432.jpeg 768w, https:\/\/gdes.com\/france\/wp-content\/uploads\/sites\/9\/2024\/12\/DIAPOSITIVASTRATAMIENTODESUPERFICIESGDES4-1-1536x864.jpeg 1536w\" sizes=\"(max-width: 1920px) 100vw, 1920px\" \/><p id=\"caption-attachment-6544\" class=\"wp-caption-text\">xr:d:DAEoNJgWvts:175,j:45807580241,t:23012512<\/p><\/div><\/p>","protected":false},"excerpt":{"rendered":"<p>Une offre cl\u00e9 et compl\u00e8te pour l&rsquo;ex\u00e9cution de travaux sp\u00e9ciaux : &nbsp; \u2022Renforcement structurel \u2022 Injection \u2022 Fibre de verre \u2022 Cuvelage \u2022 Sols r\u00e9sines industriels \u2022 Etanch\u00e9ite &nbsp; D\u00e9couvrez en d\u00e9tail tous les services offerts par notre entreprise GDES Revanti. &nbsp; GDES Revanti ,&nbsp;expert en rev\u00eatements techniques r\u00e9alise les travaux d&rsquo;\u00e9tanch\u00e9it\u00e9, r\u00e9sines de sols [&hellip;]<\/p>\n","protected":false},"author":3,"featured_media":6308,"parent":137,"menu_order":40,"comment_status":"closed","ping_status":"closed","template":"Page-fullwidth.php","meta":{"footnotes":""},"class_list":["post-6259","page","type-page","status-publish","has-post-thumbnail","hentry"],"aioseo_notices":[],"_links":{"self":[{"href":"https:\/\/gdes.com\/france\/fr\/wp-json\/wp\/v2\/pages\/6259","targetHints":{"allow":["GET"]}}],"collection":[{"href":"https:\/\/gdes.com\/france\/fr\/wp-json\/wp\/v2\/pages"}],"about":[{"href":"https:\/\/gdes.com\/france\/fr\/wp-json\/wp\/v2\/types\/page"}],"author":[{"embeddable":true,"href":"https:\/\/gdes.com\/france\/fr\/wp-json\/wp\/v2\/users\/3"}],"replies":[{"embeddable":true,"href":"https:\/\/gdes.com\/france\/fr\/wp-json\/wp\/v2\/comments?post=6259"}],"version-history":[{"count":13,"href":"https:\/\/gdes.com\/france\/fr\/wp-json\/wp\/v2\/pages\/6259\/revisions"}],"predecessor-version":[{"id":6546,"href":"https:\/\/gdes.com\/france\/fr\/wp-json\/wp\/v2\/pages\/6259\/revisions\/6546"}],"up":[{"embeddable":true,"href":"https:\/\/gdes.com\/france\/fr\/wp-json\/wp\/v2\/pages\/137"}],"wp:featuredmedia":[{"embeddable":true,"href":"https:\/\/gdes.com\/france\/fr\/wp-json\/wp\/v2\/media\/6308"}],"wp:attachment":[{"href":"https:\/\/gdes.com\/france\/fr\/wp-json\/wp\/v2\/media?parent=6259"}],"curies":[{"name":"wp","href":"https:\/\/api.w.org\/{rel}","templated":true}]}}