{"id":6257,"date":"2023-01-19T15:49:23","date_gmt":"2023-01-19T14:49:23","guid":{"rendered":"https:\/\/gdes.com\/france\/?page_id=6257"},"modified":"2024-12-25T13:07:40","modified_gmt":"2024-12-25T12:07:40","slug":"traitement-des-surfaces-industrie","status":"publish","type":"page","link":"https:\/\/gdes.com\/france\/fr\/operaciones\/tratamiento-de-superficies\/traitement-des-surfaces-industrie\/","title":{"rendered":"Traitement des surfaces &#8211; Industrie"},"content":{"rendered":"<p><\/p>\n<h3>Services pour l&rsquo;industrie, secteur hydro\u00e9lectrique et ouvrages d&rsquo;art:<\/h3>\n<table style=\"height: 183px; border-style: hidden; width: 1013px;\" width=\"1013\">\n<tbody>\n<tr style=\"height: 21px;\">\n<td style=\"width: 500px; height: 21px;\"><strong>\u2022 D\u00e9capage<\/strong><\/td>\n<\/tr>\n<tr style=\"height: 21px;\">\n<td style=\"width: 500px; height: 21px;\"><strong>\u2022 Rev\u00eatement anticorrosion<\/strong><\/td>\n<\/tr>\n<tr style=\"height: 21px;\">\n<td style=\"width: 500px; height: 21px;\"><strong>\u2022 M\u00e9tallisation et peintures liquides<\/strong><\/td>\n<\/tr>\n<tr style=\"height: 21px;\">\n<td style=\"width: 500px; height: 21px;\"><strong>\u2022 Etanch\u00e9ite<\/strong><\/td>\n<\/tr>\n<tr style=\"height: 21px;\">\n<td style=\"width: 500px; height: 20px;\"><strong>\u2022 R\u00e9sines sp\u00e9ciales<\/strong><\/td>\n<\/tr>\n<tr style=\"height: 23px;\">\n<td style=\"width: 500px; height: 23px;\"><strong>\u2022 Solution robotisee pur les chantiers difficiles d&rsquo;acces<\/strong><\/td>\n<\/tr>\n<tr style=\"height: 22px;\">\n<td style=\"width: 500px; height: 22px;\"><strong>\u2022 Desamiantage et deplombage<\/strong><\/td>\n<\/tr>\n<\/tbody>\n<\/table>\n<p>&nbsp;<\/p>\n<p style=\"text-align: center;\"><a class=\"fasc-button fasc-size-large fasc-type-flat fasc-ico-before dashicons-admin-site\" style=\"background-color: #5ca2df; color: #ffffff;\" target=\"_blank\" rel=\"nofollow noopener\" href=\"https:\/\/www.gdesrevanti.fr\/\">D\u00e9couvrez en d\u00e9tail tous les services offerts par notre entreprise GDES Revanti.<\/a><\/p>\n<h3>&nbsp;<\/h3>\n<h3 style=\"text-align: center;\">L&rsquo;entreprise GDES REVANTI contribue \u00e0 la valorisation des patrimoines publics et industriels, ainsi qu&rsquo;\u00e0 la p\u00e9rennisation de votre capital productif.<\/h3>\n<p><\/p>","protected":false},"excerpt":{"rendered":"<p>Services pour l&rsquo;industrie, secteur hydro\u00e9lectrique et ouvrages d&rsquo;art: \u2022 D\u00e9capage \u2022 Rev\u00eatement anticorrosion \u2022 M\u00e9tallisation et peintures liquides \u2022 Etanch\u00e9ite \u2022 R\u00e9sines sp\u00e9ciales \u2022 Solution robotisee pur les chantiers difficiles d&rsquo;acces \u2022 Desamiantage et deplombage &nbsp; D\u00e9couvrez en d\u00e9tail tous les services offerts par notre entreprise GDES Revanti. &nbsp; L&rsquo;entreprise GDES REVANTI contribue \u00e0 la [&hellip;]<\/p>\n","protected":false},"author":3,"featured_media":6294,"parent":137,"menu_order":40,"comment_status":"closed","ping_status":"closed","template":"Page-fullwidth.php","meta":{"footnotes":""},"class_list":["post-6257","page","type-page","status-publish","has-post-thumbnail","hentry"],"aioseo_notices":[],"_links":{"self":[{"href":"https:\/\/gdes.com\/france\/fr\/wp-json\/wp\/v2\/pages\/6257","targetHints":{"allow":["GET"]}}],"collection":[{"href":"https:\/\/gdes.com\/france\/fr\/wp-json\/wp\/v2\/pages"}],"about":[{"href":"https:\/\/gdes.com\/france\/fr\/wp-json\/wp\/v2\/types\/page"}],"author":[{"embeddable":true,"href":"https:\/\/gdes.com\/france\/fr\/wp-json\/wp\/v2\/users\/3"}],"replies":[{"embeddable":true,"href":"https:\/\/gdes.com\/france\/fr\/wp-json\/wp\/v2\/comments?post=6257"}],"version-history":[{"count":14,"href":"https:\/\/gdes.com\/france\/fr\/wp-json\/wp\/v2\/pages\/6257\/revisions"}],"predecessor-version":[{"id":6533,"href":"https:\/\/gdes.com\/france\/fr\/wp-json\/wp\/v2\/pages\/6257\/revisions\/6533"}],"up":[{"embeddable":true,"href":"https:\/\/gdes.com\/france\/fr\/wp-json\/wp\/v2\/pages\/137"}],"wp:featuredmedia":[{"embeddable":true,"href":"https:\/\/gdes.com\/france\/fr\/wp-json\/wp\/v2\/media\/6294"}],"wp:attachment":[{"href":"https:\/\/gdes.com\/france\/fr\/wp-json\/wp\/v2\/media?parent=6257"}],"curies":[{"name":"wp","href":"https:\/\/api.w.org\/{rel}","templated":true}]}}