{"id":6256,"date":"2023-01-19T15:47:48","date_gmt":"2023-01-19T14:47:48","guid":{"rendered":"https:\/\/gdes.com\/france\/?page_id=6256"},"modified":"2023-01-25T14:42:45","modified_gmt":"2023-01-25T13:42:45","slug":"traitement-des-surfaces-nucleaire","status":"publish","type":"page","link":"https:\/\/gdes.com\/france\/fr\/operaciones\/tratamiento-de-superficies\/traitement-des-surfaces-nucleaire\/","title":{"rendered":"Traitement des surfaces &#8211; Nucl\u00e9aire"},"content":{"rendered":"<p>&nbsp;<\/p>\n<hr \/>\n<h3>Services et exp\u00e9rience au service de l&rsquo;\u00e9nergie nucl\u00e9aire :<\/h3>\n<h3><img decoding=\"async\" class=\"alignright wp-image-2651\" src=\"https:\/\/gdes.com\/gdes-es\/wp-content\/uploads\/sites\/5\/2016\/08\/GDESrevanti-1-copy.png\" width=\"195\" height=\"37\" \/><\/h3>\n<table style=\"height: 183px; border-style: hidden; width: 1013px;\" width=\"1013\">\n<tbody>\n<tr style=\"height: 21px;\">\n<td style=\"width: 500px; height: 21px;\"><strong>\u2022 Pr\u00e9paration des surfaces : sablage, grenaillages et eau \u00e0 haute pression<\/strong><\/td>\n<\/tr>\n<tr style=\"height: 21px;\">\n<td style=\"width: 500px; height: 21px;\"><strong>\u2022 Traitement des surfaces par Sponge-Jet<\/strong><\/td>\n<\/tr>\n<tr style=\"height: 21px;\">\n<td style=\"width: 500px; height: 21px;\"><strong>\u2022 Protection anticorrosive : Primaire, maintenance, peintures et rev\u00eatements<\/strong><\/td>\n<\/tr>\n<tr style=\"height: 21px;\">\n<td style=\"width: 500px; height: 21px;\"><strong>\u2022 Traitement b\u00e9ton : r\u00e9parations et renforts structurels<\/strong><\/td>\n<\/tr>\n<tr style=\"height: 21px;\">\n<td style=\"width: 500px; height: 21px;\"><strong>\u2022 Protections passives contre l\u2019incendie<\/strong><\/td>\n<\/tr>\n<tr style=\"height: 23px;\">\n<td style=\"width: 500px; height: 23px;\"><strong>\u2022 Application de pavements<\/strong><\/td>\n<\/tr>\n<tr style=\"height: 22px;\">\n<td style=\"width: 500px; height: 22px;\"><strong>\u2022\u00a0M\u00e9tallisation<\/strong><\/td>\n<\/tr>\n<\/tbody>\n<\/table>\n<p><\/p>","protected":false},"excerpt":{"rendered":"<p>&nbsp; Services et exp\u00e9rience au service de l&rsquo;\u00e9nergie nucl\u00e9aire : \u2022 Pr\u00e9paration des surfaces : sablage, grenaillages et eau \u00e0 haute pression \u2022 Traitement des surfaces par Sponge-Jet \u2022 Protection anticorrosive : Primaire, maintenance, peintures et rev\u00eatements \u2022 Traitement b\u00e9ton : r\u00e9parations et renforts structurels \u2022 Protections passives contre l\u2019incendie \u2022 Application de pavements \u2022\u00a0M\u00e9tallisation<\/p>\n","protected":false},"author":3,"featured_media":5314,"parent":137,"menu_order":40,"comment_status":"closed","ping_status":"closed","template":"Page-fullwidth.php","meta":{"footnotes":""},"class_list":["post-6256","page","type-page","status-publish","has-post-thumbnail","hentry"],"aioseo_notices":[],"_links":{"self":[{"href":"https:\/\/gdes.com\/france\/fr\/wp-json\/wp\/v2\/pages\/6256","targetHints":{"allow":["GET"]}}],"collection":[{"href":"https:\/\/gdes.com\/france\/fr\/wp-json\/wp\/v2\/pages"}],"about":[{"href":"https:\/\/gdes.com\/france\/fr\/wp-json\/wp\/v2\/types\/page"}],"author":[{"embeddable":true,"href":"https:\/\/gdes.com\/france\/fr\/wp-json\/wp\/v2\/users\/3"}],"replies":[{"embeddable":true,"href":"https:\/\/gdes.com\/france\/fr\/wp-json\/wp\/v2\/comments?post=6256"}],"version-history":[{"count":5,"href":"https:\/\/gdes.com\/france\/fr\/wp-json\/wp\/v2\/pages\/6256\/revisions"}],"predecessor-version":[{"id":6292,"href":"https:\/\/gdes.com\/france\/fr\/wp-json\/wp\/v2\/pages\/6256\/revisions\/6292"}],"up":[{"embeddable":true,"href":"https:\/\/gdes.com\/france\/fr\/wp-json\/wp\/v2\/pages\/137"}],"wp:featuredmedia":[{"embeddable":true,"href":"https:\/\/gdes.com\/france\/fr\/wp-json\/wp\/v2\/media\/5314"}],"wp:attachment":[{"href":"https:\/\/gdes.com\/france\/fr\/wp-json\/wp\/v2\/media?parent=6256"}],"curies":[{"name":"wp","href":"https:\/\/api.w.org\/{rel}","templated":true}]}}