{"id":6016,"date":"2020-07-13T07:55:30","date_gmt":"2020-07-13T06:55:30","guid":{"rendered":"https:\/\/gdes.com\/france\/?page_id=6016"},"modified":"2023-01-17T21:47:24","modified_gmt":"2023-01-17T20:47:24","slug":"iter-projet","status":"publish","type":"page","link":"https:\/\/gdes.com\/france\/fr\/iter-projet\/","title":{"rendered":"ITER"},"content":{"rendered":"<p><img fetchpriority=\"high\" decoding=\"async\" class=\"alignright wp-image-6019 \" src=\"https:\/\/gdes.com\/france\/wp-content\/uploads\/sites\/9\/2020\/07\/ITER-1.jpg\" alt=\"ITER PROJET - GDES GD Energy Services\" width=\"683\" height=\"428\" srcset=\"https:\/\/gdes.com\/france\/wp-content\/uploads\/sites\/9\/2020\/07\/ITER-1.jpg 900w, https:\/\/gdes.com\/france\/wp-content\/uploads\/sites\/9\/2020\/07\/ITER-1-300x188.jpg 300w, https:\/\/gdes.com\/france\/wp-content\/uploads\/sites\/9\/2020\/07\/ITER-1-768x481.jpg 768w\" sizes=\"(max-width: 683px) 100vw, 683px\" \/><\/p>\n<p><strong>GDES<\/strong> a obtenu le march\u00e9 <strong>d\u2019application des rev\u00eatements du b\u00e2timent principal du b\u00e2timent r\u00e9acteur TOKAMAK projet ITER<\/strong>, le plus grand projet de science et d&rsquo;ing\u00e9nierie au monde.<\/p>\n<p>&nbsp;<\/p>\n<p>GDES est charg\u00e9 d\u2019appliquer diff\u00e9rents types de rev\u00eatements combinant des travaux avec \u00e9chafaudages, moyens auxiliaires et des travaux verticaux sur une surface totale de 120 000 m2, tant dans le <strong>b\u00e2timent Tokamak que dans ses 2 b\u00e2timents annexes<\/strong>, tous deux utilis\u00e9s pour l&rsquo;obtention de plasma de deut\u00e9rium et de tritium.<\/p>\n<p>&nbsp;<\/p>\n<p>Parmi les diff\u00e9rents <strong>rev\u00eatements<\/strong> qui seront appliqu\u00e9s, distinguons principalement :<\/p>\n<ul>\n<li>Rev\u00eatements d\u00e9contaminables et non d\u00e9contaminables.<\/li>\n<li>Rev\u00eatements anti-carbonatation.<\/li>\n<li>Rev\u00eatements haute r\u00e9sistance chimique et trafic lourd.<\/li>\n<li>Rev\u00eatements haute r\u00e9sistance \u00e0 l\u2019irradiation.<\/li>\n<li>Rev\u00eatements avec des exigences suppl\u00e9mentaires en mati\u00e8re de conductivit\u00e9 \u00e9lectrostatique.<\/li>\n<li>Rev\u00eatements r\u00e9sistants aux huiles et \u00e9l\u00e9ments chimiques sp\u00e9cifiques.<\/li>\n<\/ul>\n<p>&nbsp;<\/p>\n<p><img decoding=\"async\" class=\"alignleft wp-image-6020 \" src=\"https:\/\/gdes.com\/france\/wp-content\/uploads\/sites\/9\/2020\/07\/ITER-2.jpg\" alt=\"ITER 2 projet gdes gd energy services\" width=\"628\" height=\"471\" srcset=\"https:\/\/gdes.com\/france\/wp-content\/uploads\/sites\/9\/2020\/07\/ITER-2.jpg 900w, https:\/\/gdes.com\/france\/wp-content\/uploads\/sites\/9\/2020\/07\/ITER-2-300x225.jpg 300w, https:\/\/gdes.com\/france\/wp-content\/uploads\/sites\/9\/2020\/07\/ITER-2-768x576.jpg 768w\" sizes=\"(max-width: 628px) 100vw, 628px\" \/><\/p>\n<p><img decoding=\"async\" class=\"alignleft wp-image-6021\" src=\"https:\/\/gdes.com\/france\/wp-content\/uploads\/sites\/9\/2020\/07\/ITER-3.jpg\" alt=\"Iter projet - gdes - gd energy services\" width=\"351\" height=\"468\" srcset=\"https:\/\/gdes.com\/france\/wp-content\/uploads\/sites\/9\/2020\/07\/ITER-3.jpg 900w, https:\/\/gdes.com\/france\/wp-content\/uploads\/sites\/9\/2020\/07\/ITER-3-225x300.jpg 225w, https:\/\/gdes.com\/france\/wp-content\/uploads\/sites\/9\/2020\/07\/ITER-3-768x1024.jpg 768w\" sizes=\"(max-width: 351px) 100vw, 351px\" \/><\/p>\n<p>&nbsp;<\/p>\n<p>&nbsp;<\/p>\n<p>&nbsp;<\/p>\n<p>&nbsp;<\/p>\n<p>&nbsp;<\/p>\n<p>&nbsp;<\/p>\n<p>&nbsp;<\/p>\n<p>&nbsp;<\/p>\n<p>&nbsp;<\/p>\n<p>&nbsp;<\/p>\n<p>&nbsp;<\/p>\n<p>&nbsp;<\/p>\n<p>&nbsp;<\/p>\n<p>&nbsp;<\/p>\n","protected":false},"excerpt":{"rendered":"<p>GDES a obtenu le march\u00e9 d\u2019application des rev\u00eatements du b\u00e2timent principal du b\u00e2timent r\u00e9acteur TOKAMAK projet ITER, le plus grand projet de science et d&rsquo;ing\u00e9nierie au monde. &nbsp; GDES est charg\u00e9 d\u2019appliquer diff\u00e9rents types de rev\u00eatements combinant des travaux avec \u00e9chafaudages, moyens auxiliaires et des travaux verticaux sur une surface totale de 120 000 m2, [&hellip;]<\/p>\n","protected":false},"author":3,"featured_media":0,"parent":0,"menu_order":9,"comment_status":"closed","ping_status":"closed","template":"Page-fullwidth.php","meta":{"footnotes":""},"class_list":["post-6016","page","type-page","status-publish","hentry"],"aioseo_notices":[],"_links":{"self":[{"href":"https:\/\/gdes.com\/france\/fr\/wp-json\/wp\/v2\/pages\/6016","targetHints":{"allow":["GET"]}}],"collection":[{"href":"https:\/\/gdes.com\/france\/fr\/wp-json\/wp\/v2\/pages"}],"about":[{"href":"https:\/\/gdes.com\/france\/fr\/wp-json\/wp\/v2\/types\/page"}],"author":[{"embeddable":true,"href":"https:\/\/gdes.com\/france\/fr\/wp-json\/wp\/v2\/users\/3"}],"replies":[{"embeddable":true,"href":"https:\/\/gdes.com\/france\/fr\/wp-json\/wp\/v2\/comments?post=6016"}],"version-history":[{"count":11,"href":"https:\/\/gdes.com\/france\/fr\/wp-json\/wp\/v2\/pages\/6016\/revisions"}],"predecessor-version":[{"id":6087,"href":"https:\/\/gdes.com\/france\/fr\/wp-json\/wp\/v2\/pages\/6016\/revisions\/6087"}],"wp:attachment":[{"href":"https:\/\/gdes.com\/france\/fr\/wp-json\/wp\/v2\/media?parent=6016"}],"curies":[{"name":"wp","href":"https:\/\/api.w.org\/{rel}","templated":true}]}}