{"id":57,"date":"2016-08-29T21:31:09","date_gmt":"2016-08-29T20:31:09","guid":{"rendered":"https:\/\/dgd.es\/?page_id=57"},"modified":"2024-04-12T13:08:33","modified_gmt":"2024-04-12T12:08:33","slug":"rd-projets","status":"publish","type":"page","link":"https:\/\/gdes.com\/france\/fr\/rd-projets\/","title":{"rendered":"Notre technologie et projets RD"},"content":{"rendered":"<p><\/p>\n<h4 style=\"text-align: left;\">Notre objectif<\/h4>\n<p style=\"text-align: left;\">Devenir une entreprise innovante de r\u00e9f\u00e9rence sur le march\u00e9 nucl\u00e9aire fran\u00e7ais, en d\u00e9veloppant des technologies pour soutenir le fonctionnement et la maintenance des centrales de production d\u2019\u00e9nergie, en contribuant \u00e0 l\u2019am\u00e9lioration de l\u2019efficience, la s\u00fbret\u00e9, la s\u00e9curit\u00e9 et la durabilit\u00e9.<\/p>\n<p>&nbsp;<\/p>\n<h4 style=\"text-align: left;\">Nos mots cl\u00e9s<\/h4>\n<p style=\"text-align: left;\">GDES est synonyme d\u2019entreprise <strong>innovante, agile, r\u00e9active<\/strong> et <strong>pragmatique<\/strong>,<strong> force de proposition<\/strong> avec des solutions d\u2019<strong>innovation appliqu\u00e9e<\/strong>.<\/p>\n<p>&nbsp;<br \/>\n&nbsp;<br \/>\n&nbsp;<\/p>\n<h2 style=\"text-align: left;\"><span style=\"color: #333333;\">Exemples de d\u00e9veloppements technologiques<\/span><\/h2>\n<hr>\n<div style=\"text-align: center;\"><\/div>\n<div>&nbsp;<\/div>\n<table class=\"aligncenter\" style=\"width: 100%; border-collapse: collapse;\" border=\"1\">\n<thead>\n<tr style=\"border-style: hidden;\">\n<td style=\"width: 50%; vertical-align: bottom; border-color: #ffffff; background-color: #ffffff; border-style: hidden; text-align: center; height: 10px;\" scope=\"col\">\n<h4>&nbsp;<\/h4>\n<h4><span style=\"color: #333333;\">Traitement de Surfaces<\/span><\/h4>\n<\/td>\n<td style=\"width: 50%; vertical-align: bottom; border-style: hidden; border-color: #ffffff; background-color: #ffffff; text-align: center; height: 10px;\" scope=\"col\">\n<h4><span style=\"color: #333333;\">Op\u00e9ration et Maintenance<\/span><\/h4>\n<\/td>\n<\/tr>\n<tr style=\"border-style: hidden;\">\n<td style=\"width: 50%; border-style: hidden; height: 176px; text-align: left; vertical-align: top;\">\n<ul>\n<li>D\u00e9veloppement de nouvelles applications de rev\u00eatements et peintures sp\u00e9ciales dans des travaux complexes.<\/li>\n<li>Nouvelles techniques de r\u00e9paration (restauration \u00e9tanch\u00e9it\u00e9, renforcement, bouchage fissures, anticorrosion\u2026)<\/li>\n<li>Techniques&nbsp; d\u00e9contamination amiante, plomb\u2026<\/li>\n<\/ul>\n<\/td>\n<td style=\"width: 50%; text-align: left; vertical-align: top; height: 176px;\">\n<ul>\n<li>D\u00e9veloppement de nouveaux outillages, proc\u00e9d\u00e9s d\u2019intervention et d\u2019outils num\u00e9riques pour la d\u00e9contamination et la gestion des d\u00e9chets.<\/li>\n<li>Conception, fabrication et mise en service de syst\u00e8mes de support \u00e0 la maintenance et aux situations d\u2019urgence.<\/li>\n<li>Robotique appliqu\u00e9e \u00e0 l\u2019automatisation de processus pour la r\u00e9duction de la dosim\u00e9trie et l\u2019optimisation des op\u00e9rations de maintenance.<\/li>\n<\/ul>\n<\/td>\n<\/tr>\n<tr style=\"height: 249px;\">\n<td style=\"width: 50%; vertical-align: middle; text-align: left; border-style: hidden; height: 249px;\" colspan=\"2\"><img fetchpriority=\"high\" decoding=\"async\" class=\"wp-image-5724 size-full aligncenter\" src=\"https:\/\/gdes.com\/france\/wp-content\/uploads\/sites\/9\/2019\/06\/Innovation-Tech.jpg\" alt=\"\" width=\"1000\" height=\"249\" srcset=\"https:\/\/gdes.com\/france\/wp-content\/uploads\/sites\/9\/2019\/06\/Innovation-Tech.jpg 1000w, https:\/\/gdes.com\/france\/wp-content\/uploads\/sites\/9\/2019\/06\/Innovation-Tech-300x75.jpg 300w, https:\/\/gdes.com\/france\/wp-content\/uploads\/sites\/9\/2019\/06\/Innovation-Tech-768x191.jpg 768w\" sizes=\"(max-width: 1000px) 100vw, 1000px\" \/><\/td>\n<\/tr>\n<\/thead>\n<\/table>\n<p style=\"text-align: center;\">&nbsp;<\/p>\n<p style=\"text-align: center;\">&nbsp; &nbsp; &nbsp; &nbsp; &nbsp;<a class=\"fasc-button fasc-size-large fasc-type-flat ico-fa fasc-ico-before fa-cloud-download\" style=\"background-color: #5ca2df; color: #ffffff;\" target=\"_blank\" rel=\"nofollow noopener\" href=\"https:\/\/gdes.com\/corporate\/wp-content\/uploads\/sites\/5\/2024\/04\/GD-Innovation-Policy-Jan24-1.pdf\">Notre politique d&rsquo;innovation<\/a>&nbsp;<\/p>\n<p>&nbsp;<\/p>","protected":false},"excerpt":{"rendered":"<p>Notre objectif Devenir une entreprise innovante de r\u00e9f\u00e9rence sur le march\u00e9 nucl\u00e9aire fran\u00e7ais, en d\u00e9veloppant des technologies pour soutenir le fonctionnement et la maintenance des centrales de production d\u2019\u00e9nergie, en contribuant \u00e0 l\u2019am\u00e9lioration de l\u2019efficience, la s\u00fbret\u00e9, la s\u00e9curit\u00e9 et la durabilit\u00e9. &nbsp; Nos mots cl\u00e9s GDES est synonyme d\u2019entreprise innovante, agile, r\u00e9active et pragmatique, [&hellip;]<\/p>\n","protected":false},"author":1,"featured_media":0,"parent":0,"menu_order":7,"comment_status":"closed","ping_status":"closed","template":"Page-fullwidth.php","meta":{"footnotes":""},"class_list":["post-57","page","type-page","status-publish","hentry"],"aioseo_notices":[],"_links":{"self":[{"href":"https:\/\/gdes.com\/france\/fr\/wp-json\/wp\/v2\/pages\/57","targetHints":{"allow":["GET"]}}],"collection":[{"href":"https:\/\/gdes.com\/france\/fr\/wp-json\/wp\/v2\/pages"}],"about":[{"href":"https:\/\/gdes.com\/france\/fr\/wp-json\/wp\/v2\/types\/page"}],"author":[{"embeddable":true,"href":"https:\/\/gdes.com\/france\/fr\/wp-json\/wp\/v2\/users\/1"}],"replies":[{"embeddable":true,"href":"https:\/\/gdes.com\/france\/fr\/wp-json\/wp\/v2\/comments?post=57"}],"version-history":[{"count":123,"href":"https:\/\/gdes.com\/france\/fr\/wp-json\/wp\/v2\/pages\/57\/revisions"}],"predecessor-version":[{"id":6462,"href":"https:\/\/gdes.com\/france\/fr\/wp-json\/wp\/v2\/pages\/57\/revisions\/6462"}],"wp:attachment":[{"href":"https:\/\/gdes.com\/france\/fr\/wp-json\/wp\/v2\/media?parent=57"}],"curies":[{"name":"wp","href":"https:\/\/api.w.org\/{rel}","templated":true}]}}