{"id":5497,"date":"2019-05-29T12:13:50","date_gmt":"2019-05-29T11:13:50","guid":{"rendered":"https:\/\/gdes.com\/france\/?page_id=5497"},"modified":"2023-06-14T13:55:44","modified_gmt":"2023-06-14T12:55:44","slug":"projets-2-2","status":"publish","type":"page","link":"https:\/\/gdes.com\/france\/fr\/projets-2-2\/","title":{"rendered":"Principaux projets en nucl\u00e9aires en France"},"content":{"rendered":"<p>GDES France se concentre actuellement sur les services aux r\u00e9acteurs, tels le traitement de surfaces et rev\u00eatements sp\u00e9ciaux, les nettoyages chimiques, mais aussi le d\u00e9mant\u00e8lement et d\u00b4autres projets technologiques pour l\u00b4industrie nucl\u00e9aire.<\/p>\n<p>&nbsp;<\/p>\n<p><img fetchpriority=\"high\" decoding=\"async\" class=\"aligncenter wp-image-6177 size-full\" title=\"Projets GDES en France\" src=\"https:\/\/gdes.com\/france\/wp-content\/uploads\/sites\/9\/2022\/06\/MAPA-PAG-20-web-e1654679392355.jpg\" alt=\"\" width=\"1030\" height=\"775\" \/><\/p>","protected":false},"excerpt":{"rendered":"<p>GDES France se concentre actuellement sur les services aux r\u00e9acteurs, tels le traitement de surfaces et rev\u00eatements sp\u00e9ciaux, les nettoyages chimiques, mais aussi le d\u00e9mant\u00e8lement et d\u00b4autres projets technologiques pour l\u00b4industrie nucl\u00e9aire. &nbsp;<\/p>\n","protected":false},"author":3,"featured_media":0,"parent":0,"menu_order":0,"comment_status":"closed","ping_status":"closed","template":"Page-fullwidth.php","meta":{"footnotes":""},"class_list":["post-5497","page","type-page","status-publish","hentry"],"aioseo_notices":[],"_links":{"self":[{"href":"https:\/\/gdes.com\/france\/fr\/wp-json\/wp\/v2\/pages\/5497","targetHints":{"allow":["GET"]}}],"collection":[{"href":"https:\/\/gdes.com\/france\/fr\/wp-json\/wp\/v2\/pages"}],"about":[{"href":"https:\/\/gdes.com\/france\/fr\/wp-json\/wp\/v2\/types\/page"}],"author":[{"embeddable":true,"href":"https:\/\/gdes.com\/france\/fr\/wp-json\/wp\/v2\/users\/3"}],"replies":[{"embeddable":true,"href":"https:\/\/gdes.com\/france\/fr\/wp-json\/wp\/v2\/comments?post=5497"}],"version-history":[{"count":24,"href":"https:\/\/gdes.com\/france\/fr\/wp-json\/wp\/v2\/pages\/5497\/revisions"}],"predecessor-version":[{"id":6433,"href":"https:\/\/gdes.com\/france\/fr\/wp-json\/wp\/v2\/pages\/5497\/revisions\/6433"}],"wp:attachment":[{"href":"https:\/\/gdes.com\/france\/fr\/wp-json\/wp\/v2\/media?parent=5497"}],"curies":[{"name":"wp","href":"https:\/\/api.w.org\/{rel}","templated":true}]}}