{"id":5102,"date":"2019-05-14T15:12:40","date_gmt":"2019-05-14T14:12:40","guid":{"rendered":"https:\/\/gdes.com\/france\/?page_id=5102"},"modified":"2023-01-17T21:51:00","modified_gmt":"2023-01-17T20:51:00","slug":"anticorrosion-3","status":"publish","type":"page","link":"https:\/\/gdes.com\/france\/fr\/anticorrosion-3\/","title":{"rendered":"ANTICORROSION"},"content":{"rendered":"<h5><strong>A<\/strong><strong>ntennes \u2013 Travaux en hauteur &#8211; Divers<\/strong><\/h5>\n<p><b>Principaux travaux :\u00a0<\/b><\/p>\n<ul>\n<li><b>Antennes &amp;<\/b><b> Travaux en hauteur :<img fetchpriority=\"high\" decoding=\"async\" class=\"alignright wp-image-5085\" src=\"https:\/\/gdes.com\/france\/wp-content\/uploads\/sites\/9\/2019\/05\/antenesg.jpg\" alt=\"\" width=\"500\" height=\"407\" srcset=\"https:\/\/gdes.com\/france\/wp-content\/uploads\/sites\/9\/2019\/05\/antenesg.jpg 952w, https:\/\/gdes.com\/france\/wp-content\/uploads\/sites\/9\/2019\/05\/antenesg-300x244.jpg 300w, https:\/\/gdes.com\/france\/wp-content\/uploads\/sites\/9\/2019\/05\/antenesg-768x625.jpg 768w\" sizes=\"(max-width: 500px) 100vw, 500px\" \/><\/b>\n<ul>\n<li>Antennes : M\u00e9tropole et DOM TOM : 2600 m2\n<ul>\n<li>France TELECOM<\/li>\n<li>Minist\u00e8re de la D\u00e9fense<\/li>\n<li>Alcatel<\/li>\n<\/ul>\n<\/li>\n<li>Ville de Lyon (69) :<\/li>\n<li style=\"list-style-type: none;\">\n<ul>\n<li>Piscine du Rh\u00f4ne : Lavage + Peinture : 6000 m2<\/li>\n<\/ul>\n<\/li>\n<\/ul>\n<\/li>\n<li><b>Divers :<\/b>\n<ul>\n<li>Piscine du Rh\u00f4ne Lyon (69) : d\u00e9plombage + peinture : 3200 m2<\/li>\n<li>APRR : Auvent de p\u00e9ages : 2000 m2<\/li>\n<li>APRR : 6 unit\u00e9s (d\u00e9plombage + peinture) : 700 m2<\/li>\n<li>Saint Andr\u00e9 de Bage (A406) : Palplanches m\u00e9tallis\u00e9es : 600 m2<\/li>\n<li>R\u00e9servoir d\u2019eau de BUCHELAY (78) : 1500 m<\/li>\n<\/ul>\n<\/li>\n<\/ul>\n","protected":false},"excerpt":{"rendered":"<p>Antennes \u2013 Travaux en hauteur &#8211; Divers Principaux travaux :\u00a0 Antennes &amp; Travaux en hauteur : Antennes : M\u00e9tropole et DOM TOM : 2600 m2 France TELECOM Minist\u00e8re de la D\u00e9fense Alcatel Ville de Lyon (69) : Piscine du Rh\u00f4ne : Lavage + Peinture : 6000 m2 Divers : Piscine du Rh\u00f4ne Lyon (69) : [&hellip;]<\/p>\n","protected":false},"author":3,"featured_media":0,"parent":0,"menu_order":19,"comment_status":"closed","ping_status":"closed","template":"Page-fullwidth.php","meta":{"footnotes":""},"class_list":["post-5102","page","type-page","status-publish","hentry"],"aioseo_notices":[],"_links":{"self":[{"href":"https:\/\/gdes.com\/france\/fr\/wp-json\/wp\/v2\/pages\/5102","targetHints":{"allow":["GET"]}}],"collection":[{"href":"https:\/\/gdes.com\/france\/fr\/wp-json\/wp\/v2\/pages"}],"about":[{"href":"https:\/\/gdes.com\/france\/fr\/wp-json\/wp\/v2\/types\/page"}],"author":[{"embeddable":true,"href":"https:\/\/gdes.com\/france\/fr\/wp-json\/wp\/v2\/users\/3"}],"replies":[{"embeddable":true,"href":"https:\/\/gdes.com\/france\/fr\/wp-json\/wp\/v2\/comments?post=5102"}],"version-history":[{"count":9,"href":"https:\/\/gdes.com\/france\/fr\/wp-json\/wp\/v2\/pages\/5102\/revisions"}],"predecessor-version":[{"id":5530,"href":"https:\/\/gdes.com\/france\/fr\/wp-json\/wp\/v2\/pages\/5102\/revisions\/5530"}],"wp:attachment":[{"href":"https:\/\/gdes.com\/france\/fr\/wp-json\/wp\/v2\/media?parent=5102"}],"curies":[{"name":"wp","href":"https:\/\/api.w.org\/{rel}","templated":true}]}}