{"id":5084,"date":"2019-05-14T15:02:09","date_gmt":"2019-05-14T14:02:09","guid":{"rendered":"https:\/\/gdes.com\/france\/?page_id=5084"},"modified":"2023-01-17T21:50:48","modified_gmt":"2023-01-17T20:50:48","slug":"anticorrosion-2","status":"publish","type":"page","link":"https:\/\/gdes.com\/france\/fr\/anticorrosion-2\/","title":{"rendered":"ANTICORROSION"},"content":{"rendered":"<h5><strong>Ouvrages d&rsquo;art<\/strong><\/h5>\n<p><b>Principaux travaux:<\/b><\/p>\n<ul>\n<li>Ponts et Viaducs :<img fetchpriority=\"high\" decoding=\"async\" class=\"alignright wp-image-5086\" src=\"https:\/\/gdes.com\/france\/wp-content\/uploads\/sites\/9\/2019\/05\/artsg.jpg\" alt=\"\" width=\"500\" height=\"437\" srcset=\"https:\/\/gdes.com\/france\/wp-content\/uploads\/sites\/9\/2019\/05\/artsg.jpg 887w, https:\/\/gdes.com\/france\/wp-content\/uploads\/sites\/9\/2019\/05\/artsg-300x262.jpg 300w, https:\/\/gdes.com\/france\/wp-content\/uploads\/sites\/9\/2019\/05\/artsg-768x671.jpg 768w\" sizes=\"(max-width: 500px) 100vw, 500px\" \/>\n<ul>\n<li>Viaduc de l\u2019ALAGNONETTE (15) : 700 m2<\/li>\n<li>Port de THONON (74) : Pontons et Passerelles : 1200 m2<\/li>\n<li>Pont St Paul Les 3trois Ch\u00e2teaux (26) : 5000 m2<\/li>\n<li>Pont RFF La Talaudi\u00e8re<\/li>\n<li>Pont SNCF de l\u2019Aquebuse \u00e0 DIJON (21)<\/li>\n<li>Freyssinet : Ouvrage d\u2019art b\u00e9ton (69) : 700 m2<\/li>\n<li>Viaduc du BARDONNEX : Etanch\u00e9it\u00e9 PU \u00e0 chaud + Etanch\u00e9it\u00e9 corniche + Garde-corps : 700 m2 + 1500 m2 + 1100 m2<\/li>\n<li>APRR : Ponts Autoroutiers AVALLON : 1400 m2<\/li>\n<\/ul>\n<\/li>\n<\/ul>\n<ul>\n<li>CNPS : Centre National des Ponts de Secours\n<ul>\n<li>26 : 4 ponts : 1000 m2<\/li>\n<li>77 : 5 + 9 caissons flottants : 2000 m2 + 3000 m2<\/li>\n<li>77 : 6 unit\u00e9s (d\u00e9plombage + peinture) : 700 m2<\/li>\n<\/ul>\n<\/li>\n<\/ul>\n<p>&nbsp;<\/p>\n","protected":false},"excerpt":{"rendered":"<p>Ouvrages d&rsquo;art Principaux travaux: Ponts et Viaducs : Viaduc de l\u2019ALAGNONETTE (15) : 700 m2 Port de THONON (74) : Pontons et Passerelles : 1200 m2 Pont St Paul Les 3trois Ch\u00e2teaux (26) : 5000 m2 Pont RFF La Talaudi\u00e8re Pont SNCF de l\u2019Aquebuse \u00e0 DIJON (21) Freyssinet : Ouvrage d\u2019art b\u00e9ton (69) : 700 [&hellip;]<\/p>\n","protected":false},"author":3,"featured_media":0,"parent":0,"menu_order":18,"comment_status":"closed","ping_status":"closed","template":"Page-fullwidth.php","meta":{"footnotes":""},"class_list":["post-5084","page","type-page","status-publish","hentry"],"aioseo_notices":[],"_links":{"self":[{"href":"https:\/\/gdes.com\/france\/fr\/wp-json\/wp\/v2\/pages\/5084","targetHints":{"allow":["GET"]}}],"collection":[{"href":"https:\/\/gdes.com\/france\/fr\/wp-json\/wp\/v2\/pages"}],"about":[{"href":"https:\/\/gdes.com\/france\/fr\/wp-json\/wp\/v2\/types\/page"}],"author":[{"embeddable":true,"href":"https:\/\/gdes.com\/france\/fr\/wp-json\/wp\/v2\/users\/3"}],"replies":[{"embeddable":true,"href":"https:\/\/gdes.com\/france\/fr\/wp-json\/wp\/v2\/comments?post=5084"}],"version-history":[{"count":11,"href":"https:\/\/gdes.com\/france\/fr\/wp-json\/wp\/v2\/pages\/5084\/revisions"}],"predecessor-version":[{"id":5525,"href":"https:\/\/gdes.com\/france\/fr\/wp-json\/wp\/v2\/pages\/5084\/revisions\/5525"}],"wp:attachment":[{"href":"https:\/\/gdes.com\/france\/fr\/wp-json\/wp\/v2\/media?parent=5084"}],"curies":[{"name":"wp","href":"https:\/\/api.w.org\/{rel}","templated":true}]}}